
{"id":3874,"date":"2022-01-28T09:58:50","date_gmt":"2022-01-28T09:58:50","guid":{"rendered":"https:\/\/www.pigmea.es\/?page_id=3874"},"modified":"2022-01-28T09:59:59","modified_gmt":"2022-01-28T09:59:59","slug":"politica-de-privacidade","status":"publish","type":"page","link":"https:\/\/www.pigmea.es\/pt-pt\/politica-de-privacidade\/","title":{"rendered":"Pol\u00edtica de privacidade"},"content":{"rendered":"<p>Para efeitos do disposto na normativa vigente em mat\u00e9ria de prote\u00e7\u00e3o de dados pessoais, atrav\u00e9s da presente Pol\u00edtica de Privacidade, a PIGMEA, S.L. (&#8220;PIGMEA&#8221;) informa os usu\u00e1rios (o &#8220;Usu\u00e1rio&#8221; ou &#8220;Usu\u00e1rios&#8221;) do site www.pigmea.es, do qual \u00e9 propriet\u00e1rio e respons\u00e1vel (o &#8220;Web&#8221;), sobre sua pol\u00edtica de prote\u00e7\u00e3o de dados pessoais.<\/p>\n<p>Desta forma, os Usu\u00e1rios podem determinar livre e voluntariamente se desejam fornecer \u00e0 PIGMEA os dados pessoais que possam ser solicitados ou que possam ser obtidos sobre eles ao acessar e usar a Web, bem como os servi\u00e7os oferecidos pela Pygmy.<\/p>\n<p>&nbsp;<\/p>\n<h4>Quem \u00e9 respons\u00e1vel pelo tratamento dos seus dados pessoais?<\/h4>\n<p>Controlador de dados: PIGMEA, S.L.<\/p>\n<p>Endere\u00e7o: Pol. Ind. El Chaparral s\/n, 23692 Santa Ana, Alcal\u00e1 la Real (Ja\u00e9n), Espanha.<\/p>\n<p>E-mail: rgpd@grupodisenosnt.com<\/p>\n<p>&nbsp;<\/p>\n<h4>Com que finalidade tratamos os seus dados?<\/h4>\n<p>Dependendo de onde voc\u00ea nos fornecer seus dados, n\u00f3s os trataremos para as seguintes finalidades:<\/p>\n<p>1 \u2013 Responda suas d\u00favidas<br \/>\nSe voc\u00ea tiver alguma d\u00favida, processaremos seus dados para gerenciar suas d\u00favidas ou sugest\u00f5es.<\/p>\n<p>2 \u2013 Envio de informa\u00e7\u00e3o comercial e newsletter<br \/>\nPara lhe enviar comunica\u00e7\u00f5es comerciais personalizadas de acordo com as suas prefer\u00eancias e mant\u00ea-lo atualizado sobre os nossos produtos, iniciativas e servi\u00e7os, por meios eletr\u00f3nicos ou n\u00e3o eletr\u00f3nicos.<\/p>\n<p>Voc\u00ea pode cancelar a inscri\u00e7\u00e3o a qualquer momento enviando um e-mail para rgpd@grupodisenosnt.com.<\/p>\n<p>&nbsp;<\/p>\n<h4>Qual \u00e9 a legitimidade legal para o tratamento dos seus dados?<\/h4>\n<p>As bases leg\u00edtimas para o tratamento dos seus dados pessoais s\u00e3o:<\/p>\n<p>O interesse leg\u00edtimo da PIGMEA em gerir a sua consulta em rela\u00e7\u00e3o a ela ou ao pedido de or\u00e7amento (1).<br \/>\nConsentimento Solicitaremos o seu consentimento para enviar comunica\u00e7\u00f5es comerciais (2). Voc\u00ea pode retirar seu consentimento a qualquer momento. No caso de e-mails de marketing direto e\/ou newsletters, voc\u00ea pode retirar seu consentimento clicando no link \u201ccancelar inscri\u00e7\u00e3o\u201d.<br \/>\nCumprimento de obriga\u00e7\u00f5es legais, de natureza fiscal, contabil\u00edstica, administrativa ou de outra natureza reguladas nos regulamentos aplic\u00e1veis \u200b\u200bem cada momento.<\/p>\n<p>De onde obtemos seus dados?<\/p>\n<p>Os dados pessoais que a PIGMEA obt\u00e9m variam em fun\u00e7\u00e3o do servi\u00e7o que utiliza. Para qualquer atividade, a PIGMEA tratar\u00e1 os seus dados de identifica\u00e7\u00e3o e dados de contacto.<\/p>\n<p>A PIGMEA n\u00e3o processar\u00e1 categorias especiais de dados, como informa\u00e7\u00f5es sobre sua ra\u00e7a, opini\u00f5es pol\u00edticas, religi\u00e3o, sa\u00fade ou orienta\u00e7\u00e3o sexual, a menos que voc\u00ea tenha optado por nos fornecer essas informa\u00e7\u00f5es.<\/p>\n<p>&nbsp;<\/p>\n<h4>A quem comunicamos os seus dados?<\/h4>\n<p>A PIGMEA n\u00e3o compartilhar\u00e1 seus dados pessoais com terceiros, a menos que voc\u00ea tenha seu consentimento pr\u00e9vio para faz\u00ea-lo.<\/p>\n<p>&nbsp;<\/p>\n<h4>Por quanto tempo mantemos seus dados?<\/h4>\n<p>A PIGMEA tratar\u00e1 os seus dados pessoais enquanto for necess\u00e1rio para a finalidade para a qual foram recolhidos.<\/p>\n<p>Quando estes j\u00e1 n\u00e3o forem necess\u00e1rios para levar a cabo as finalidades para as quais foram obtidos, procederemos ao bloqueio dos seus dados (para que a PIGMEA n\u00e3o tenha acesso aos mesmos) durante os per\u00edodos estabelecidos nas disposi\u00e7\u00f5es aplic\u00e1veis \u200b\u200bou, se for caso disso, nas rela\u00e7\u00f5es contratuais mantidas com o PIGMEA, estando dispon\u00edveis apenas a pedido dos Ju\u00edzes e Tribunais, do Minist\u00e9rio P\u00fablico ou das Administra\u00e7\u00f5es P\u00fablicas competentes durante o prazo de prescri\u00e7\u00e3o das a\u00e7\u00f5es.<\/p>\n<p>Decorridos esses prazos, a PIGMEA proceder\u00e1 \u00e0 elimina\u00e7\u00e3o f\u00edsica ou anonimiza\u00e7\u00e3o dos mesmos.<\/p>\n<p>&nbsp;<\/p>\n<h4>Quais s\u00e3o seus direitos?<\/h4>\n<p>Voc\u00ea pode exercer os direitos de acesso, portabilidade, retifica\u00e7\u00e3o, exclus\u00e3o, limita\u00e7\u00e3o, oposi\u00e7\u00e3o e n\u00e3o ser objeto de uma decis\u00e3o baseada exclusivamente no processamento automatizado. Da mesma forma, voc\u00ea pode revogar a qualquer momento o consentimento que voc\u00ea deu.<\/p>\n<p>Para qualquer pedido relacionado com o exerc\u00edcio destes direitos ou qualquer outro assunto relacionado com o tratamento, pode exercer os referidos direitos mediante pedido escrito dirigido \u00e0 PIGMEA atrav\u00e9s do endere\u00e7o de correio eletr\u00f3nico rgpd@grupodisenosnt.com.<\/p>\n<p>Qualquer reclama\u00e7\u00e3o relacionada com o tratamento aqui reportado pode ser apresentada \u00e0 Ag\u00eancia Espanhola de Prote\u00e7\u00e3o de Dados (www.aepd.es) para o exerc\u00edcio de qualquer reclama\u00e7\u00e3o que considere, como advertiu o organismo p\u00fablico espanhol respons\u00e1vel por garantir o cumprimento da normativa.<\/p>\n<p><span style=\"color: #ffffff;\">&#8211;<\/span><\/p>\n<p><span style=\"color: #ffffff;\">&#8211;<\/span><\/p>\n","protected":false},"excerpt":{"rendered":"<p>Para efeitos do disposto na normativa vigente em mat\u00e9ria de prote\u00e7\u00e3o de dados pessoais, atrav\u00e9s da presente Pol\u00edtica de Privacidade, a PIGMEA, S.L. (&#8220;PIGMEA&#8221;) informa os usu\u00e1rios (o &#8220;Usu\u00e1rio&#8221; ou &#8220;Usu\u00e1rios&#8221;) do site www.pigmea.es, do qual \u00e9 propriet\u00e1rio e respons\u00e1vel (o &#8220;Web&#8221;), sobre sua pol\u00edtica de prote\u00e7\u00e3o de dados pessoais. Desta forma, os Usu\u00e1rios podem  [&#8230;]<\/p>\n","protected":false},"author":3,"featured_media":0,"parent":0,"menu_order":0,"comment_status":"closed","ping_status":"closed","template":"","meta":{"_acf_changed":false,"footnotes":""},"class_list":["post-3874","page","type-page","status-publish","hentry"],"acf":[],"yoast_head":"<!-- This site is optimized with the Yoast SEO plugin v27.3 - https:\/\/yoast.com\/product\/yoast-seo-wordpress\/ -->\n<title>Pol\u00edtica de privacidade - Pigmea<\/title>\n<meta name=\"robots\" content=\"index, follow, max-snippet:-1, max-image-preview:large, max-video-preview:-1\" \/>\n<link rel=\"canonical\" href=\"https:\/\/www.pigmea.es\/pt-pt\/politica-de-privacidade\/\" \/>\n<meta property=\"og:locale\" content=\"pt_PT\" \/>\n<meta property=\"og:type\" content=\"article\" \/>\n<meta property=\"og:title\" content=\"Pol\u00edtica de privacidade - Pigmea\" \/>\n<meta property=\"og:description\" content=\"Para efeitos do disposto na normativa vigente em mat\u00e9ria de prote\u00e7\u00e3o de dados pessoais, atrav\u00e9s da presente Pol\u00edtica de Privacidade, a PIGMEA, S.L. (&#8220;PIGMEA&#8221;) informa os usu\u00e1rios (o &#8220;Usu\u00e1rio&#8221; ou &#8220;Usu\u00e1rios&#8221;) do site www.pigmea.es, do qual \u00e9 propriet\u00e1rio e respons\u00e1vel (o &#8220;Web&#8221;), sobre sua pol\u00edtica de prote\u00e7\u00e3o de dados pessoais. Desta forma, os Usu\u00e1rios podem [...]\" \/>\n<meta property=\"og:url\" content=\"https:\/\/www.pigmea.es\/pt-pt\/politica-de-privacidade\/\" \/>\n<meta property=\"og:site_name\" content=\"Pigmea\" \/>\n<meta property=\"article:modified_time\" content=\"2022-01-28T09:59:59+00:00\" \/>\n<meta name=\"twitter:card\" content=\"summary_large_image\" \/>\n<meta name=\"twitter:label1\" content=\"Tempo estimado de leitura\" \/>\n\t<meta name=\"twitter:data1\" content=\"4 minutos\" \/>\n<script type=\"application\/ld+json\" class=\"yoast-schema-graph\">{\"@context\":\"https:\\\/\\\/schema.org\",\"@graph\":[{\"@type\":\"WebPage\",\"@id\":\"https:\\\/\\\/www.pigmea.es\\\/pt-pt\\\/politica-de-privacidade\\\/\",\"url\":\"https:\\\/\\\/www.pigmea.es\\\/pt-pt\\\/politica-de-privacidade\\\/\",\"name\":\"Pol\u00edtica de privacidade - Pigmea\",\"isPartOf\":{\"@id\":\"https:\\\/\\\/www.pigmea.es\\\/pt-pt\\\/#website\"},\"datePublished\":\"2022-01-28T09:58:50+00:00\",\"dateModified\":\"2022-01-28T09:59:59+00:00\",\"breadcrumb\":{\"@id\":\"https:\\\/\\\/www.pigmea.es\\\/pt-pt\\\/politica-de-privacidade\\\/#breadcrumb\"},\"inLanguage\":\"pt-PT\",\"potentialAction\":[{\"@type\":\"ReadAction\",\"target\":[\"https:\\\/\\\/www.pigmea.es\\\/pt-pt\\\/politica-de-privacidade\\\/\"]}]},{\"@type\":\"BreadcrumbList\",\"@id\":\"https:\\\/\\\/www.pigmea.es\\\/pt-pt\\\/politica-de-privacidade\\\/#breadcrumb\",\"itemListElement\":[{\"@type\":\"ListItem\",\"position\":1,\"name\":\"Portada\",\"item\":\"https:\\\/\\\/www.pigmea.es\\\/pt-pt\\\/\"},{\"@type\":\"ListItem\",\"position\":2,\"name\":\"Pol\u00edtica de privacidade\"}]},{\"@type\":\"WebSite\",\"@id\":\"https:\\\/\\\/www.pigmea.es\\\/pt-pt\\\/#website\",\"url\":\"https:\\\/\\\/www.pigmea.es\\\/pt-pt\\\/\",\"name\":\"Pigmea\",\"description\":\"Impresi\u00f3n de films para envases flexibles\",\"potentialAction\":[{\"@type\":\"SearchAction\",\"target\":{\"@type\":\"EntryPoint\",\"urlTemplate\":\"https:\\\/\\\/www.pigmea.es\\\/pt-pt\\\/?s={search_term_string}\"},\"query-input\":{\"@type\":\"PropertyValueSpecification\",\"valueRequired\":true,\"valueName\":\"search_term_string\"}}],\"inLanguage\":\"pt-PT\"}]}<\/script>\n<!-- \/ Yoast SEO plugin. -->","yoast_head_json":{"title":"Pol\u00edtica de privacidade - Pigmea","robots":{"index":"index","follow":"follow","max-snippet":"max-snippet:-1","max-image-preview":"max-image-preview:large","max-video-preview":"max-video-preview:-1"},"canonical":"https:\/\/www.pigmea.es\/pt-pt\/politica-de-privacidade\/","og_locale":"pt_PT","og_type":"article","og_title":"Pol\u00edtica de privacidade - Pigmea","og_description":"Para efeitos do disposto na normativa vigente em mat\u00e9ria de prote\u00e7\u00e3o de dados pessoais, atrav\u00e9s da presente Pol\u00edtica de Privacidade, a PIGMEA, S.L. (&#8220;PIGMEA&#8221;) informa os usu\u00e1rios (o &#8220;Usu\u00e1rio&#8221; ou &#8220;Usu\u00e1rios&#8221;) do site www.pigmea.es, do qual \u00e9 propriet\u00e1rio e respons\u00e1vel (o &#8220;Web&#8221;), sobre sua pol\u00edtica de prote\u00e7\u00e3o de dados pessoais. Desta forma, os Usu\u00e1rios podem [...]","og_url":"https:\/\/www.pigmea.es\/pt-pt\/politica-de-privacidade\/","og_site_name":"Pigmea","article_modified_time":"2022-01-28T09:59:59+00:00","twitter_card":"summary_large_image","twitter_misc":{"Tempo estimado de leitura":"4 minutos"},"schema":{"@context":"https:\/\/schema.org","@graph":[{"@type":"WebPage","@id":"https:\/\/www.pigmea.es\/pt-pt\/politica-de-privacidade\/","url":"https:\/\/www.pigmea.es\/pt-pt\/politica-de-privacidade\/","name":"Pol\u00edtica de privacidade - Pigmea","isPartOf":{"@id":"https:\/\/www.pigmea.es\/pt-pt\/#website"},"datePublished":"2022-01-28T09:58:50+00:00","dateModified":"2022-01-28T09:59:59+00:00","breadcrumb":{"@id":"https:\/\/www.pigmea.es\/pt-pt\/politica-de-privacidade\/#breadcrumb"},"inLanguage":"pt-PT","potentialAction":[{"@type":"ReadAction","target":["https:\/\/www.pigmea.es\/pt-pt\/politica-de-privacidade\/"]}]},{"@type":"BreadcrumbList","@id":"https:\/\/www.pigmea.es\/pt-pt\/politica-de-privacidade\/#breadcrumb","itemListElement":[{"@type":"ListItem","position":1,"name":"Portada","item":"https:\/\/www.pigmea.es\/pt-pt\/"},{"@type":"ListItem","position":2,"name":"Pol\u00edtica de privacidade"}]},{"@type":"WebSite","@id":"https:\/\/www.pigmea.es\/pt-pt\/#website","url":"https:\/\/www.pigmea.es\/pt-pt\/","name":"Pigmea","description":"Impresi\u00f3n de films para envases flexibles","potentialAction":[{"@type":"SearchAction","target":{"@type":"EntryPoint","urlTemplate":"https:\/\/www.pigmea.es\/pt-pt\/?s={search_term_string}"},"query-input":{"@type":"PropertyValueSpecification","valueRequired":true,"valueName":"search_term_string"}}],"inLanguage":"pt-PT"}]}},"_links":{"self":[{"href":"https:\/\/www.pigmea.es\/pt-pt\/wp-json\/wp\/v2\/pages\/3874","targetHints":{"allow":["GET"]}}],"collection":[{"href":"https:\/\/www.pigmea.es\/pt-pt\/wp-json\/wp\/v2\/pages"}],"about":[{"href":"https:\/\/www.pigmea.es\/pt-pt\/wp-json\/wp\/v2\/types\/page"}],"author":[{"embeddable":true,"href":"https:\/\/www.pigmea.es\/pt-pt\/wp-json\/wp\/v2\/users\/3"}],"replies":[{"embeddable":true,"href":"https:\/\/www.pigmea.es\/pt-pt\/wp-json\/wp\/v2\/comments?post=3874"}],"version-history":[{"count":1,"href":"https:\/\/www.pigmea.es\/pt-pt\/wp-json\/wp\/v2\/pages\/3874\/revisions"}],"predecessor-version":[{"id":3875,"href":"https:\/\/www.pigmea.es\/pt-pt\/wp-json\/wp\/v2\/pages\/3874\/revisions\/3875"}],"wp:attachment":[{"href":"https:\/\/www.pigmea.es\/pt-pt\/wp-json\/wp\/v2\/media?parent=3874"}],"curies":[{"name":"wp","href":"https:\/\/api.w.org\/{rel}","templated":true}]}}