
{"id":2183,"date":"2018-11-05T12:57:03","date_gmt":"2018-11-05T12:57:03","guid":{"rendered":"http:\/\/www.pigmea.es\/panaderia-y-bolleria\/"},"modified":"2018-11-08T11:59:57","modified_gmt":"2018-11-08T11:59:57","slug":"padaria-e-confeitaria","status":"publish","type":"page","link":"https:\/\/www.pigmea.es\/pt-pt\/padaria-e-confeitaria\/","title":{"rendered":"Padaria e Confeitaria"},"content":{"rendered":"<p><div class=\"fusion-fullwidth fullwidth-box fusion-builder-row-1 nonhundred-percent-fullwidth non-hundred-percent-height-scrolling block-intro\" style=\"--awb-border-radius-top-left:0px;--awb-border-radius-top-right:0px;--awb-border-radius-bottom-right:0px;--awb-border-radius-bottom-left:0px;--awb-flex-wrap:wrap;\" ><div class=\"fusion-builder-row fusion-row\"><div class=\"fusion-layout-column fusion_builder_column fusion-builder-column-0 fusion_builder_column_1_1 1_1 fusion-one-full fusion-column-first fusion-column-last\" style=\"--awb-bg-size:cover;\"><div class=\"fusion-column-wrapper fusion-flex-column-wrapper-legacy\"><div class=\"fusion-text fusion-text-1\"><p style=\"text-align: center;\">Os produtos de padaria e doceria contam com uma vida \u00fatil bastante limitada, sobre tudo quando se distribuem e comercializam a temperatura ambiente e sem embalar. Contudo, o embalado incrementa seu tempo de vida, em muitos casos sem recorrer \u00e0 refrigera\u00e7\u00e3o.<\/p>\n<\/div><div class=\"fusion-clearfix\"><\/div><\/div><\/div><\/div><\/div><div class=\"fusion-fullwidth fullwidth-box fusion-builder-row-2 nonhundred-percent-fullwidth non-hundred-percent-height-scrolling\" style=\"--awb-border-radius-top-left:0px;--awb-border-radius-top-right:0px;--awb-border-radius-bottom-right:0px;--awb-border-radius-bottom-left:0px;--awb-padding-top:50px;--awb-padding-bottom:30px;--awb-margin-top:40px;--awb-background-color:#fbfcfd;--awb-flex-wrap:wrap;\" ><div class=\"fusion-builder-row fusion-row\"><div class=\"fusion-layout-column fusion_builder_column fusion-builder-column-1 fusion_builder_column_1_1 1_1 fusion-one-full fusion-column-first fusion-column-last block-products\" style=\"--awb-bg-size:cover;--awb-margin-top:3%;--awb-margin-bottom:3%;\"><div class=\"fusion-column-wrapper fusion-flex-column-wrapper-legacy\"><div class=\"fusion-text fusion-text-2\"><h2 style=\"text-align: center;\">Produtos para Padaria e Confeitaria<\/h2>\n<\/div><div class=\"fusion-text fusion-text-3\"><div class='block-products fusion-content-boxes content-boxes columns row fusion-columns-3 fusion-columns-total-3 fusion-content-boxes-1 content-boxes-icon-on-top content-left'>\n\t\t<div class=\"fusion-column content-box-column content-box-column content-box-column-1 col-lg-4 col-md-4 col-sm-4 fusion-content-box-hover content-box-column-first-in-row\">\n\t\t   \t<div class=\"col content-wrapper-background link-area-box link-type-text icon-hover-animation-fade\" style=\"background-color:#ffffff;\">\n\t\t    \t<div class=\"heading heading-with-icon icon-left\">\n\t\t        \t<a class=\"heading-link\" href=\"https:\/\/www.pigmea.es\/pt-pt\/productos\/complex-propsar\/\" target=\"_self\">\n\t\t            \t<div class=\"image\">\n\t\t            \t\t<img decoding=\"async\" width=\"460\" height=\"460\" src=\"https:\/\/www.pigmea.es\/wp-content\/uploads\/2018\/09\/35-ComplexPROPSar460x460.jpg\" class=\"attachment-post-thumbnail size-post-thumbnail wp-post-image\" alt=\"Complex PROPSar\" srcset=\"https:\/\/www.pigmea.es\/wp-content\/uploads\/2018\/09\/35-ComplexPROPSar460x460-66x66.jpg 66w, https:\/\/www.pigmea.es\/wp-content\/uploads\/2018\/09\/35-ComplexPROPSar460x460-150x150.jpg 150w, https:\/\/www.pigmea.es\/wp-content\/uploads\/2018\/09\/35-ComplexPROPSar460x460-200x200.jpg 200w, https:\/\/www.pigmea.es\/wp-content\/uploads\/2018\/09\/35-ComplexPROPSar460x460-300x300.jpg 300w, https:\/\/www.pigmea.es\/wp-content\/uploads\/2018\/09\/35-ComplexPROPSar460x460-400x400.jpg 400w, https:\/\/www.pigmea.es\/wp-content\/uploads\/2018\/09\/35-ComplexPROPSar460x460.jpg 460w\" sizes=\"(max-width: 460px) 100vw, 460px\" \/>\t\t            \t<\/div>\n\t\t            \t<h2 class=\"content-box-heading\">Complex PROPSar<\/h2>\n\t\t         \t<\/a>\n\t\t      \t<\/div>\n\t\t  \t<\/div>\n\t\t<\/div>\n\n\t\n\t\t<div class=\"fusion-column content-box-column content-box-column content-box-column-1 col-lg-4 col-md-4 col-sm-4 fusion-content-box-hover content-box-column-first-in-row\">\n\t\t   \t<div class=\"col content-wrapper-background link-area-box link-type-text icon-hover-animation-fade\" style=\"background-color:#ffffff;\">\n\t\t    \t<div class=\"heading heading-with-icon icon-left\">\n\t\t        \t<a class=\"heading-link\" href=\"https:\/\/www.pigmea.es\/pt-pt\/productos\/complex-modbar-2\/\" target=\"_self\">\n\t\t            \t<div class=\"image\">\n\t\t            \t\t<img decoding=\"async\" width=\"460\" height=\"460\" src=\"https:\/\/www.pigmea.es\/wp-content\/uploads\/2018\/09\/34-ComplexMODBAR_1460x460.jpg\" class=\"attachment-post-thumbnail size-post-thumbnail wp-post-image\" alt=\"Complex MODBAR\" srcset=\"https:\/\/www.pigmea.es\/wp-content\/uploads\/2018\/09\/34-ComplexMODBAR_1460x460-66x66.jpg 66w, https:\/\/www.pigmea.es\/wp-content\/uploads\/2018\/09\/34-ComplexMODBAR_1460x460-150x150.jpg 150w, https:\/\/www.pigmea.es\/wp-content\/uploads\/2018\/09\/34-ComplexMODBAR_1460x460-200x200.jpg 200w, https:\/\/www.pigmea.es\/wp-content\/uploads\/2018\/09\/34-ComplexMODBAR_1460x460-300x300.jpg 300w, https:\/\/www.pigmea.es\/wp-content\/uploads\/2018\/09\/34-ComplexMODBAR_1460x460-400x400.jpg 400w, https:\/\/www.pigmea.es\/wp-content\/uploads\/2018\/09\/34-ComplexMODBAR_1460x460.jpg 460w\" sizes=\"(max-width: 460px) 100vw, 460px\" \/>\t\t            \t<\/div>\n\t\t            \t<h2 class=\"content-box-heading\">Complex MODBAR<\/h2>\n\t\t         \t<\/a>\n\t\t      \t<\/div>\n\t\t  \t<\/div>\n\t\t<\/div>\n\n\t\n\t\t<div class=\"fusion-column content-box-column content-box-column content-box-column-1 col-lg-4 col-md-4 col-sm-4 fusion-content-box-hover content-box-column-first-in-row\">\n\t\t   \t<div class=\"col content-wrapper-background link-area-box link-type-text icon-hover-animation-fade\" style=\"background-color:#ffffff;\">\n\t\t    \t<div class=\"heading heading-with-icon icon-left\">\n\t\t        \t<a class=\"heading-link\" href=\"https:\/\/www.pigmea.es\/pt-pt\/productos\/complex-boppcpp\/\" target=\"_self\">\n\t\t            \t<div class=\"image\">\n\t\t            \t\t<img decoding=\"async\" width=\"460\" height=\"460\" src=\"https:\/\/www.pigmea.es\/wp-content\/uploads\/2018\/09\/33-ComplexBOPPCPP460x460.jpg\" class=\"attachment-post-thumbnail size-post-thumbnail wp-post-image\" alt=\"Complex BOPP+CPP\" srcset=\"https:\/\/www.pigmea.es\/wp-content\/uploads\/2018\/09\/33-ComplexBOPPCPP460x460-66x66.jpg 66w, https:\/\/www.pigmea.es\/wp-content\/uploads\/2018\/09\/33-ComplexBOPPCPP460x460-150x150.jpg 150w, https:\/\/www.pigmea.es\/wp-content\/uploads\/2018\/09\/33-ComplexBOPPCPP460x460-200x200.jpg 200w, https:\/\/www.pigmea.es\/wp-content\/uploads\/2018\/09\/33-ComplexBOPPCPP460x460-300x300.jpg 300w, https:\/\/www.pigmea.es\/wp-content\/uploads\/2018\/09\/33-ComplexBOPPCPP460x460-400x400.jpg 400w, https:\/\/www.pigmea.es\/wp-content\/uploads\/2018\/09\/33-ComplexBOPPCPP460x460.jpg 460w\" sizes=\"(max-width: 460px) 100vw, 460px\" \/>\t\t            \t<\/div>\n\t\t            \t<h2 class=\"content-box-heading\">Complex BOPP+CPP<\/h2>\n\t\t         \t<\/a>\n\t\t      \t<\/div>\n\t\t  \t<\/div>\n\t\t<\/div>\n\n\t\n\t\t<div class=\"fusion-column content-box-column content-box-column content-box-column-1 col-lg-4 col-md-4 col-sm-4 fusion-content-box-hover content-box-column-first-in-row\">\n\t\t   \t<div class=\"col content-wrapper-background link-area-box link-type-text icon-hover-animation-fade\" style=\"background-color:#ffffff;\">\n\t\t    \t<div class=\"heading heading-with-icon icon-left\">\n\t\t        \t<a class=\"heading-link\" href=\"https:\/\/www.pigmea.es\/pt-pt\/productos\/complex-boppbopp-2\/\" target=\"_self\">\n\t\t            \t<div class=\"image\">\n\t\t            \t\t<img decoding=\"async\" width=\"460\" height=\"460\" src=\"https:\/\/www.pigmea.es\/wp-content\/uploads\/2018\/09\/32-ComplexBOPPBOPP460x460.jpg\" class=\"attachment-post-thumbnail size-post-thumbnail wp-post-image\" alt=\"Complex BOPP+BOPP\" srcset=\"https:\/\/www.pigmea.es\/wp-content\/uploads\/2018\/09\/32-ComplexBOPPBOPP460x460-66x66.jpg 66w, https:\/\/www.pigmea.es\/wp-content\/uploads\/2018\/09\/32-ComplexBOPPBOPP460x460-150x150.jpg 150w, https:\/\/www.pigmea.es\/wp-content\/uploads\/2018\/09\/32-ComplexBOPPBOPP460x460-200x200.jpg 200w, https:\/\/www.pigmea.es\/wp-content\/uploads\/2018\/09\/32-ComplexBOPPBOPP460x460-300x300.jpg 300w, https:\/\/www.pigmea.es\/wp-content\/uploads\/2018\/09\/32-ComplexBOPPBOPP460x460-400x400.jpg 400w, https:\/\/www.pigmea.es\/wp-content\/uploads\/2018\/09\/32-ComplexBOPPBOPP460x460.jpg 460w\" sizes=\"(max-width: 460px) 100vw, 460px\" \/>\t\t            \t<\/div>\n\t\t            \t<h2 class=\"content-box-heading\">Complex BOPP+BOPP<\/h2>\n\t\t         \t<\/a>\n\t\t      \t<\/div>\n\t\t  \t<\/div>\n\t\t<\/div>\n\n\t\n\t\t<div class=\"fusion-column content-box-column content-box-column content-box-column-1 col-lg-4 col-md-4 col-sm-4 fusion-content-box-hover content-box-column-first-in-row\">\n\t\t   \t<div class=\"col content-wrapper-background link-area-box link-type-text icon-hover-animation-fade\" style=\"background-color:#ffffff;\">\n\t\t    \t<div class=\"heading heading-with-icon icon-left\">\n\t\t        \t<a class=\"heading-link\" href=\"https:\/\/www.pigmea.es\/pt-pt\/productos\/mono-bopp-3\/\" target=\"_self\">\n\t\t            \t<div class=\"image\">\n\t\t            \t\t<img decoding=\"async\" width=\"460\" height=\"460\" src=\"https:\/\/www.pigmea.es\/wp-content\/uploads\/2018\/09\/31-MonoBOPP460x460.jpg\" class=\"attachment-post-thumbnail size-post-thumbnail wp-post-image\" alt=\"Mono BOPP\" srcset=\"https:\/\/www.pigmea.es\/wp-content\/uploads\/2018\/09\/31-MonoBOPP460x460-66x66.jpg 66w, https:\/\/www.pigmea.es\/wp-content\/uploads\/2018\/09\/31-MonoBOPP460x460-150x150.jpg 150w, https:\/\/www.pigmea.es\/wp-content\/uploads\/2018\/09\/31-MonoBOPP460x460-200x200.jpg 200w, https:\/\/www.pigmea.es\/wp-content\/uploads\/2018\/09\/31-MonoBOPP460x460-300x300.jpg 300w, https:\/\/www.pigmea.es\/wp-content\/uploads\/2018\/09\/31-MonoBOPP460x460-400x400.jpg 400w, https:\/\/www.pigmea.es\/wp-content\/uploads\/2018\/09\/31-MonoBOPP460x460.jpg 460w\" sizes=\"(max-width: 460px) 100vw, 460px\" \/>\t\t            \t<\/div>\n\t\t            \t<h2 class=\"content-box-heading\">Mono BOPP<\/h2>\n\t\t         \t<\/a>\n\t\t      \t<\/div>\n\t\t  \t<\/div>\n\t\t<\/div>\n\n\t<\/div>\n<\/div><div class=\"fusion-clearfix\"><\/div><\/div><\/div><\/div><\/div><div class=\"fusion-fullwidth fullwidth-box fusion-builder-row-3 nonhundred-percent-fullwidth non-hundred-percent-height-scrolling\" style=\"--awb-border-radius-top-left:0px;--awb-border-radius-top-right:0px;--awb-border-radius-bottom-right:0px;--awb-border-radius-bottom-left:0px;--awb-padding-top:100px;--awb-padding-bottom:60px;--awb-flex-wrap:wrap;\" ><div class=\"fusion-builder-row fusion-row\"><div class=\"fusion-layout-column fusion_builder_column fusion-builder-column-2 fusion_builder_column_1_2 1_2 fusion-one-half fusion-column-first\" style=\"--awb-bg-size:cover;width:50%;width:calc(50% - ( ( 4% ) * 0.5 ) );margin-right: 4%;\"><div class=\"fusion-column-wrapper fusion-flex-column-wrapper-legacy\"><div class=\"fusion-text fusion-text-4\"><h2>Mais vida \u00fatil e melhor presen\u00e7a no lineal<\/h2>\n<p>Pigmea proporciona solu\u00e7\u00f5es para melhorar a vida \u00fatil dos produtos de doceria e padaria, tamb\u00e9m para os casos em que o cliente opta pelo congelamento. Filmes e complexos para embalado flex\u00edvel de produtos como p\u00e3o comum e p\u00e3es especiais (de sementes, multicereais, sem gl\u00faten, com frutos secos), confeitaria (bolos, madalenas, biscoitos), produtos recobertos ou recheios (napolitanas, croissants), bolos e outros produtos que tem em comum a baixa actividade de \u00e1gua (bolinhos, massas de ch\u00e1).<\/p>\n<p>Em alguns destes produtos existe uma concorr\u00eancia espectacular nos lineais, pelo que uma impress\u00e3o flexogr\u00e1fica de qualidade como a que oferece Pigmea \u00e9 um factor cr\u00edtico no sucesso do produto. Tamb\u00e9m o acabamento do filme \u00e9 importante, com materiais metalizados, em mate ou brilho, e com um selado eficiente j\u00e1 que alguns desses produtos cont\u00e9m part\u00edculas em suspens\u00e3o como a\u00e7\u00facar, canela, farinha. Est\u00e3o dispon\u00edveis tanto para m\u00e1quinas horizontais (para Flow-Pack ou para tampa) como para verticais.<\/p>\n<\/div><div class=\"fusion-clearfix\"><\/div><\/div><\/div><div class=\"fusion-layout-column fusion_builder_column fusion-builder-column-3 fusion_builder_column_1_2 1_2 fusion-one-half fusion-column-last\" style=\"--awb-bg-size:cover;width:50%;width:calc(50% - ( ( 4% ) * 0.5 ) );\"><div class=\"fusion-column-wrapper fusion-flex-column-wrapper-legacy\"><div class=\"fusion-image-element fusion-image-align-center in-legacy-container\" style=\"text-align:center;--awb-caption-title-font-family:var(--h2_typography-font-family);--awb-caption-title-font-weight:var(--h2_typography-font-weight);--awb-caption-title-font-style:var(--h2_typography-font-style);--awb-caption-title-size:var(--h2_typography-font-size);--awb-caption-title-transform:var(--h2_typography-text-transform);--awb-caption-title-line-height:var(--h2_typography-line-height);--awb-caption-title-letter-spacing:var(--h2_typography-letter-spacing);\"><div class=\"imageframe-align-center\"><span class=\" fusion-imageframe imageframe-none imageframe-1 hover-type-none\"><img decoding=\"async\" width=\"1688\" height=\"1125\" title=\"assorted bread and pastry\" src=\"https:\/\/www.pigmea.es\/wp-content\/uploads\/2018\/11\/sector_7.jpg\" alt class=\"img-responsive wp-image-3039\" srcset=\"https:\/\/www.pigmea.es\/wp-content\/uploads\/2018\/11\/sector_7-200x133.jpg 200w, https:\/\/www.pigmea.es\/wp-content\/uploads\/2018\/11\/sector_7-400x267.jpg 400w, https:\/\/www.pigmea.es\/wp-content\/uploads\/2018\/11\/sector_7-600x400.jpg 600w, https:\/\/www.pigmea.es\/wp-content\/uploads\/2018\/11\/sector_7-800x533.jpg 800w, https:\/\/www.pigmea.es\/wp-content\/uploads\/2018\/11\/sector_7-1200x800.jpg 1200w, https:\/\/www.pigmea.es\/wp-content\/uploads\/2018\/11\/sector_7.jpg 1688w\" sizes=\"(max-width: 1000px) 100vw, 600px\" \/><\/span><\/div><\/div><div class=\"fusion-clearfix\"><\/div><\/div><\/div><\/div><\/div><div class=\"fusion-fullwidth fullwidth-box fusion-builder-row-4 nonhundred-percent-fullwidth non-hundred-percent-height-scrolling footer-cta\" style=\"--awb-border-radius-top-left:0px;--awb-border-radius-top-right:0px;--awb-border-radius-bottom-right:0px;--awb-border-radius-bottom-left:0px;--awb-padding-top:110px;--awb-padding-bottom:110px;--awb-flex-wrap:wrap;\" ><div class=\"fusion-builder-row fusion-row\"><div class=\"fusion-layout-column fusion_builder_column fusion-builder-column-4 fusion_builder_column_1_6 1_6 fusion-one-sixth fusion-column-first fusion-no-small-visibility\" style=\"--awb-bg-size:cover;width:13.3333%; margin-right: 4%;\"><div class=\"fusion-column-wrapper fusion-flex-column-wrapper-legacy\"><div class=\"fusion-clearfix\"><\/div><\/div><\/div><div class=\"fusion-layout-column fusion_builder_column fusion-builder-column-5 fusion_builder_column_2_3 2_3 fusion-two-third\" style=\"--awb-bg-size:cover;--awb-margin-top:3%;--awb-margin-bottom:3%;width:65.3333%; margin-right: 4%;\"><div class=\"fusion-column-wrapper fusion-flex-column-wrapper-legacy\"><div class=\"fusion-text fusion-text-5\"><h2 style=\"text-align: center; font-size: 72px;\">Contacte conosco<\/h2>\n<\/div><div class=\"fusion-text fusion-text-6\"><h4>Nossa equipe assessora lhe guiar\u00e1 para conseguir o maior rendimento e produtividade para uma impress\u00e3o flexogr\u00e1fica precisa e cuidada.<\/h4>\n<\/div><div class=\"fusion-sep-clear\"><\/div><div class=\"fusion-separator fusion-full-width-sep\" style=\"margin-left: auto;margin-right: auto;margin-top:20px;width:100%;\"><\/div><div class=\"fusion-sep-clear\"><\/div><div class=\"fusion-aligncenter\"><a class=\"fusion-button button-flat fusion-button-default-size button-default fusion-button-default button-1 fusion-button-default-span fusion-button-default-type\" target=\"_self\" href=\"\/pt-pt\/contato\/\"><span class=\"fusion-button-text awb-button__text awb-button__text--default\">CONTACTE COM UM ASSESSOR<\/span><\/a><\/div><div class=\"fusion-sep-clear\"><\/div><div class=\"fusion-separator fusion-full-width-sep\" style=\"margin-left: auto;margin-right: auto;margin-top:80px;width:100%;\"><\/div><div class=\"fusion-sep-clear\"><\/div><div class=\"fusion-text fusion-text-7\"><h2 style=\"text-align: center; font-size: 72px;\">Subscreva a nossa Newsletter<\/h2>\n<\/div><div class=\"fusion-text fusion-text-8\"><h4>Beneficia de descontos personalizados e recebe passes gratuitos para as principais feiras e eventos do setor.<\/h4>\n<\/div>                <div class=\"ml-form-embed\"\n                     data-account=\"3180802:s2l3i6z5n6\"\n                     data-form=\"4157344:t3y3b0\">\n                <\/div>\n            <div class=\"fusion-clearfix\"><\/div><\/div><\/div><div class=\"fusion-layout-column fusion_builder_column fusion-builder-column-6 fusion_builder_column_1_6 1_6 fusion-one-sixth fusion-column-last fusion-no-small-visibility\" style=\"--awb-bg-size:cover;width:13.3333%;\"><div class=\"fusion-column-wrapper fusion-flex-column-wrapper-legacy\"><div class=\"fusion-clearfix\"><\/div><\/div><\/div><\/div><\/div>\n<\/p>\n","protected":false},"excerpt":{"rendered":"","protected":false},"author":3,"featured_media":0,"parent":0,"menu_order":0,"comment_status":"closed","ping_status":"closed","template":"100-width.php","meta":{"_acf_changed":false,"footnotes":""},"class_list":["post-2183","page","type-page","status-publish","hentry"],"acf":[],"yoast_head":"<!-- This site is optimized with the Yoast SEO plugin v27.3 - https:\/\/yoast.com\/product\/yoast-seo-wordpress\/ -->\n<title>Padaria e Confeitaria - Pigmea<\/title>\n<meta name=\"robots\" content=\"index, follow, max-snippet:-1, max-image-preview:large, max-video-preview:-1\" \/>\n<link rel=\"canonical\" href=\"https:\/\/www.pigmea.es\/pt-pt\/padaria-e-confeitaria\/\" \/>\n<meta property=\"og:locale\" content=\"pt_PT\" \/>\n<meta property=\"og:type\" content=\"article\" \/>\n<meta property=\"og:title\" content=\"Padaria e Confeitaria - Pigmea\" \/>\n<meta property=\"og:url\" content=\"https:\/\/www.pigmea.es\/pt-pt\/padaria-e-confeitaria\/\" \/>\n<meta property=\"og:site_name\" content=\"Pigmea\" \/>\n<meta property=\"article:modified_time\" content=\"2018-11-08T11:59:57+00:00\" \/>\n<meta name=\"twitter:card\" content=\"summary_large_image\" \/>\n<meta name=\"twitter:label1\" content=\"Tempo estimado de leitura\" \/>\n\t<meta name=\"twitter:data1\" content=\"5 minutos\" \/>\n<script type=\"application\/ld+json\" class=\"yoast-schema-graph\">{\"@context\":\"https:\\\/\\\/schema.org\",\"@graph\":[{\"@type\":\"WebPage\",\"@id\":\"https:\\\/\\\/www.pigmea.es\\\/pt-pt\\\/padaria-e-confeitaria\\\/\",\"url\":\"https:\\\/\\\/www.pigmea.es\\\/pt-pt\\\/padaria-e-confeitaria\\\/\",\"name\":\"Padaria e Confeitaria - Pigmea\",\"isPartOf\":{\"@id\":\"https:\\\/\\\/www.pigmea.es\\\/pt-pt\\\/#website\"},\"datePublished\":\"2018-11-05T12:57:03+00:00\",\"dateModified\":\"2018-11-08T11:59:57+00:00\",\"breadcrumb\":{\"@id\":\"https:\\\/\\\/www.pigmea.es\\\/pt-pt\\\/padaria-e-confeitaria\\\/#breadcrumb\"},\"inLanguage\":\"pt-PT\",\"potentialAction\":[{\"@type\":\"ReadAction\",\"target\":[\"https:\\\/\\\/www.pigmea.es\\\/pt-pt\\\/padaria-e-confeitaria\\\/\"]}]},{\"@type\":\"BreadcrumbList\",\"@id\":\"https:\\\/\\\/www.pigmea.es\\\/pt-pt\\\/padaria-e-confeitaria\\\/#breadcrumb\",\"itemListElement\":[{\"@type\":\"ListItem\",\"position\":1,\"name\":\"Portada\",\"item\":\"https:\\\/\\\/www.pigmea.es\\\/pt-pt\\\/\"},{\"@type\":\"ListItem\",\"position\":2,\"name\":\"Padaria e Confeitaria\"}]},{\"@type\":\"WebSite\",\"@id\":\"https:\\\/\\\/www.pigmea.es\\\/pt-pt\\\/#website\",\"url\":\"https:\\\/\\\/www.pigmea.es\\\/pt-pt\\\/\",\"name\":\"Pigmea\",\"description\":\"Impresi\u00f3n de films para envases flexibles\",\"potentialAction\":[{\"@type\":\"SearchAction\",\"target\":{\"@type\":\"EntryPoint\",\"urlTemplate\":\"https:\\\/\\\/www.pigmea.es\\\/pt-pt\\\/?s={search_term_string}\"},\"query-input\":{\"@type\":\"PropertyValueSpecification\",\"valueRequired\":true,\"valueName\":\"search_term_string\"}}],\"inLanguage\":\"pt-PT\"}]}<\/script>\n<!-- \/ Yoast SEO plugin. -->","yoast_head_json":{"title":"Padaria e Confeitaria - Pigmea","robots":{"index":"index","follow":"follow","max-snippet":"max-snippet:-1","max-image-preview":"max-image-preview:large","max-video-preview":"max-video-preview:-1"},"canonical":"https:\/\/www.pigmea.es\/pt-pt\/padaria-e-confeitaria\/","og_locale":"pt_PT","og_type":"article","og_title":"Padaria e Confeitaria - Pigmea","og_url":"https:\/\/www.pigmea.es\/pt-pt\/padaria-e-confeitaria\/","og_site_name":"Pigmea","article_modified_time":"2018-11-08T11:59:57+00:00","twitter_card":"summary_large_image","twitter_misc":{"Tempo estimado de leitura":"5 minutos"},"schema":{"@context":"https:\/\/schema.org","@graph":[{"@type":"WebPage","@id":"https:\/\/www.pigmea.es\/pt-pt\/padaria-e-confeitaria\/","url":"https:\/\/www.pigmea.es\/pt-pt\/padaria-e-confeitaria\/","name":"Padaria e Confeitaria - Pigmea","isPartOf":{"@id":"https:\/\/www.pigmea.es\/pt-pt\/#website"},"datePublished":"2018-11-05T12:57:03+00:00","dateModified":"2018-11-08T11:59:57+00:00","breadcrumb":{"@id":"https:\/\/www.pigmea.es\/pt-pt\/padaria-e-confeitaria\/#breadcrumb"},"inLanguage":"pt-PT","potentialAction":[{"@type":"ReadAction","target":["https:\/\/www.pigmea.es\/pt-pt\/padaria-e-confeitaria\/"]}]},{"@type":"BreadcrumbList","@id":"https:\/\/www.pigmea.es\/pt-pt\/padaria-e-confeitaria\/#breadcrumb","itemListElement":[{"@type":"ListItem","position":1,"name":"Portada","item":"https:\/\/www.pigmea.es\/pt-pt\/"},{"@type":"ListItem","position":2,"name":"Padaria e Confeitaria"}]},{"@type":"WebSite","@id":"https:\/\/www.pigmea.es\/pt-pt\/#website","url":"https:\/\/www.pigmea.es\/pt-pt\/","name":"Pigmea","description":"Impresi\u00f3n de films para envases flexibles","potentialAction":[{"@type":"SearchAction","target":{"@type":"EntryPoint","urlTemplate":"https:\/\/www.pigmea.es\/pt-pt\/?s={search_term_string}"},"query-input":{"@type":"PropertyValueSpecification","valueRequired":true,"valueName":"search_term_string"}}],"inLanguage":"pt-PT"}]}},"_links":{"self":[{"href":"https:\/\/www.pigmea.es\/pt-pt\/wp-json\/wp\/v2\/pages\/2183","targetHints":{"allow":["GET"]}}],"collection":[{"href":"https:\/\/www.pigmea.es\/pt-pt\/wp-json\/wp\/v2\/pages"}],"about":[{"href":"https:\/\/www.pigmea.es\/pt-pt\/wp-json\/wp\/v2\/types\/page"}],"author":[{"embeddable":true,"href":"https:\/\/www.pigmea.es\/pt-pt\/wp-json\/wp\/v2\/users\/3"}],"replies":[{"embeddable":true,"href":"https:\/\/www.pigmea.es\/pt-pt\/wp-json\/wp\/v2\/comments?post=2183"}],"version-history":[{"count":7,"href":"https:\/\/www.pigmea.es\/pt-pt\/wp-json\/wp\/v2\/pages\/2183\/revisions"}],"predecessor-version":[{"id":3090,"href":"https:\/\/www.pigmea.es\/pt-pt\/wp-json\/wp\/v2\/pages\/2183\/revisions\/3090"}],"wp:attachment":[{"href":"https:\/\/www.pigmea.es\/pt-pt\/wp-json\/wp\/v2\/media?parent=2183"}],"curies":[{"name":"wp","href":"https:\/\/api.w.org\/{rel}","templated":true}]}}