
{"id":1826,"date":"2018-05-03T11:15:08","date_gmt":"2018-05-03T11:15:08","guid":{"rendered":"http:\/\/www.pigmea.es\/idi\/"},"modified":"2020-02-11T10:02:51","modified_gmt":"2020-02-11T10:02:51","slug":"idi","status":"publish","type":"page","link":"https:\/\/www.pigmea.es\/pt-pt\/idi\/","title":{"rendered":"I+D+i"},"content":{"rendered":"<p><div class=\"fusion-fullwidth fullwidth-box fusion-builder-row-1 nonhundred-percent-fullwidth non-hundred-percent-height-scrolling block-intro\" style=\"--awb-border-radius-top-left:0px;--awb-border-radius-top-right:0px;--awb-border-radius-bottom-right:0px;--awb-border-radius-bottom-left:0px;--awb-padding-bottom:100px;--awb-flex-wrap:wrap;\" ><div class=\"fusion-builder-row fusion-row\"><div class=\"fusion-layout-column fusion_builder_column fusion-builder-column-0 fusion_builder_column_1_1 1_1 fusion-one-full fusion-column-first fusion-column-last\" style=\"--awb-bg-size:cover;--awb-margin-bottom:80px;\"><div class=\"fusion-column-wrapper fusion-flex-column-wrapper-legacy\"><div class=\"fusion-text fusion-text-1\"><p style=\"text-align: center;\">Em sua aposta pela melhora cont\u00ednua, Pigmea realiza importantes esfor\u00e7os em inova\u00e7\u00e3o tecnol\u00f3gica, aplicando as metodologias de produ\u00e7\u00e3o e gest\u00e3o mais eficientes com a finalidade de oferecer as solu\u00e7\u00f5es de embalado alimentario mais adequadas para cada produto ou cliente. Esta trabalho de investiga\u00e7\u00e3o leva ao aperfei\u00e7oamento das solu\u00e7\u00f5es ofertadas por Pigmea, com o objetivo de contribuir melhoras que optimizem a embalagem flex\u00edvel de seus clientes.<\/p>\n<\/div><div class=\"fusion-clearfix\"><\/div><\/div><\/div><div class=\"fusion-layout-column fusion_builder_column fusion-builder-column-1 fusion_builder_column_3_5 3_5 fusion-three-fifth fusion-column-first\" style=\"--awb-bg-size:cover;width:60%;width:calc(60% - ( ( 4% ) * 0.6 ) );margin-right: 4%;\"><div class=\"fusion-column-wrapper fusion-flex-column-wrapper-legacy\"><div class=\"fusion-image-element in-legacy-container\" style=\"--awb-caption-title-font-family:var(--h2_typography-font-family);--awb-caption-title-font-weight:var(--h2_typography-font-weight);--awb-caption-title-font-style:var(--h2_typography-font-style);--awb-caption-title-size:var(--h2_typography-font-size);--awb-caption-title-transform:var(--h2_typography-text-transform);--awb-caption-title-line-height:var(--h2_typography-line-height);--awb-caption-title-letter-spacing:var(--h2_typography-letter-spacing);\"><span class=\" fusion-imageframe imageframe-none imageframe-1 hover-type-none\"><img decoding=\"async\" width=\"520\" height=\"400\" alt=\"Permeabilidad selectiva\" title=\"Permeabilidad selectiva\" src=\"https:\/\/www.pigmea.es\/wp-content\/uploads\/2018\/09\/permeabilidad_-selectiva520x400.png\" class=\"img-responsive wp-image-2557\" srcset=\"https:\/\/www.pigmea.es\/wp-content\/uploads\/2018\/09\/permeabilidad_-selectiva520x400-200x154.png 200w, https:\/\/www.pigmea.es\/wp-content\/uploads\/2018\/09\/permeabilidad_-selectiva520x400-400x308.png 400w, https:\/\/www.pigmea.es\/wp-content\/uploads\/2018\/09\/permeabilidad_-selectiva520x400.png 520w\" sizes=\"(max-width: 1000px) 100vw, 520px\" \/><\/span><\/div><div class=\"fusion-clearfix\"><\/div><\/div><\/div><div class=\"fusion-layout-column fusion_builder_column fusion-builder-column-2 fusion_builder_column_2_5 2_5 fusion-two-fifth fusion-column-last\" style=\"--awb-bg-size:cover;width:40%;width:calc(40% - ( ( 4% ) * 0.4 ) );\"><div class=\"fusion-column-wrapper fusion-flex-column-wrapper-legacy\"><div class=\"fusion-text fusion-text-2\"><p>Estas inova\u00e7\u00f5es, por exemplo, permitem aumentar o tempo de vida \u00fatil dos alimentos mediante permeabilidades selectivas e condi\u00e7\u00f5es de barreira ao oxig\u00e9nio, ao vapor de \u00e1gua e \u00e0 luz.<\/p>\n<\/div><div class=\"fusion-clearfix\"><\/div><\/div><\/div><div class=\"fusion-layout-column fusion_builder_column fusion-builder-column-3 fusion_builder_column_3_5 3_5 fusion-three-fifth fusion-column-first\" style=\"--awb-bg-size:cover;--awb-margin-top:60px;width:60%;width:calc(60% - ( ( 4% ) * 0.6 ) );margin-right: 4%;\"><div class=\"fusion-column-wrapper fusion-flex-column-wrapper-legacy\"><div class=\"fusion-image-element in-legacy-container\" style=\"--awb-caption-title-font-family:var(--h2_typography-font-family);--awb-caption-title-font-weight:var(--h2_typography-font-weight);--awb-caption-title-font-style:var(--h2_typography-font-style);--awb-caption-title-size:var(--h2_typography-font-size);--awb-caption-title-transform:var(--h2_typography-text-transform);--awb-caption-title-line-height:var(--h2_typography-line-height);--awb-caption-title-letter-spacing:var(--h2_typography-letter-spacing);\"><span class=\" fusion-imageframe imageframe-none imageframe-2 hover-type-none\"><img decoding=\"async\" width=\"520\" height=\"400\" alt=\"departamento I+D+i\" title=\"departamento I+D+i\" src=\"https:\/\/www.pigmea.es\/wp-content\/uploads\/2018\/09\/departamento_idi520x400.png\" class=\"img-responsive wp-image-2554\" srcset=\"https:\/\/www.pigmea.es\/wp-content\/uploads\/2018\/09\/departamento_idi520x400-200x154.png 200w, https:\/\/www.pigmea.es\/wp-content\/uploads\/2018\/09\/departamento_idi520x400-400x308.png 400w, https:\/\/www.pigmea.es\/wp-content\/uploads\/2018\/09\/departamento_idi520x400.png 520w\" sizes=\"(max-width: 1000px) 100vw, 520px\" \/><\/span><\/div><div class=\"fusion-clearfix\"><\/div><\/div><\/div><div class=\"fusion-layout-column fusion_builder_column fusion-builder-column-4 fusion_builder_column_2_5 2_5 fusion-two-fifth fusion-column-last\" style=\"--awb-bg-size:cover;--awb-margin-top:60px;width:40%;width:calc(40% - ( ( 4% ) * 0.4 ) );\"><div class=\"fusion-column-wrapper fusion-flex-column-wrapper-legacy\"><div class=\"fusion-text fusion-text-3\"><p>O departamento de I+D+i est\u00e1 sempre atento \u00e0s novas tend\u00eancias no sector da embalagem, trabalhando no desenvolvimento de materiais inovadores como os biodegrad\u00e1veis e compost\u00e1veis. Materiais que d\u00e3o resposta \u00e0s actuais necessidades do mercado relacionadas com a ecologia e sustentabilidade das embalagens pl\u00e1sticas.<\/p>\n<\/div><div class=\"fusion-clearfix\"><\/div><\/div><\/div><div class=\"fusion-layout-column fusion_builder_column fusion-builder-column-5 fusion_builder_column_3_5 3_5 fusion-three-fifth fusion-column-first\" style=\"--awb-bg-size:cover;--awb-margin-top:60px;width:60%;width:calc(60% - ( ( 4% ) * 0.6 ) );margin-right: 4%;\"><div class=\"fusion-column-wrapper fusion-flex-column-wrapper-legacy\"><div class=\"fusion-image-element in-legacy-container\" style=\"--awb-caption-title-font-family:var(--h2_typography-font-family);--awb-caption-title-font-weight:var(--h2_typography-font-weight);--awb-caption-title-font-style:var(--h2_typography-font-style);--awb-caption-title-size:var(--h2_typography-font-size);--awb-caption-title-transform:var(--h2_typography-text-transform);--awb-caption-title-line-height:var(--h2_typography-line-height);--awb-caption-title-letter-spacing:var(--h2_typography-letter-spacing);\"><span class=\" fusion-imageframe imageframe-none imageframe-3 hover-type-none\"><img decoding=\"async\" width=\"520\" height=\"400\" alt=\"Laboratorio\" title=\"Laboratorio\" src=\"https:\/\/www.pigmea.es\/wp-content\/uploads\/2018\/09\/laboratorio520x400.png\" class=\"img-responsive wp-image-2560\" srcset=\"https:\/\/www.pigmea.es\/wp-content\/uploads\/2018\/09\/laboratorio520x400-200x154.png 200w, https:\/\/www.pigmea.es\/wp-content\/uploads\/2018\/09\/laboratorio520x400-400x308.png 400w, https:\/\/www.pigmea.es\/wp-content\/uploads\/2018\/09\/laboratorio520x400.png 520w\" sizes=\"(max-width: 1000px) 100vw, 520px\" \/><\/span><\/div><div class=\"fusion-clearfix\"><\/div><\/div><\/div><div class=\"fusion-layout-column fusion_builder_column fusion-builder-column-6 fusion_builder_column_2_5 2_5 fusion-two-fifth fusion-column-last\" style=\"--awb-bg-size:cover;--awb-margin-top:60px;width:40%;width:calc(40% - ( ( 4% ) * 0.4 ) );\"><div class=\"fusion-column-wrapper fusion-flex-column-wrapper-legacy\"><div class=\"fusion-text fusion-text-4\"><p>Seu laborat\u00f3rio colabora com centros de inova\u00e7\u00e3o tecnol\u00f3gica do pl\u00e1stico, universidades e outros organismos p\u00fablicos, centrando seu esfor\u00e7o na melhora t\u00e9cnica de seus produtos assim como no desenvolvimento de novas estruturas ou complexos para a embalagem flex\u00edvel alimentaria.<\/p>\n<\/div><div class=\"fusion-clearfix\"><\/div><\/div><\/div><\/div><\/div><div class=\"fusion-fullwidth fullwidth-box fusion-builder-row-2 nonhundred-percent-fullwidth non-hundred-percent-height-scrolling\" style=\"--awb-border-radius-top-left:0px;--awb-border-radius-top-right:0px;--awb-border-radius-bottom-right:0px;--awb-border-radius-bottom-left:0px;--awb-flex-wrap:wrap;\" ><div class=\"fusion-builder-row fusion-row\"><div class=\"fusion-layout-column fusion_builder_column fusion-builder-column-7 fusion_builder_column_1_1 1_1 fusion-one-full fusion-column-first fusion-column-last\" style=\"--awb-bg-size:cover;\"><div class=\"fusion-column-wrapper fusion-flex-column-wrapper-legacy\"><div class=\"fusion-title title fusion-title-1 fusion-sep-none fusion-title-text fusion-title-size-one\" style=\"--awb-margin-top-small:10px;--awb-margin-right-small:0px;--awb-margin-bottom-small:10px;--awb-margin-left-small:0px;\"><h1 class=\"fusion-title-heading title-heading-left fusion-responsive-typography-calculated\" style=\"margin:0;--fontSize:58;line-height:1.4;\"><h2>Projectos de investiga\u00e7\u00e3o<\/h2><\/h1><\/div><div class=\"fusion-clearfix\"><\/div><\/div><\/div><div class=\"fusion-layout-column fusion_builder_column fusion-builder-column-8 fusion_builder_column_1_6 1_6 fusion-one-sixth fusion-column-first\" style=\"--awb-bg-size:cover;width:16.666666666667%;width:calc(16.666666666667% - ( ( 4% + 4% + 4% ) * 0.16666666666667 ) );margin-right: 4%;\"><div class=\"fusion-column-wrapper fusion-flex-column-wrapper-legacy\"><div class=\"fusion-clearfix\"><\/div><\/div><\/div><div class=\"fusion-layout-column fusion_builder_column fusion-builder-column-9 fusion_builder_column_1_3 1_3 fusion-one-third\" style=\"--awb-bg-color:#ffffff;--awb-bg-color-hover:#ffffff;--awb-bg-size:cover;width:33.333333333333%;width:calc(33.333333333333% - ( ( 4% + 4% + 4% ) * 0.33333333333333 ) );margin-right: 4%;\"><div class=\"fusion-column-wrapper fusion-flex-column-wrapper-legacy\"><div class=\"fusion-image-element in-legacy-container\" style=\"--awb-caption-title-font-family:var(--h2_typography-font-family);--awb-caption-title-font-weight:var(--h2_typography-font-weight);--awb-caption-title-font-style:var(--h2_typography-font-style);--awb-caption-title-size:var(--h2_typography-font-size);--awb-caption-title-transform:var(--h2_typography-text-transform);--awb-caption-title-line-height:var(--h2_typography-line-height);--awb-caption-title-letter-spacing:var(--h2_typography-letter-spacing);\"><span class=\" fusion-imageframe imageframe-none imageframe-4 hover-type-none\"><a class=\"fusion-no-lightbox\" href=\"\/pt-pt\/active-ham-capa-de-presunto-com-controle-antibacteriano\/\" target=\"_self\" aria-label=\"Active ham\"><img decoding=\"async\" width=\"440\" height=\"290\" alt=\"Active Ham\" src=\"https:\/\/www.pigmea.es\/wp-content\/uploads\/2018\/09\/active_ham440x290.png\" class=\"img-responsive wp-image-2545\" srcset=\"https:\/\/www.pigmea.es\/wp-content\/uploads\/2018\/09\/active_ham440x290-200x132.png 200w, https:\/\/www.pigmea.es\/wp-content\/uploads\/2018\/09\/active_ham440x290-400x264.png 400w, https:\/\/www.pigmea.es\/wp-content\/uploads\/2018\/09\/active_ham440x290.png 440w\" sizes=\"(max-width: 1000px) 100vw, 400px\" \/><\/a><\/span><\/div><div class=\"fusion-text fusion-text-5\"><h3><a href=\"\/pt-pt\/active-ham-capa-de-presunto-com-controle-antibacteriano\/\">Active Ham: capa de presunto com controle antibacteriano<\/a><\/h3>\n<p>Desenvolvimento de capa de presunto com controle antibacteriano de material pl\u00e1stico n\u00e3o tecido. <a href=\"\/pt-pt\/active-ham-capa-de-presunto-com-controle-antibacteriano\/\">Ver mais<\/a><\/p>\n<\/div><div class=\"fusion-clearfix\"><\/div><\/div><\/div><div class=\"fusion-layout-column fusion_builder_column fusion-builder-column-10 fusion_builder_column_1_3 1_3 fusion-one-third\" style=\"--awb-bg-color:#ffffff;--awb-bg-color-hover:#ffffff;--awb-bg-size:cover;width:33.333333333333%;width:calc(33.333333333333% - ( ( 4% + 4% + 4% ) * 0.33333333333333 ) );margin-right: 4%;\"><div class=\"fusion-column-wrapper fusion-flex-column-wrapper-legacy\"><div class=\"fusion-image-element in-legacy-container\" style=\"--awb-caption-title-font-family:var(--h2_typography-font-family);--awb-caption-title-font-weight:var(--h2_typography-font-weight);--awb-caption-title-font-style:var(--h2_typography-font-style);--awb-caption-title-size:var(--h2_typography-font-size);--awb-caption-title-transform:var(--h2_typography-text-transform);--awb-caption-title-line-height:var(--h2_typography-line-height);--awb-caption-title-letter-spacing:var(--h2_typography-letter-spacing);\"><span class=\" fusion-imageframe imageframe-none imageframe-5 hover-type-none\"><a class=\"fusion-no-lightbox\" href=\"\/pt-pt\/ecohortitec-optimizacao-de-cultivos-horticolas-intensivos\/\" target=\"_self\" aria-label=\"Ecohortitec\"><img decoding=\"async\" width=\"440\" height=\"290\" alt=\"Ecohortitec\" src=\"https:\/\/www.pigmea.es\/wp-content\/uploads\/2018\/09\/ecohortitec440x290-1.png\" class=\"img-responsive wp-image-2542\" srcset=\"https:\/\/www.pigmea.es\/wp-content\/uploads\/2018\/09\/ecohortitec440x290-1-200x132.png 200w, https:\/\/www.pigmea.es\/wp-content\/uploads\/2018\/09\/ecohortitec440x290-1-400x264.png 400w, https:\/\/www.pigmea.es\/wp-content\/uploads\/2018\/09\/ecohortitec440x290-1.png 440w\" sizes=\"(max-width: 1000px) 100vw, 400px\" \/><\/a><\/span><\/div><div class=\"fusion-text fusion-text-6\"><h3><a href=\"\/pt-pt\/ecohortitec-optimizacao-de-cultivos-horticolas-intensivos\/\">ECOHORTITEC: optimiza\u00e7\u00e3o de cultivos hort\u00edcolas intensivos<\/a><\/h3>\n<p>Desenvolvimento de tecnologias eco-inovadoras para a melhora e optimiza\u00e7\u00e3o dos sistemas da produ\u00e7\u00e3o e p\u00f3s-colheita em cultivos hort\u00edcolas intensivos. <a href=\"\/pt-pt\/ecohortitec-optimizacao-de-cultivos-horticolas-intensivos\/\">Ver mais<\/a><\/p>\n<\/div><div class=\"fusion-clearfix\"><\/div><\/div><\/div><div class=\"fusion-layout-column fusion_builder_column fusion-builder-column-11 fusion_builder_column_1_6 1_6 fusion-one-sixth fusion-column-last\" style=\"--awb-bg-size:cover;width:16.666666666667%;width:calc(16.666666666667% - ( ( 4% + 4% + 4% ) * 0.16666666666667 ) );\"><div class=\"fusion-column-wrapper fusion-flex-column-wrapper-legacy\"><div class=\"fusion-clearfix\"><\/div><\/div><\/div><div class=\"fusion-layout-column fusion_builder_column fusion-builder-column-12 fusion_builder_column_1_3 1_3 fusion-one-third fusion-column-first\" style=\"--awb-bg-size:cover;width:33.333333333333%;width:calc(33.333333333333% - ( ( 4% + 4% ) * 0.33333333333333 ) );margin-right: 4%;\"><div class=\"fusion-column-wrapper fusion-flex-column-wrapper-legacy\"><div class=\"fusion-clearfix\"><\/div><\/div><\/div><div class=\"fusion-layout-column fusion_builder_column fusion-builder-column-13 fusion_builder_column_1_3 1_3 fusion-one-third\" style=\"--awb-bg-size:cover;width:33.333333333333%;width:calc(33.333333333333% - ( ( 4% + 4% ) * 0.33333333333333 ) );margin-right: 4%;\"><div class=\"fusion-column-wrapper fusion-flex-column-wrapper-legacy\"><div class=\"fusion-image-element in-legacy-container\" style=\"--awb-caption-title-font-family:var(--h2_typography-font-family);--awb-caption-title-font-weight:var(--h2_typography-font-weight);--awb-caption-title-font-style:var(--h2_typography-font-style);--awb-caption-title-size:var(--h2_typography-font-size);--awb-caption-title-transform:var(--h2_typography-text-transform);--awb-caption-title-line-height:var(--h2_typography-line-height);--awb-caption-title-letter-spacing:var(--h2_typography-letter-spacing);\"><span class=\" fusion-imageframe imageframe-none imageframe-6 hover-type-none\"><img decoding=\"async\" width=\"440\" height=\"290\" alt=\"logos CDTI, UE y MEC\" title=\"logos CDTI, UE y MEC\" src=\"https:\/\/www.pigmea.es\/wp-content\/uploads\/2018\/09\/logos-cdti-ue-mec440x290-1.png\" class=\"img-responsive wp-image-2539\" srcset=\"https:\/\/www.pigmea.es\/wp-content\/uploads\/2018\/09\/logos-cdti-ue-mec440x290-1-200x132.png 200w, https:\/\/www.pigmea.es\/wp-content\/uploads\/2018\/09\/logos-cdti-ue-mec440x290-1-400x264.png 400w, https:\/\/www.pigmea.es\/wp-content\/uploads\/2018\/09\/logos-cdti-ue-mec440x290-1.png 440w\" sizes=\"(max-width: 1000px) 100vw, 400px\" \/><\/span><\/div><div class=\"fusion-clearfix\"><\/div><\/div><\/div><div class=\"fusion-layout-column fusion_builder_column fusion-builder-column-14 fusion_builder_column_1_3 1_3 fusion-one-third fusion-column-last\" style=\"--awb-bg-size:cover;width:33.333333333333%;width:calc(33.333333333333% - ( ( 4% + 4% ) * 0.33333333333333 ) );\"><div class=\"fusion-column-wrapper fusion-flex-column-wrapper-legacy\"><div class=\"fusion-clearfix\"><\/div><\/div><\/div><\/div><\/div><div class=\"fusion-fullwidth fullwidth-box fusion-builder-row-3 nonhundred-percent-fullwidth non-hundred-percent-height-scrolling footer-cta\" style=\"--awb-border-radius-top-left:0px;--awb-border-radius-top-right:0px;--awb-border-radius-bottom-right:0px;--awb-border-radius-bottom-left:0px;--awb-padding-top:110px;--awb-padding-bottom:110px;--awb-flex-wrap:wrap;\" ><div class=\"fusion-builder-row fusion-row\"><div class=\"fusion-layout-column fusion_builder_column fusion-builder-column-15 fusion_builder_column_1_6 1_6 fusion-one-sixth fusion-column-first fusion-no-small-visibility\" style=\"--awb-bg-size:cover;width:13.3333%; margin-right: 4%;\"><div class=\"fusion-column-wrapper fusion-flex-column-wrapper-legacy\"><div class=\"fusion-clearfix\"><\/div><\/div><\/div><div class=\"fusion-layout-column fusion_builder_column fusion-builder-column-16 fusion_builder_column_2_3 2_3 fusion-two-third\" style=\"--awb-bg-size:cover;--awb-margin-top:3%;--awb-margin-bottom:3%;width:65.3333%; margin-right: 4%;\"><div class=\"fusion-column-wrapper fusion-flex-column-wrapper-legacy\"><div class=\"fusion-text fusion-text-7\"><h2 style=\"text-align: center; font-size: 72px;\">Contacte conosco<\/h2>\n<\/div><div class=\"fusion-text fusion-text-8\"><h4>Nossa equipe assessora lhe guiar\u00e1 para conseguir o maior rendimento e produtividade para uma impress\u00e3o flexogr\u00e1fica precisa e cuidada.<\/h4>\n<\/div><div class=\"fusion-sep-clear\"><\/div><div class=\"fusion-separator fusion-full-width-sep\" style=\"margin-left: auto;margin-right: auto;margin-top:20px;width:100%;\"><\/div><div class=\"fusion-sep-clear\"><\/div><div class=\"fusion-aligncenter\"><a class=\"fusion-button button-flat fusion-button-default-size button-default fusion-button-default button-1 fusion-button-default-span fusion-button-default-type\" target=\"_self\" href=\"\/pt-pt\/contato\/\"><span class=\"fusion-button-text awb-button__text awb-button__text--default\">CONTACTE COM UM ASSESSOR<\/span><\/a><\/div><div class=\"fusion-sep-clear\"><\/div><div class=\"fusion-separator fusion-full-width-sep\" style=\"margin-left: auto;margin-right: auto;margin-top:80px;width:100%;\"><\/div><div class=\"fusion-sep-clear\"><\/div><div class=\"fusion-text fusion-text-9\"><h2 style=\"text-align: center; font-size: 72px;\">Subscreva a nossa Newsletter<\/h2>\n<\/div><div class=\"fusion-text fusion-text-10\"><h4>Beneficia de descontos personalizados e recebe passes gratuitos para as principais feiras e eventos do setor.<\/h4>\n<\/div>                <div class=\"ml-form-embed\"\n                     data-account=\"3180802:s2l3i6z5n6\"\n                     data-form=\"4157344:t3y3b0\">\n                <\/div>\n            <div class=\"fusion-clearfix\"><\/div><\/div><\/div><div class=\"fusion-layout-column fusion_builder_column fusion-builder-column-17 fusion_builder_column_1_6 1_6 fusion-one-sixth fusion-column-last fusion-no-small-visibility\" style=\"--awb-bg-size:cover;width:13.3333%;\"><div class=\"fusion-column-wrapper fusion-flex-column-wrapper-legacy\"><div class=\"fusion-clearfix\"><\/div><\/div><\/div><\/div><\/div>\n<\/p>\n","protected":false},"excerpt":{"rendered":"","protected":false},"author":3,"featured_media":0,"parent":0,"menu_order":0,"comment_status":"closed","ping_status":"closed","template":"100-width.php","meta":{"_acf_changed":false,"footnotes":""},"class_list":["post-1826","page","type-page","status-publish","hentry"],"acf":[],"yoast_head":"<!-- This site is optimized with the Yoast SEO plugin v27.3 - https:\/\/yoast.com\/product\/yoast-seo-wordpress\/ -->\n<title>I+D+i - Pigmea<\/title>\n<meta name=\"robots\" content=\"index, follow, max-snippet:-1, max-image-preview:large, max-video-preview:-1\" \/>\n<link rel=\"canonical\" href=\"https:\/\/www.pigmea.es\/pt-pt\/idi\/\" \/>\n<meta property=\"og:locale\" content=\"pt_PT\" \/>\n<meta property=\"og:type\" content=\"article\" \/>\n<meta property=\"og:title\" content=\"I+D+i - Pigmea\" \/>\n<meta property=\"og:url\" content=\"https:\/\/www.pigmea.es\/pt-pt\/idi\/\" \/>\n<meta property=\"og:site_name\" content=\"Pigmea\" \/>\n<meta property=\"article:modified_time\" content=\"2020-02-11T10:02:51+00:00\" \/>\n<meta name=\"twitter:card\" content=\"summary_large_image\" \/>\n<meta name=\"twitter:label1\" content=\"Tempo estimado de leitura\" \/>\n\t<meta name=\"twitter:data1\" content=\"10 minutos\" \/>\n<script type=\"application\/ld+json\" class=\"yoast-schema-graph\">{\"@context\":\"https:\\\/\\\/schema.org\",\"@graph\":[{\"@type\":\"WebPage\",\"@id\":\"https:\\\/\\\/www.pigmea.es\\\/pt-pt\\\/idi\\\/\",\"url\":\"https:\\\/\\\/www.pigmea.es\\\/pt-pt\\\/idi\\\/\",\"name\":\"I+D+i - Pigmea\",\"isPartOf\":{\"@id\":\"https:\\\/\\\/www.pigmea.es\\\/pt-pt\\\/#website\"},\"datePublished\":\"2018-05-03T11:15:08+00:00\",\"dateModified\":\"2020-02-11T10:02:51+00:00\",\"breadcrumb\":{\"@id\":\"https:\\\/\\\/www.pigmea.es\\\/pt-pt\\\/idi\\\/#breadcrumb\"},\"inLanguage\":\"pt-PT\",\"potentialAction\":[{\"@type\":\"ReadAction\",\"target\":[\"https:\\\/\\\/www.pigmea.es\\\/pt-pt\\\/idi\\\/\"]}]},{\"@type\":\"BreadcrumbList\",\"@id\":\"https:\\\/\\\/www.pigmea.es\\\/pt-pt\\\/idi\\\/#breadcrumb\",\"itemListElement\":[{\"@type\":\"ListItem\",\"position\":1,\"name\":\"Portada\",\"item\":\"https:\\\/\\\/www.pigmea.es\\\/pt-pt\\\/\"},{\"@type\":\"ListItem\",\"position\":2,\"name\":\"I+D+i\"}]},{\"@type\":\"WebSite\",\"@id\":\"https:\\\/\\\/www.pigmea.es\\\/pt-pt\\\/#website\",\"url\":\"https:\\\/\\\/www.pigmea.es\\\/pt-pt\\\/\",\"name\":\"Pigmea\",\"description\":\"Impresi\u00f3n de films para envases flexibles\",\"potentialAction\":[{\"@type\":\"SearchAction\",\"target\":{\"@type\":\"EntryPoint\",\"urlTemplate\":\"https:\\\/\\\/www.pigmea.es\\\/pt-pt\\\/?s={search_term_string}\"},\"query-input\":{\"@type\":\"PropertyValueSpecification\",\"valueRequired\":true,\"valueName\":\"search_term_string\"}}],\"inLanguage\":\"pt-PT\"}]}<\/script>\n<!-- \/ Yoast SEO plugin. -->","yoast_head_json":{"title":"I+D+i - Pigmea","robots":{"index":"index","follow":"follow","max-snippet":"max-snippet:-1","max-image-preview":"max-image-preview:large","max-video-preview":"max-video-preview:-1"},"canonical":"https:\/\/www.pigmea.es\/pt-pt\/idi\/","og_locale":"pt_PT","og_type":"article","og_title":"I+D+i - Pigmea","og_url":"https:\/\/www.pigmea.es\/pt-pt\/idi\/","og_site_name":"Pigmea","article_modified_time":"2020-02-11T10:02:51+00:00","twitter_card":"summary_large_image","twitter_misc":{"Tempo estimado de leitura":"10 minutos"},"schema":{"@context":"https:\/\/schema.org","@graph":[{"@type":"WebPage","@id":"https:\/\/www.pigmea.es\/pt-pt\/idi\/","url":"https:\/\/www.pigmea.es\/pt-pt\/idi\/","name":"I+D+i - Pigmea","isPartOf":{"@id":"https:\/\/www.pigmea.es\/pt-pt\/#website"},"datePublished":"2018-05-03T11:15:08+00:00","dateModified":"2020-02-11T10:02:51+00:00","breadcrumb":{"@id":"https:\/\/www.pigmea.es\/pt-pt\/idi\/#breadcrumb"},"inLanguage":"pt-PT","potentialAction":[{"@type":"ReadAction","target":["https:\/\/www.pigmea.es\/pt-pt\/idi\/"]}]},{"@type":"BreadcrumbList","@id":"https:\/\/www.pigmea.es\/pt-pt\/idi\/#breadcrumb","itemListElement":[{"@type":"ListItem","position":1,"name":"Portada","item":"https:\/\/www.pigmea.es\/pt-pt\/"},{"@type":"ListItem","position":2,"name":"I+D+i"}]},{"@type":"WebSite","@id":"https:\/\/www.pigmea.es\/pt-pt\/#website","url":"https:\/\/www.pigmea.es\/pt-pt\/","name":"Pigmea","description":"Impresi\u00f3n de films para envases flexibles","potentialAction":[{"@type":"SearchAction","target":{"@type":"EntryPoint","urlTemplate":"https:\/\/www.pigmea.es\/pt-pt\/?s={search_term_string}"},"query-input":{"@type":"PropertyValueSpecification","valueRequired":true,"valueName":"search_term_string"}}],"inLanguage":"pt-PT"}]}},"_links":{"self":[{"href":"https:\/\/www.pigmea.es\/pt-pt\/wp-json\/wp\/v2\/pages\/1826","targetHints":{"allow":["GET"]}}],"collection":[{"href":"https:\/\/www.pigmea.es\/pt-pt\/wp-json\/wp\/v2\/pages"}],"about":[{"href":"https:\/\/www.pigmea.es\/pt-pt\/wp-json\/wp\/v2\/types\/page"}],"author":[{"embeddable":true,"href":"https:\/\/www.pigmea.es\/pt-pt\/wp-json\/wp\/v2\/users\/3"}],"replies":[{"embeddable":true,"href":"https:\/\/www.pigmea.es\/pt-pt\/wp-json\/wp\/v2\/comments?post=1826"}],"version-history":[{"count":5,"href":"https:\/\/www.pigmea.es\/pt-pt\/wp-json\/wp\/v2\/pages\/1826\/revisions"}],"predecessor-version":[{"id":3561,"href":"https:\/\/www.pigmea.es\/pt-pt\/wp-json\/wp\/v2\/pages\/1826\/revisions\/3561"}],"wp:attachment":[{"href":"https:\/\/www.pigmea.es\/pt-pt\/wp-json\/wp\/v2\/media?parent=1826"}],"curies":[{"name":"wp","href":"https:\/\/api.w.org\/{rel}","templated":true}]}}