
{"id":1798,"date":"2018-05-06T16:50:58","date_gmt":"2018-05-06T16:50:58","guid":{"rendered":"http:\/\/www.pigmea.es\/otros-sectores\/"},"modified":"2022-02-01T08:25:02","modified_gmt":"2022-02-01T08:25:02","slug":"outros-setores","status":"publish","type":"page","link":"https:\/\/www.pigmea.es\/pt-pt\/outros-setores\/","title":{"rendered":"Outros setores"},"content":{"rendered":"<p><div class=\"fusion-fullwidth fullwidth-box fusion-builder-row-1 nonhundred-percent-fullwidth non-hundred-percent-height-scrolling block-intro\" style=\"--awb-border-radius-top-left:0px;--awb-border-radius-top-right:0px;--awb-border-radius-bottom-right:0px;--awb-border-radius-bottom-left:0px;--awb-margin-bottom:0px;--awb-flex-wrap:wrap;\" ><div class=\"fusion-builder-row fusion-row\"><div class=\"fusion-layout-column fusion_builder_column fusion-builder-column-0 fusion_builder_column_1_1 1_1 fusion-one-full fusion-column-first fusion-column-last\" style=\"--awb-bg-size:cover;\"><div class=\"fusion-column-wrapper fusion-flex-column-wrapper-legacy\"><div class=\"fusion-text fusion-text-1\"><p style=\"text-align: center;\">Pigmea imprime e transforma filmes para embalagens principalmente para o sector alimentario, pelo que <strong>desenvolveu uns protocolos e sistemas de gest\u00e3o e de qualidade adequados para este sector<\/strong>.<\/p>\n<p style=\"text-align: center;\">Por\u00e9m, Pigmea pode ser fornecer de filme personalizado tamb\u00e9m para <strong>outros sectores que n\u00e3o fabricam produtos alimentarios<\/strong> mas se necessitam embalagem flex\u00edvel transformada com os mesmos processos.<\/p>\n<\/div><div class=\"fusion-clearfix\"><\/div><\/div><\/div><\/div><\/div><div class=\"fusion-fullwidth fullwidth-box fusion-builder-row-2 nonhundred-percent-fullwidth non-hundred-percent-height-scrolling\" style=\"--awb-border-radius-top-left:0px;--awb-border-radius-top-right:0px;--awb-border-radius-bottom-right:0px;--awb-border-radius-bottom-left:0px;--awb-flex-wrap:wrap;\" ><div class=\"fusion-builder-row fusion-row\"><div class=\"fusion-layout-column fusion_builder_column fusion-builder-column-1 fusion_builder_column_1_1 1_1 fusion-one-full fusion-column-first fusion-column-last\" style=\"--awb-bg-size:cover;\"><div class=\"fusion-column-wrapper fusion-flex-column-wrapper-legacy\"><div class=\"fusion-image-carousel fusion-image-carousel-auto fusion-image-carousel-1 fusion-carousel-border\" id=\"carusel-otros-sectores\"><div class=\"awb-carousel awb-swiper awb-swiper-carousel awb-carousel--carousel awb-swiper-dots-position-bottom\" data-layout=\"carousel\" data-autoplay=\"yes\" data-autoplayspeed=\"2500\" data-autoplaypause=\"no\" data-columns=\"3\" data-columnsmedium=\"1\" data-columnssmall=\"1\" data-itemmargin=\"13\" data-itemwidth=\"180\" data-touchscroll=\"no\" data-freemode=\"no\" data-imagesize=\"auto\" data-scrollitems=\"0\" data-centeredslides=\"no\" data-rotationangle=\"50\" data-depth=\"100\" data-speed=\"500\" data-shadow=\"no\" data-pagination=\"bullets\" style=\"--awb-columns:3;--awb-border-width:1px;--awb-border-color:#e9eaee;\"><div class=\"swiper-wrapper awb-image-carousel-wrapper fusion-flex-align-items-center\"><div class=\"swiper-slide\"><div class=\"fusion-carousel-item-wrapper\"><div class=\"fusion-image-wrapper hover-type-none\"><img decoding=\"async\" width=\"460\" height=\"460\" src=\"https:\/\/www.pigmea.es\/wp-content\/uploads\/2018\/09\/esponja.jpg\" class=\"attachment-full size-full\" alt=\"Esponja\" srcset=\"https:\/\/www.pigmea.es\/wp-content\/uploads\/2018\/09\/esponja-200x200.jpg 200w, https:\/\/www.pigmea.es\/wp-content\/uploads\/2018\/09\/esponja-400x400.jpg 400w, https:\/\/www.pigmea.es\/wp-content\/uploads\/2018\/09\/esponja.jpg 460w\" sizes=\"(min-width: 2200px) 100vw, (min-width: 784px) 381px, (min-width: 712px) 572px, (min-width: 640px) 712px, \" \/><\/div><\/div><\/div><div class=\"swiper-slide\"><div class=\"fusion-carousel-item-wrapper\"><div class=\"fusion-image-wrapper hover-type-none\"><img decoding=\"async\" width=\"460\" height=\"460\" src=\"https:\/\/www.pigmea.es\/wp-content\/uploads\/2018\/09\/jabon-de-manos.jpg\" class=\"attachment-full size-full\" alt=\"Jab\u00f3n de manos\" srcset=\"https:\/\/www.pigmea.es\/wp-content\/uploads\/2018\/09\/jabon-de-manos-200x200.jpg 200w, https:\/\/www.pigmea.es\/wp-content\/uploads\/2018\/09\/jabon-de-manos-400x400.jpg 400w, https:\/\/www.pigmea.es\/wp-content\/uploads\/2018\/09\/jabon-de-manos.jpg 460w\" sizes=\"(min-width: 2200px) 100vw, (min-width: 784px) 381px, (min-width: 712px) 572px, (min-width: 640px) 712px, \" \/><\/div><\/div><\/div><div class=\"swiper-slide\"><div class=\"fusion-carousel-item-wrapper\"><div class=\"fusion-image-wrapper hover-type-none\"><img decoding=\"async\" width=\"460\" height=\"460\" src=\"https:\/\/www.pigmea.es\/wp-content\/uploads\/2018\/09\/papel-higienico.jpg\" class=\"attachment-full size-full\" alt=\"Papel higi\u00e9nico\" srcset=\"https:\/\/www.pigmea.es\/wp-content\/uploads\/2018\/09\/papel-higienico-200x200.jpg 200w, https:\/\/www.pigmea.es\/wp-content\/uploads\/2018\/09\/papel-higienico-400x400.jpg 400w, https:\/\/www.pigmea.es\/wp-content\/uploads\/2018\/09\/papel-higienico.jpg 460w\" sizes=\"(min-width: 2200px) 100vw, (min-width: 784px) 381px, (min-width: 712px) 572px, (min-width: 640px) 712px, \" \/><\/div><\/div><\/div><div class=\"swiper-slide\"><div class=\"fusion-carousel-item-wrapper\"><div class=\"fusion-image-wrapper hover-type-none\"><img decoding=\"async\" width=\"460\" height=\"460\" src=\"https:\/\/www.pigmea.es\/wp-content\/uploads\/2018\/09\/rueda-bici.jpg\" class=\"attachment-full size-full\" alt=\"Rueda bici\" srcset=\"https:\/\/www.pigmea.es\/wp-content\/uploads\/2018\/09\/rueda-bici-200x200.jpg 200w, https:\/\/www.pigmea.es\/wp-content\/uploads\/2018\/09\/rueda-bici-400x400.jpg 400w, https:\/\/www.pigmea.es\/wp-content\/uploads\/2018\/09\/rueda-bici.jpg 460w\" sizes=\"(min-width: 2200px) 100vw, (min-width: 784px) 381px, (min-width: 712px) 572px, (min-width: 640px) 712px, \" \/><\/div><\/div><\/div><div class=\"swiper-slide\"><div class=\"fusion-carousel-item-wrapper\"><div class=\"fusion-image-wrapper hover-type-none\"><img decoding=\"async\" width=\"460\" height=\"460\" src=\"https:\/\/www.pigmea.es\/wp-content\/uploads\/2018\/09\/toallita-perfumada.jpg\" class=\"attachment-full size-full\" alt=\"Toallitas perfumadas\" srcset=\"https:\/\/www.pigmea.es\/wp-content\/uploads\/2018\/09\/toallita-perfumada-200x200.jpg 200w, https:\/\/www.pigmea.es\/wp-content\/uploads\/2018\/09\/toallita-perfumada-400x400.jpg 400w, https:\/\/www.pigmea.es\/wp-content\/uploads\/2018\/09\/toallita-perfumada.jpg 460w\" sizes=\"(min-width: 2200px) 100vw, (min-width: 784px) 381px, (min-width: 712px) 572px, (min-width: 640px) 712px, \" \/><\/div><\/div><\/div><div class=\"swiper-slide\"><div class=\"fusion-carousel-item-wrapper\"><div class=\"fusion-image-wrapper hover-type-none\"><img decoding=\"async\" width=\"460\" height=\"460\" src=\"https:\/\/www.pigmea.es\/wp-content\/uploads\/2018\/09\/toallitas.jpg\" class=\"attachment-full size-full\" alt=\"Toallitas\" srcset=\"https:\/\/www.pigmea.es\/wp-content\/uploads\/2018\/09\/toallitas-200x200.jpg 200w, https:\/\/www.pigmea.es\/wp-content\/uploads\/2018\/09\/toallitas-400x400.jpg 400w, https:\/\/www.pigmea.es\/wp-content\/uploads\/2018\/09\/toallitas.jpg 460w\" sizes=\"(min-width: 2200px) 100vw, (min-width: 784px) 381px, (min-width: 712px) 572px, (min-width: 640px) 712px, \" \/><\/div><\/div><\/div><\/div><div class=\"awb-swiper-button awb-swiper-button-prev\"><i class=\"awb-icon-angle-left\" aria-hidden=\"true\"><\/i><\/div><div class=\"awb-swiper-button awb-swiper-button-next\"><i class=\"awb-icon-angle-right\" aria-hidden=\"true\"><\/i><\/div><\/div><\/div><div class=\"fusion-clearfix\"><\/div><\/div><\/div><\/div><\/div><div class=\"fusion-fullwidth fullwidth-box fusion-builder-row-3 nonhundred-percent-fullwidth non-hundred-percent-height-scrolling\" style=\"--awb-border-radius-top-left:0px;--awb-border-radius-top-right:0px;--awb-border-radius-bottom-right:0px;--awb-border-radius-bottom-left:0px;--awb-padding-top:80px;--awb-padding-bottom:65px;--awb-background-color:#fbfcfd;--awb-flex-wrap:wrap;\" ><div class=\"fusion-builder-row fusion-row\"><div class=\"fusion-layout-column fusion_builder_column fusion-builder-column-2 fusion_builder_column_1_1 1_1 fusion-one-full fusion-column-first fusion-column-last block-sectors\" style=\"--awb-bg-size:cover;\"><div class=\"fusion-column-wrapper fusion-flex-column-wrapper-legacy\"><div class=\"fusion-content-boxes content-boxes columns row fusion-columns-3 fusion-columns-total-9 fusion-content-boxes-1 content-boxes-icon-on-top content-left\" style=\"--awb-backgroundcolor:#ffffff;--awb-body-color:rgba(3,27,78,0.7);--awb-margin-top:60px;--awb-margin-bottom:10px;--awb-hover-accent-color:#5bdccd;--awb-circle-hover-accent-color:transparent;\" data-animationOffset=\"top-into-view\"><div style=\"--awb-backgroundcolor:#ffffff;\" class=\"fusion-column content-box-column content-box-column content-box-column-1 col-lg-4 col-md-4 col-sm-4 fusion-content-box-hover content-box-column-first-in-row\"><div class=\"col content-box-wrapper content-wrapper-background link-area-box icon-hover-animation-fade\" data-animationOffset=\"top-into-view\"><div class=\"heading heading-with-icon icon-left\"><div aria-hidden=\"true\" class=\"image\"><img decoding=\"async\" src=\"https:\/\/www.pigmea.es\/wp-content\/uploads\/2018\/11\/o-01.png\" width=\"100\" height=\"100\" alt=\"\" \/><\/div><h2 class=\"content-box-heading fusion-responsive-typography-calculated\" style=\"--h2_typography-font-size:26px;--fontSize:26;line-height:1.4;\">Embalagens para o sector farmac\u00eautico e m\u00e9dico-cir\u00fargico<\/h2><\/div><div class=\"fusion-clearfix\"><\/div><div class=\"content-container\">\n<p>Embalagens flex\u00edveis para \u00f3leos, l\u00edquidos, g\u00e9is, complementos diet\u00e9ticos, material para curas, luvas de l\u00e1tex, seringas, ataduras, instrumental cir\u00fargico esterilizado&#8230;<\/p>\n<\/div><\/div><\/div><div style=\"--awb-backgroundcolor:#ffffff;\" class=\"fusion-column content-box-column content-box-column content-box-column-2 col-lg-4 col-md-4 col-sm-4 fusion-content-box-hover \"><div class=\"col content-box-wrapper content-wrapper-background link-area-box icon-hover-animation-fade\" data-animationOffset=\"top-into-view\"><div class=\"heading heading-with-icon icon-left\"><div aria-hidden=\"true\" class=\"image\"><img decoding=\"async\" src=\"https:\/\/www.pigmea.es\/wp-content\/uploads\/2018\/11\/o-02.png\" width=\"100\" height=\"100\" alt=\"\" \/><\/div><h2 class=\"content-box-heading fusion-responsive-typography-calculated\" style=\"--h2_typography-font-size:26px;--fontSize:26;line-height:1.4;\">Embalagens para automa\u00e7\u00e3o e reposi\u00e7\u00f5es<\/h2><\/div><div class=\"fusion-clearfix\"><\/div><div class=\"content-container\">\n<p>Embalagens flex\u00edveis para todo tipo de pe\u00e7as de substitui\u00e7\u00e3o ou reposi\u00e7\u00e3o para automa\u00e7\u00e3o. Calotas, limpadores de para-brisa, parafuso, ferragens\u2026<\/p>\n<\/div><\/div><\/div><div style=\"--awb-backgroundcolor:#ffffff;\" class=\"fusion-column content-box-column content-box-column content-box-column-3 col-lg-4 col-md-4 col-sm-4 fusion-content-box-hover content-box-column-last-in-row\"><div class=\"col content-box-wrapper content-wrapper-background link-area-box icon-hover-animation-fade\" data-animationOffset=\"top-into-view\"><div class=\"heading heading-with-icon icon-left\"><div aria-hidden=\"true\" class=\"image\"><img decoding=\"async\" src=\"https:\/\/www.pigmea.es\/wp-content\/uploads\/2018\/11\/o-03.png\" width=\"100\" height=\"100\" alt=\"\" \/><\/div><h2 class=\"content-box-heading fusion-responsive-typography-calculated\" style=\"--h2_typography-font-size:26px;--fontSize:26;line-height:1.4;\">Embalagens para drogaria e perfumaria<\/h2><\/div><div class=\"fusion-clearfix\"><\/div><div class=\"content-container\">\n<p>Embalagens flex\u00edveis para artigos de cuidado e banheiro pessoal, cosm\u00e9tica e perfumaria, limpeza, l\u00edquidos, pertence \u00edntimo mulher, papel higi\u00e9nico, bolsas de lixo\u2026<\/p>\n<\/div><\/div><\/div><div style=\"--awb-backgroundcolor:#ffffff;\" class=\"fusion-column content-box-column content-box-column content-box-column-4 col-lg-4 col-md-4 col-sm-4 fusion-content-box-hover content-box-column-first-in-row\"><div class=\"col content-box-wrapper content-wrapper-background link-area-box icon-hover-animation-fade\" data-animationOffset=\"top-into-view\"><div class=\"heading heading-with-icon icon-left\"><div aria-hidden=\"true\" class=\"image\"><img decoding=\"async\" src=\"https:\/\/www.pigmea.es\/wp-content\/uploads\/2018\/11\/o-04.png\" width=\"100\" height=\"100\" alt=\"\" \/><\/div><h2 class=\"content-box-heading fusion-responsive-typography-calculated\" style=\"--h2_typography-font-size:26px;--fontSize:26;line-height:1.4;\">Embalagens para utens\u00edlios de cozinha e lar<\/h2><\/div><div class=\"fusion-clearfix\"><\/div><div class=\"content-container\">\n<p>Embalagens flex\u00edveis para talheres e e utens\u00edlios de cozinha de um s\u00f3 uso, guardanapos, utens\u00edlios de cozinha, produtos de decora\u00e7\u00e3o, velas arom\u00e1ticas\u2026<\/p>\n<\/div><\/div><\/div><div style=\"--awb-backgroundcolor:#ffffff;\" class=\"fusion-column content-box-column content-box-column content-box-column-5 col-lg-4 col-md-4 col-sm-4 fusion-content-box-hover \"><div class=\"col content-box-wrapper content-wrapper-background link-area-box icon-hover-animation-fade\" data-animationOffset=\"top-into-view\"><div class=\"heading heading-with-icon icon-left\"><div aria-hidden=\"true\" class=\"image\"><img decoding=\"async\" src=\"https:\/\/www.pigmea.es\/wp-content\/uploads\/2018\/11\/o-05.png\" width=\"100\" height=\"100\" alt=\"\" \/><\/div><h2 class=\"content-box-heading fusion-responsive-typography-calculated\" style=\"--h2_typography-font-size:26px;--fontSize:26;line-height:1.4;\">Embalagens para papelaria e brinquedos<\/h2><\/div><div class=\"fusion-clearfix\"><\/div><div class=\"content-container\">\n<p>Embalagens flex\u00edveis para figurinhas, figuras, cart\u00f5es, livros, revistas, quebra-cabe\u00e7as, manualidades\u2026<\/p>\n<\/div><\/div><\/div><div style=\"--awb-backgroundcolor:#ffffff;\" class=\"fusion-column content-box-column content-box-column content-box-column-6 col-lg-4 col-md-4 col-sm-4 fusion-content-box-hover content-box-column-last-in-row\"><div class=\"col content-box-wrapper content-wrapper-background link-area-box icon-hover-animation-fade\" data-animationOffset=\"top-into-view\"><div class=\"heading heading-with-icon icon-left\"><div aria-hidden=\"true\" class=\"image\"><img decoding=\"async\" src=\"https:\/\/www.pigmea.es\/wp-content\/uploads\/2018\/11\/o-06.png\" width=\"100\" height=\"100\" alt=\"\" \/><\/div><h2 class=\"content-box-heading fusion-responsive-typography-calculated\" style=\"--h2_typography-font-size:26px;--fontSize:26;line-height:1.4;\">Embalagens para roupas t\u00eaxteis<\/h2><\/div><div class=\"fusion-clearfix\"><\/div><div class=\"content-container\">\n<p>Embalagens flex\u00edveis para todo tipo de roupas t\u00eaxteis como cobertor, camisas, camisetas, cortinas, jogos de mesa\u2026<\/p>\n<\/div><\/div><\/div><div style=\"--awb-backgroundcolor:#ffffff;\" class=\"fusion-column content-box-column content-box-column content-box-column-7 col-lg-4 col-md-4 col-sm-4 fusion-content-box-hover content-box-column-first-in-row\"><div class=\"col content-box-wrapper content-wrapper-background link-area-box icon-hover-animation-fade\" data-animationOffset=\"top-into-view\"><div class=\"heading heading-with-icon icon-left\"><div aria-hidden=\"true\" class=\"image\"><img decoding=\"async\" src=\"https:\/\/www.pigmea.es\/wp-content\/uploads\/2018\/11\/o-07.png\" width=\"100\" height=\"100\" alt=\"\" \/><\/div><h2 class=\"content-box-heading fusion-responsive-typography-calculated\" style=\"--h2_typography-font-size:26px;--fontSize:26;line-height:1.4;\">Embalagens para produtos qu\u00edmicos<\/h2><\/div><div class=\"fusion-clearfix\"><\/div><div class=\"content-container\">\n<p>Embalagens flex\u00edveis para produtos qu\u00edmicos em p\u00f3 ou l\u00edquidos, insecticidas, pinturas, vernizes, massa de vidraceiro\u2026<\/p>\n<\/div><\/div><\/div><div style=\"--awb-backgroundcolor:#ffffff;\" class=\"fusion-column content-box-column content-box-column content-box-column-8 col-lg-4 col-md-4 col-sm-4 fusion-content-box-hover \"><div class=\"col content-box-wrapper content-wrapper-background link-area-box icon-hover-animation-fade\" data-animationOffset=\"top-into-view\"><div class=\"heading heading-with-icon icon-left\"><div aria-hidden=\"true\" class=\"image\"><img decoding=\"async\" src=\"https:\/\/www.pigmea.es\/wp-content\/uploads\/2018\/11\/o-08.png\" width=\"100\" height=\"100\" alt=\"\" \/><\/div><h2 class=\"content-box-heading fusion-responsive-typography-calculated\" style=\"--h2_typography-font-size:26px;--fontSize:26;line-height:1.4;\">Embalagens para serralharia e ferramentas<\/h2><\/div><div class=\"fusion-clearfix\"><\/div><div class=\"content-container\">\n<p>Embalagens flex\u00edveis para pe\u00e7as de encanamento, parafusos, ferramentas, adesivos, kits de montagem\u2026<\/p>\n<\/div><\/div><\/div><div style=\"--awb-backgroundcolor:#ffffff;\" class=\"fusion-column content-box-column content-box-column content-box-column-9 col-lg-4 col-md-4 col-sm-4 fusion-content-box-hover content-box-column-last content-box-column-last-in-row\"><div class=\"col content-box-wrapper content-wrapper-background link-area-box icon-hover-animation-fade\" data-animationOffset=\"top-into-view\"><div class=\"heading heading-with-icon icon-left\"><div aria-hidden=\"true\" class=\"image\"><img decoding=\"async\" src=\"https:\/\/www.pigmea.es\/wp-content\/uploads\/2018\/11\/o-09.png\" width=\"100\" height=\"100\" alt=\"\" \/><\/div><h2 class=\"content-box-heading fusion-responsive-typography-calculated\" style=\"--h2_typography-font-size:26px;--fontSize:26;line-height:1.4;\">Embalagens para produtos fitossanit\u00e1rios<\/h2><\/div><div class=\"fusion-clearfix\"><\/div><div class=\"content-container\">\n<p>Embalagens flex\u00edveis para adubo em formato l\u00edquido como s\u00f3lido, insecticidas, fungicidas, praguicidas e produtos para o cuidado de cultivos de exterior, jardim ou estufa\u2026<\/p>\n<\/div><\/div><\/div><div class=\"fusion-clearfix\"><\/div><\/div><div class=\"fusion-clearfix\"><\/div><\/div><\/div><\/div><\/div><div class=\"fusion-fullwidth fullwidth-box fusion-builder-row-4 nonhundred-percent-fullwidth non-hundred-percent-height-scrolling footer-cta\" style=\"--awb-border-radius-top-left:0px;--awb-border-radius-top-right:0px;--awb-border-radius-bottom-right:0px;--awb-border-radius-bottom-left:0px;--awb-padding-top:110px;--awb-padding-bottom:110px;--awb-flex-wrap:wrap;\" ><div class=\"fusion-builder-row fusion-row\"><div class=\"fusion-layout-column fusion_builder_column fusion-builder-column-3 fusion_builder_column_1_6 1_6 fusion-one-sixth fusion-column-first fusion-no-small-visibility\" style=\"--awb-bg-size:cover;width:13.3333%; margin-right: 4%;\"><div class=\"fusion-column-wrapper fusion-flex-column-wrapper-legacy\"><div class=\"fusion-clearfix\"><\/div><\/div><\/div><div class=\"fusion-layout-column fusion_builder_column fusion-builder-column-4 fusion_builder_column_2_3 2_3 fusion-two-third\" style=\"--awb-bg-size:cover;--awb-margin-top:3%;--awb-margin-bottom:3%;width:65.3333%; margin-right: 4%;\"><div class=\"fusion-column-wrapper fusion-flex-column-wrapper-legacy\"><div class=\"fusion-text fusion-text-2\"><h2 style=\"text-align: center; font-size: 72px;\">Contacte conosco<\/h2>\n<\/div><div class=\"fusion-text fusion-text-3\"><h4>Nossa equipe assessora lhe guiar\u00e1 para conseguir o maior rendimento e produtividade para uma impress\u00e3o flexogr\u00e1fica precisa e cuidada.<\/h4>\n<\/div><div class=\"fusion-sep-clear\"><\/div><div class=\"fusion-separator fusion-full-width-sep\" style=\"margin-left: auto;margin-right: auto;margin-top:20px;width:100%;\"><\/div><div class=\"fusion-sep-clear\"><\/div><div class=\"fusion-aligncenter\"><a class=\"fusion-button button-flat fusion-button-default-size button-default fusion-button-default button-1 fusion-button-default-span fusion-button-default-type\" target=\"_self\" href=\"\/pt-pt\/contato\/\"><span class=\"fusion-button-text awb-button__text awb-button__text--default\">CONTACTE COM UM ASSESSOR<\/span><\/a><\/div><div class=\"fusion-sep-clear\"><\/div><div class=\"fusion-separator fusion-full-width-sep\" style=\"margin-left: auto;margin-right: auto;margin-top:80px;width:100%;\"><\/div><div class=\"fusion-sep-clear\"><\/div><div class=\"fusion-text fusion-text-4\"><h2 style=\"text-align: center; font-size: 72px;\">Subscreva a nossa Newsletter<\/h2>\n<\/div><div class=\"fusion-text fusion-text-5\"><h4>Beneficia de descontos personalizados e recebe passes gratuitos para as principais feiras e eventos do setor.<\/h4>\n<\/div>                <div class=\"ml-form-embed\"\n                     data-account=\"3180802:s2l3i6z5n6\"\n                     data-form=\"4157344:t3y3b0\">\n                <\/div>\n            <div class=\"fusion-clearfix\"><\/div><\/div><\/div><div class=\"fusion-layout-column fusion_builder_column fusion-builder-column-5 fusion_builder_column_1_6 1_6 fusion-one-sixth fusion-column-last fusion-no-small-visibility\" style=\"--awb-bg-size:cover;width:13.3333%;\"><div class=\"fusion-column-wrapper fusion-flex-column-wrapper-legacy\"><div class=\"fusion-clearfix\"><\/div><\/div><\/div><\/div><\/div>\n<\/p>\n","protected":false},"excerpt":{"rendered":"","protected":false},"author":3,"featured_media":0,"parent":0,"menu_order":0,"comment_status":"closed","ping_status":"closed","template":"100-width.php","meta":{"_acf_changed":false,"footnotes":""},"class_list":["post-1798","page","type-page","status-publish","hentry"],"acf":[],"yoast_head":"<!-- This site is optimized with the Yoast SEO plugin v27.3 - https:\/\/yoast.com\/product\/yoast-seo-wordpress\/ -->\n<title>Outros setores - Pigmea<\/title>\n<meta name=\"robots\" content=\"index, follow, max-snippet:-1, max-image-preview:large, max-video-preview:-1\" \/>\n<link rel=\"canonical\" href=\"https:\/\/www.pigmea.es\/pt-pt\/outros-setores\/\" \/>\n<meta property=\"og:locale\" content=\"pt_PT\" \/>\n<meta property=\"og:type\" content=\"article\" \/>\n<meta property=\"og:title\" content=\"Outros setores - Pigmea\" \/>\n<meta property=\"og:url\" content=\"https:\/\/www.pigmea.es\/pt-pt\/outros-setores\/\" \/>\n<meta property=\"og:site_name\" content=\"Pigmea\" \/>\n<meta property=\"article:modified_time\" content=\"2022-02-01T08:25:02+00:00\" \/>\n<meta name=\"twitter:card\" content=\"summary_large_image\" \/>\n<meta name=\"twitter:label1\" content=\"Tempo estimado de leitura\" \/>\n\t<meta name=\"twitter:data1\" content=\"7 minutos\" \/>\n<script type=\"application\/ld+json\" class=\"yoast-schema-graph\">{\"@context\":\"https:\\\/\\\/schema.org\",\"@graph\":[{\"@type\":\"WebPage\",\"@id\":\"https:\\\/\\\/www.pigmea.es\\\/pt-pt\\\/outros-setores\\\/\",\"url\":\"https:\\\/\\\/www.pigmea.es\\\/pt-pt\\\/outros-setores\\\/\",\"name\":\"Outros setores - Pigmea\",\"isPartOf\":{\"@id\":\"https:\\\/\\\/www.pigmea.es\\\/pt-pt\\\/#website\"},\"datePublished\":\"2018-05-06T16:50:58+00:00\",\"dateModified\":\"2022-02-01T08:25:02+00:00\",\"breadcrumb\":{\"@id\":\"https:\\\/\\\/www.pigmea.es\\\/pt-pt\\\/outros-setores\\\/#breadcrumb\"},\"inLanguage\":\"pt-PT\",\"potentialAction\":[{\"@type\":\"ReadAction\",\"target\":[\"https:\\\/\\\/www.pigmea.es\\\/pt-pt\\\/outros-setores\\\/\"]}]},{\"@type\":\"BreadcrumbList\",\"@id\":\"https:\\\/\\\/www.pigmea.es\\\/pt-pt\\\/outros-setores\\\/#breadcrumb\",\"itemListElement\":[{\"@type\":\"ListItem\",\"position\":1,\"name\":\"Portada\",\"item\":\"https:\\\/\\\/www.pigmea.es\\\/pt-pt\\\/\"},{\"@type\":\"ListItem\",\"position\":2,\"name\":\"Outros setores\"}]},{\"@type\":\"WebSite\",\"@id\":\"https:\\\/\\\/www.pigmea.es\\\/pt-pt\\\/#website\",\"url\":\"https:\\\/\\\/www.pigmea.es\\\/pt-pt\\\/\",\"name\":\"Pigmea\",\"description\":\"Impresi\u00f3n de films para envases flexibles\",\"potentialAction\":[{\"@type\":\"SearchAction\",\"target\":{\"@type\":\"EntryPoint\",\"urlTemplate\":\"https:\\\/\\\/www.pigmea.es\\\/pt-pt\\\/?s={search_term_string}\"},\"query-input\":{\"@type\":\"PropertyValueSpecification\",\"valueRequired\":true,\"valueName\":\"search_term_string\"}}],\"inLanguage\":\"pt-PT\"}]}<\/script>\n<!-- \/ Yoast SEO plugin. -->","yoast_head_json":{"title":"Outros setores - Pigmea","robots":{"index":"index","follow":"follow","max-snippet":"max-snippet:-1","max-image-preview":"max-image-preview:large","max-video-preview":"max-video-preview:-1"},"canonical":"https:\/\/www.pigmea.es\/pt-pt\/outros-setores\/","og_locale":"pt_PT","og_type":"article","og_title":"Outros setores - Pigmea","og_url":"https:\/\/www.pigmea.es\/pt-pt\/outros-setores\/","og_site_name":"Pigmea","article_modified_time":"2022-02-01T08:25:02+00:00","twitter_card":"summary_large_image","twitter_misc":{"Tempo estimado de leitura":"7 minutos"},"schema":{"@context":"https:\/\/schema.org","@graph":[{"@type":"WebPage","@id":"https:\/\/www.pigmea.es\/pt-pt\/outros-setores\/","url":"https:\/\/www.pigmea.es\/pt-pt\/outros-setores\/","name":"Outros setores - Pigmea","isPartOf":{"@id":"https:\/\/www.pigmea.es\/pt-pt\/#website"},"datePublished":"2018-05-06T16:50:58+00:00","dateModified":"2022-02-01T08:25:02+00:00","breadcrumb":{"@id":"https:\/\/www.pigmea.es\/pt-pt\/outros-setores\/#breadcrumb"},"inLanguage":"pt-PT","potentialAction":[{"@type":"ReadAction","target":["https:\/\/www.pigmea.es\/pt-pt\/outros-setores\/"]}]},{"@type":"BreadcrumbList","@id":"https:\/\/www.pigmea.es\/pt-pt\/outros-setores\/#breadcrumb","itemListElement":[{"@type":"ListItem","position":1,"name":"Portada","item":"https:\/\/www.pigmea.es\/pt-pt\/"},{"@type":"ListItem","position":2,"name":"Outros setores"}]},{"@type":"WebSite","@id":"https:\/\/www.pigmea.es\/pt-pt\/#website","url":"https:\/\/www.pigmea.es\/pt-pt\/","name":"Pigmea","description":"Impresi\u00f3n de films para envases flexibles","potentialAction":[{"@type":"SearchAction","target":{"@type":"EntryPoint","urlTemplate":"https:\/\/www.pigmea.es\/pt-pt\/?s={search_term_string}"},"query-input":{"@type":"PropertyValueSpecification","valueRequired":true,"valueName":"search_term_string"}}],"inLanguage":"pt-PT"}]}},"_links":{"self":[{"href":"https:\/\/www.pigmea.es\/pt-pt\/wp-json\/wp\/v2\/pages\/1798","targetHints":{"allow":["GET"]}}],"collection":[{"href":"https:\/\/www.pigmea.es\/pt-pt\/wp-json\/wp\/v2\/pages"}],"about":[{"href":"https:\/\/www.pigmea.es\/pt-pt\/wp-json\/wp\/v2\/types\/page"}],"author":[{"embeddable":true,"href":"https:\/\/www.pigmea.es\/pt-pt\/wp-json\/wp\/v2\/users\/3"}],"replies":[{"embeddable":true,"href":"https:\/\/www.pigmea.es\/pt-pt\/wp-json\/wp\/v2\/comments?post=1798"}],"version-history":[{"count":14,"href":"https:\/\/www.pigmea.es\/pt-pt\/wp-json\/wp\/v2\/pages\/1798\/revisions"}],"predecessor-version":[{"id":3902,"href":"https:\/\/www.pigmea.es\/pt-pt\/wp-json\/wp\/v2\/pages\/1798\/revisions\/3902"}],"wp:attachment":[{"href":"https:\/\/www.pigmea.es\/pt-pt\/wp-json\/wp\/v2\/media?parent=1798"}],"curies":[{"name":"wp","href":"https:\/\/api.w.org\/{rel}","templated":true}]}}