
{"id":3872,"date":"2022-01-28T09:55:55","date_gmt":"2022-01-28T09:55:55","guid":{"rendered":"https:\/\/www.pigmea.es\/?page_id=3872"},"modified":"2022-01-28T09:55:55","modified_gmt":"2022-01-28T09:55:55","slug":"politique-de-confidentialite","status":"publish","type":"page","link":"https:\/\/www.pigmea.es\/fr\/politique-de-confidentialite\/","title":{"rendered":"Politique de confidentialit\u00e9"},"content":{"rendered":"<p>Aux fins des dispositions de la r\u00e9glementation en vigueur sur la protection des donn\u00e9es personnelles, \u00e0 travers la pr\u00e9sente politique de confidentialit\u00e9, PIGMEA, S.L. (\u00ab\u00a0PIGMEA\u00a0\u00bb) informe les utilisateurs (l'\u00a0\u00bbUtilisateur\u00a0\u00bb ou les \u00ab\u00a0Utilisateurs\u00a0\u00bb) du site Web www.pigmea.es, dont il est propri\u00e9taire et responsable (le \u00ab\u00a0Web\u00a0\u00bb), de sa politique de protection des donn\u00e9es personnelles.<\/p>\n<p>De cette mani\u00e8re, les Utilisateurs peuvent d\u00e9terminer librement et volontairement s&rsquo;ils souhaitent fournir \u00e0 PIGMEA les donn\u00e9es personnelles qui peuvent \u00eatre n\u00e9cessaires ou qui peuvent \u00eatre obtenues \u00e0 leur sujet lors de l&rsquo;acc\u00e8s et de l&rsquo;utilisation du Web, ainsi que des services offerts par Pygmy.<\/p>\n<p>&nbsp;<\/p>\n<h4>Qui est responsable du traitement de vos donn\u00e9es personnelles ?<\/h4>\n<p>Responsable du traitement : PIGMEA, S.L.<\/p>\n<p>Adresse : Pol. Ind. El Chaparral s\/n, 23692 Santa Ana, Alcal\u00e1 la Real (Ja\u00e9n), Espagne.<\/p>\n<p>Courriel : rgpd@grupodisenosnt.com<\/p>\n<p>&nbsp;<\/p>\n<h4>Dans quel but traitons-nous vos donn\u00e9es ?<\/h4>\n<p>Selon l&rsquo;endroit o\u00f9 vous nous fournissez vos donn\u00e9es, nous les traiterons aux fins suivantes :<\/p>\n<p>1 \u2013 R\u00e9pondez \u00e0 vos questions<br \/>\nSi vous avez des questions, nous traiterons vos donn\u00e9es pour g\u00e9rer vos questions ou suggestions.<\/p>\n<p>2 \u2013 Envoi d&rsquo;informations commerciales et newsletter<br \/>\nPour vous envoyer des communications commerciales personnalis\u00e9es en fonction de vos pr\u00e9f\u00e9rences et vous tenir inform\u00e9 de nos produits, initiatives et services, par voie \u00e9lectronique ou non.<\/p>\n<p>Vous pouvez vous d\u00e9sabonner \u00e0 tout moment en envoyant un e-mail \u00e0 rgpd@grupodisenosnt.com.<\/p>\n<p>&nbsp;<\/p>\n<h4>Quelle est la l\u00e9gitimit\u00e9 l\u00e9gale du traitement de vos donn\u00e9es ?<\/h4>\n<p>Les bases l\u00e9gitimes du traitement de vos donn\u00e9es personnelles sont :<\/p>\n<p>L&rsquo;int\u00e9r\u00eat l\u00e9gitime de PIGMEA \u00e0 g\u00e9rer votre requ\u00eate en rapport avec celle-ci ou avec la demande de budget (1).<br \/>\nConsentement Nous demanderons votre consentement pour envoyer des communications commerciales (2). Vous pouvez retirer votre consentement \u00e0 tout moment. Dans le cas d&rsquo;e-mails de marketing direct et\/ou de newsletters, vous pouvez retirer votre consentement en cliquant sur le lien \u00ab se d\u00e9sinscrire \u00bb.<br \/>\nRespect des obligations l\u00e9gales, de nature fiscale, comptable, administrative ou autre r\u00e9glement\u00e9es par la r\u00e9glementation applicable \u00e0 tout moment.<\/p>\n<p>&nbsp;<\/p>\n<h4>D&rsquo;o\u00f9 obtenons-nous vos donn\u00e9es\u00a0?<\/h4>\n<p>Les donn\u00e9es personnelles que PIGMEA obtient varient en fonction du service que vous utilisez. Pour toute activit\u00e9, PIGMEA traitera vos donn\u00e9es d&rsquo;identification et vos coordonn\u00e9es.<\/p>\n<p>PIGMEA ne traitera pas des cat\u00e9gories particuli\u00e8res de donn\u00e9es, telles que des informations sur votre race, vos opinions politiques, votre religion, votre sant\u00e9 ou votre orientation sexuelle, sauf si vous avez choisi de nous fournir ces informations.<\/p>\n<p>&nbsp;<\/p>\n<h4>A qui communiquons-nous vos donn\u00e9es ?<\/h4>\n<p>PIGMEA ne partagera pas vos donn\u00e9es personnelles avec d&rsquo;autres tiers, sauf si vous avez votre consentement pr\u00e9alable pour le faire.<\/p>\n<p>&nbsp;<\/p>\n<h4>Combien de temps conservons-nous vos donn\u00e9es ?<\/h4>\n<p>PIGMEA traitera vos donn\u00e9es personnelles aussi longtemps que n\u00e9cessaire aux fins pour lesquelles elles ont \u00e9t\u00e9 collect\u00e9es.<\/p>\n<p>Lorsque celles-ci ne seront plus n\u00e9cessaires pour r\u00e9aliser les finalit\u00e9s pour lesquelles elles ont \u00e9t\u00e9 obtenues, nous proc\u00e9derons au blocage de vos donn\u00e9es (afin que PIGMEA n&rsquo;y ait pas acc\u00e8s) pendant les d\u00e9lais \u00e9tablis dans les dispositions applicables ou, le cas \u00e9ch\u00e9ant, dans le les relations contractuelles entretenues avec PIGMEA, n&rsquo;\u00e9tant accessibles qu&rsquo;\u00e0 la demande des Juges et tribunaux, du Parquet ou des Administrations Publiques comp\u00e9tentes pendant le d\u00e9lai de prescription des actions.<\/p>\n<p>Une fois ces d\u00e9lais \u00e9coul\u00e9s, PIGMEA proc\u00e9dera \u00e0 la suppression physique ou \u00e0 l&rsquo;anonymisation de ceux-ci.<\/p>\n<p>&nbsp;<\/p>\n<h4>Quels sont vos droits ?<\/h4>\n<p>Vous pouvez exercer les droits d&rsquo;acc\u00e8s, de portabilit\u00e9, de rectification, de suppression, de limitation, d&rsquo;opposition, et ne pas faire l&rsquo;objet d&rsquo;une d\u00e9cision fond\u00e9e uniquement sur un traitement automatis\u00e9. De m\u00eame, vous pouvez r\u00e9voquer \u00e0 tout moment le consentement que vous avez donn\u00e9.<\/p>\n<p>Pour toute demande li\u00e9e \u00e0 l&rsquo;exercice de ces droits ou toute autre question li\u00e9e au traitement, vous pouvez exercer ces droits au moyen d&rsquo;une demande \u00e9crite adress\u00e9e \u00e0 PIGMEA via l&rsquo;adresse e-mail rgpd@grupodisenosnt.com.<\/p>\n<p>Toute r\u00e9clamation li\u00e9e au traitement signal\u00e9 ici peut \u00eatre d\u00e9pos\u00e9e aupr\u00e8s de l&rsquo;Agence espagnole de protection des donn\u00e9es (www.aepd.es) pour l&rsquo;exercice de toute r\u00e9clamation qu&rsquo;elle juge, en tant qu&rsquo;organisme public espagnol charg\u00e9 d&rsquo;assurer le respect de la r\u00e9glementation ici avertie.<\/p>\n<p><span style=\"color: #ffffff;\">&#8211;<\/span><\/p>\n<p><span style=\"color: #ffffff;\">&#8211;<\/span><\/p>\n","protected":false},"excerpt":{"rendered":"<p>Aux fins des dispositions de la r\u00e9glementation en vigueur sur la protection des donn\u00e9es personnelles, \u00e0 travers la pr\u00e9sente politique de confidentialit\u00e9, PIGMEA, S.L. (\u00ab\u00a0PIGMEA\u00a0\u00bb) informe les utilisateurs (l&rsquo;\u00a0\u00bbUtilisateur\u00a0\u00bb ou les \u00ab\u00a0Utilisateurs\u00a0\u00bb) du site Web www.pigmea.es, dont il est propri\u00e9taire et responsable (le \u00ab\u00a0Web\u00a0\u00bb), de sa politique de protection des donn\u00e9es personnelles. De cette mani\u00e8re,  [&#8230;]<\/p>\n","protected":false},"author":3,"featured_media":0,"parent":0,"menu_order":0,"comment_status":"closed","ping_status":"closed","template":"","meta":{"_acf_changed":false,"footnotes":""},"class_list":["post-3872","page","type-page","status-publish","hentry"],"acf":[],"yoast_head":"<!-- This site is optimized with the Yoast SEO plugin v27.3 - https:\/\/yoast.com\/product\/yoast-seo-wordpress\/ -->\n<title>Politique de confidentialit\u00e9 - Pigmea<\/title>\n<meta name=\"robots\" content=\"index, follow, max-snippet:-1, max-image-preview:large, max-video-preview:-1\" \/>\n<link rel=\"canonical\" href=\"https:\/\/www.pigmea.es\/fr\/politique-de-confidentialite\/\" \/>\n<meta property=\"og:locale\" content=\"fr_FR\" \/>\n<meta property=\"og:type\" content=\"article\" \/>\n<meta property=\"og:title\" content=\"Politique de confidentialit\u00e9 - Pigmea\" \/>\n<meta property=\"og:description\" content=\"Aux fins des dispositions de la r\u00e9glementation en vigueur sur la protection des donn\u00e9es personnelles, \u00e0 travers la pr\u00e9sente politique de confidentialit\u00e9, PIGMEA, S.L. (\u00ab\u00a0PIGMEA\u00a0\u00bb) informe les utilisateurs (l&#039;\u00a0\u00bbUtilisateur\u00a0\u00bb ou les \u00ab\u00a0Utilisateurs\u00a0\u00bb) du site Web www.pigmea.es, dont il est propri\u00e9taire et responsable (le \u00ab\u00a0Web\u00a0\u00bb), de sa politique de protection des donn\u00e9es personnelles. De cette mani\u00e8re, [...]\" \/>\n<meta property=\"og:url\" content=\"https:\/\/www.pigmea.es\/fr\/politique-de-confidentialite\/\" \/>\n<meta property=\"og:site_name\" content=\"Pigmea\" \/>\n<meta name=\"twitter:card\" content=\"summary_large_image\" \/>\n<meta name=\"twitter:label1\" content=\"Dur\u00e9e de lecture estim\u00e9e\" \/>\n\t<meta name=\"twitter:data1\" content=\"4 minutes\" \/>\n<script type=\"application\/ld+json\" class=\"yoast-schema-graph\">{\"@context\":\"https:\\\/\\\/schema.org\",\"@graph\":[{\"@type\":\"WebPage\",\"@id\":\"https:\\\/\\\/www.pigmea.es\\\/fr\\\/politique-de-confidentialite\\\/\",\"url\":\"https:\\\/\\\/www.pigmea.es\\\/fr\\\/politique-de-confidentialite\\\/\",\"name\":\"Politique de confidentialit\u00e9 - Pigmea\",\"isPartOf\":{\"@id\":\"https:\\\/\\\/www.pigmea.es\\\/fr\\\/#website\"},\"datePublished\":\"2022-01-28T09:55:55+00:00\",\"breadcrumb\":{\"@id\":\"https:\\\/\\\/www.pigmea.es\\\/fr\\\/politique-de-confidentialite\\\/#breadcrumb\"},\"inLanguage\":\"fr-FR\",\"potentialAction\":[{\"@type\":\"ReadAction\",\"target\":[\"https:\\\/\\\/www.pigmea.es\\\/fr\\\/politique-de-confidentialite\\\/\"]}]},{\"@type\":\"BreadcrumbList\",\"@id\":\"https:\\\/\\\/www.pigmea.es\\\/fr\\\/politique-de-confidentialite\\\/#breadcrumb\",\"itemListElement\":[{\"@type\":\"ListItem\",\"position\":1,\"name\":\"Portada\",\"item\":\"https:\\\/\\\/www.pigmea.es\\\/fr\\\/\"},{\"@type\":\"ListItem\",\"position\":2,\"name\":\"Politique de confidentialit\u00e9\"}]},{\"@type\":\"WebSite\",\"@id\":\"https:\\\/\\\/www.pigmea.es\\\/fr\\\/#website\",\"url\":\"https:\\\/\\\/www.pigmea.es\\\/fr\\\/\",\"name\":\"Pigmea\",\"description\":\"Impresi\u00f3n de films para envases flexibles\",\"potentialAction\":[{\"@type\":\"SearchAction\",\"target\":{\"@type\":\"EntryPoint\",\"urlTemplate\":\"https:\\\/\\\/www.pigmea.es\\\/fr\\\/?s={search_term_string}\"},\"query-input\":{\"@type\":\"PropertyValueSpecification\",\"valueRequired\":true,\"valueName\":\"search_term_string\"}}],\"inLanguage\":\"fr-FR\"}]}<\/script>\n<!-- \/ Yoast SEO plugin. -->","yoast_head_json":{"title":"Politique de confidentialit\u00e9 - Pigmea","robots":{"index":"index","follow":"follow","max-snippet":"max-snippet:-1","max-image-preview":"max-image-preview:large","max-video-preview":"max-video-preview:-1"},"canonical":"https:\/\/www.pigmea.es\/fr\/politique-de-confidentialite\/","og_locale":"fr_FR","og_type":"article","og_title":"Politique de confidentialit\u00e9 - Pigmea","og_description":"Aux fins des dispositions de la r\u00e9glementation en vigueur sur la protection des donn\u00e9es personnelles, \u00e0 travers la pr\u00e9sente politique de confidentialit\u00e9, PIGMEA, S.L. (\u00ab\u00a0PIGMEA\u00a0\u00bb) informe les utilisateurs (l'\u00a0\u00bbUtilisateur\u00a0\u00bb ou les \u00ab\u00a0Utilisateurs\u00a0\u00bb) du site Web www.pigmea.es, dont il est propri\u00e9taire et responsable (le \u00ab\u00a0Web\u00a0\u00bb), de sa politique de protection des donn\u00e9es personnelles. De cette mani\u00e8re, [...]","og_url":"https:\/\/www.pigmea.es\/fr\/politique-de-confidentialite\/","og_site_name":"Pigmea","twitter_card":"summary_large_image","twitter_misc":{"Dur\u00e9e de lecture estim\u00e9e":"4 minutes"},"schema":{"@context":"https:\/\/schema.org","@graph":[{"@type":"WebPage","@id":"https:\/\/www.pigmea.es\/fr\/politique-de-confidentialite\/","url":"https:\/\/www.pigmea.es\/fr\/politique-de-confidentialite\/","name":"Politique de confidentialit\u00e9 - Pigmea","isPartOf":{"@id":"https:\/\/www.pigmea.es\/fr\/#website"},"datePublished":"2022-01-28T09:55:55+00:00","breadcrumb":{"@id":"https:\/\/www.pigmea.es\/fr\/politique-de-confidentialite\/#breadcrumb"},"inLanguage":"fr-FR","potentialAction":[{"@type":"ReadAction","target":["https:\/\/www.pigmea.es\/fr\/politique-de-confidentialite\/"]}]},{"@type":"BreadcrumbList","@id":"https:\/\/www.pigmea.es\/fr\/politique-de-confidentialite\/#breadcrumb","itemListElement":[{"@type":"ListItem","position":1,"name":"Portada","item":"https:\/\/www.pigmea.es\/fr\/"},{"@type":"ListItem","position":2,"name":"Politique de confidentialit\u00e9"}]},{"@type":"WebSite","@id":"https:\/\/www.pigmea.es\/fr\/#website","url":"https:\/\/www.pigmea.es\/fr\/","name":"Pigmea","description":"Impresi\u00f3n de films para envases flexibles","potentialAction":[{"@type":"SearchAction","target":{"@type":"EntryPoint","urlTemplate":"https:\/\/www.pigmea.es\/fr\/?s={search_term_string}"},"query-input":{"@type":"PropertyValueSpecification","valueRequired":true,"valueName":"search_term_string"}}],"inLanguage":"fr-FR"}]}},"_links":{"self":[{"href":"https:\/\/www.pigmea.es\/fr\/wp-json\/wp\/v2\/pages\/3872","targetHints":{"allow":["GET"]}}],"collection":[{"href":"https:\/\/www.pigmea.es\/fr\/wp-json\/wp\/v2\/pages"}],"about":[{"href":"https:\/\/www.pigmea.es\/fr\/wp-json\/wp\/v2\/types\/page"}],"author":[{"embeddable":true,"href":"https:\/\/www.pigmea.es\/fr\/wp-json\/wp\/v2\/users\/3"}],"replies":[{"embeddable":true,"href":"https:\/\/www.pigmea.es\/fr\/wp-json\/wp\/v2\/comments?post=3872"}],"version-history":[{"count":1,"href":"https:\/\/www.pigmea.es\/fr\/wp-json\/wp\/v2\/pages\/3872\/revisions"}],"predecessor-version":[{"id":3873,"href":"https:\/\/www.pigmea.es\/fr\/wp-json\/wp\/v2\/pages\/3872\/revisions\/3873"}],"wp:attachment":[{"href":"https:\/\/www.pigmea.es\/fr\/wp-json\/wp\/v2\/media?parent=3872"}],"curies":[{"name":"wp","href":"https:\/\/api.w.org\/{rel}","templated":true}]}}