
{"id":3272,"date":"2018-05-06T15:10:26","date_gmt":"2018-05-06T15:10:26","guid":{"rendered":"http:\/\/www.pigmea.es\/politica-de-cookies\/"},"modified":"2024-11-05T11:28:47","modified_gmt":"2024-11-05T11:28:47","slug":"politica-de-cookies","status":"publish","type":"page","link":"https:\/\/www.pigmea.es\/fr\/politica-de-cookies\/","title":{"rendered":"Pol\u00edtica de cookies"},"content":{"rendered":"<div class=\"row\">\n<div class=\"col-md-12\">\n<div class=\"vc_row wpb_row vc_row-fluid block-narrow\">\n<div class=\"wpb_column vc_column_container vc_col-sm-12\">\n<div class=\"vc_column-inner \">\n<div class=\"wpb_wrapper\">\n<div class=\"wpb_text_column wpb_content_element \">\n<div class=\"wpb_wrapper\">\n<h2 data-fontsize=\"22\" data-lineheight=\"33\">Definici\u00f3n<\/h2>\n<p>Una cookie es un fichero que se descarga en su ordenador\/smartphone\/tablet al acceder a determinadas p\u00e1ginas web. Las cookies permiten a una p\u00e1gina web, entre otras cosas, almacenar y recuperar informaci\u00f3n sobre los h\u00e1bitos de navegaci\u00f3n de un usuario o de su equipo y, dependiendo de la informaci\u00f3n que contengan y de la forma en que utilice su equipo, pueden utilizarse para reconocer al usuario.<\/p>\n<p>Las principales finalidades de las cookies y de la Pol\u00edtica de cookies son las siguientes:<\/p>\n<ol>\n<li>Asegurar que las p\u00e1ginas web pueden funcionar correctamente y almacenar sus preferencias, como el idioma que ha seleccionado o el tama\u00f1o de letra.<\/li>\n<li>Conocer tu experiencia de navegaci\u00f3n.<\/li>\n<li>Recopilar informaci\u00f3n estad\u00edstica <strong>an\u00f3nima<\/strong>, como qu\u00e9 p\u00e1ginas has visto o cu\u00e1nto tiempo has estado en nuestros medios.<\/li>\n<\/ol>\n<h2 data-fontsize=\"22\" data-lineheight=\"33\">\u00bfQu\u00e9 tipo de Cookies utiliza esta p\u00e1gina web?<\/h2>\n<h3>Cookies de An\u00e1lisis<\/h3>\n<p>Son aqu\u00e9llas que posibilitan el seguimiento y an\u00e1lisis del comportamiento de los usuarios en nuestra p\u00e1gina. La informaci\u00f3n recogida se utiliza para la medici\u00f3n de la actividad de los usuarios en la web y la elaboraci\u00f3n de perfiles de navegaci\u00f3n de los usuarios, con la finalidad de mejorar la web, as\u00ed como los productos y servicios ofertados.<\/p>\n<p>Para utilizar este <a href=\"https:\/\/www.pigmea.es\/fr\/\">Sitio Web<\/a> resulta necesaria la instalaci\u00f3n de\u00a0cookies. En caso contrario, no podremos prestar muchos de los servicios que mostramos. El usuario puede no aceptarlas o configurar su navegador para bloquearlas y, en su caso, eliminarlas.<\/p>\n<h3 data-fontsize=\"22\" data-lineheight=\"33\">\u00bfQui\u00e9n utiliza las Cookies?<\/h3>\n<p>La Pol\u00edtica de cookies empleadas en esta p\u00e1gina web, son utilizadas por el responsable legal de esta p\u00e1gina web y por los siguientes servicios o proveedores de servicios:<br \/>\n\u2022\u00a0\u00a0 \u00a0Google Analytics: Es un servicio de anal\u00edtica web que utiliza cookies de an\u00e1lisis. <a href=\"http:\/\/www.google.com\/intl\/es\/analytics\/privacyoverview.html.\" target=\"_blank\" rel=\"noopener\">Pol\u00edtica de privacidad de Google Analytics<\/a>.<\/p>\n<h3 data-fontsize=\"22\" data-lineheight=\"33\">\u00bfC\u00f3mo puedo desactivar o eliminar las Cookies?<\/h3>\n<p>El usuario podr\u00e1, <strong>en cualquier momento<\/strong>, elegir qu\u00e9 cookies quiere que funcionen en este sitio web. En los siguientes enlaces encontrar\u00e1 informaci\u00f3n adicional sobre las opciones de configuraci\u00f3n de las cookies en los distintos navegadores.<\/p>\n<table width=\"967\">\n<tbody>\n<tr>\n<td>Internet Explorer:<\/td>\n<td><a href=\"http:\/\/windows.microsoft.com\/es-xl\/internet-explorer\/delete-manage-cookies#ie=ie-9\" target=\"_blank\" rel=\"noopener\">Eliminar y administrar cookies<\/a><\/td>\n<\/tr>\n<tr>\n<td>Google Chrome:<\/td>\n<td><a href=\"http:\/\/support.google.com\/chrome\/bin\/answer.py?hl=es&amp;answer=95647\" target=\"_blank\" rel=\"noopener\">Borrar, habilitar y administrar cookies en Chrome<\/a><\/td>\n<\/tr>\n<tr>\n<td>Mozilla Firefox:<\/td>\n<td><a href=\"https:\/\/support.mozilla.org\/es\/kb\/habilitar-y-deshabilitar-cookies-que-los-sitios-we\" target=\"_blank\" rel=\"noopener\">Habilitar y deshabilitar cookies que los sitios web utilizan para rastrear tus preferencias<\/a><\/td>\n<\/tr>\n<tr>\n<td>Safari (Apple):<\/td>\n<td><a href=\"https:\/\/support.apple.com\/kb\/PH21411?locale=es_ES\" target=\"_blank\" rel=\"noopener\">Gestionar cookies y datos de sitios web con Safari<\/a><\/td>\n<\/tr>\n<\/tbody>\n<\/table>\n<h3 data-fontsize=\"22\" data-lineheight=\"33\">\u00bfQu\u00e9 ocurre si se deshabilitan las Cookies?<\/h3>\n<p>Algunas funcionalidades de los Servicios quedar\u00e1n deshabilitadas.<\/p>\n<\/div>\n<\/div>\n<\/div>\n<\/div>\n<\/div>\n<\/div>\n<\/div>\n<\/div>\n","protected":false},"excerpt":{"rendered":"<p>Definici\u00f3n Una cookie es un fichero que se descarga en su ordenador\/smartphone\/tablet al acceder a determinadas p\u00e1ginas web. Las cookies permiten a una p\u00e1gina web, entre otras cosas, almacenar y recuperar informaci\u00f3n sobre los h\u00e1bitos de navegaci\u00f3n de un usuario o de su equipo y, dependiendo de la informaci\u00f3n que contengan y de la forma  [&#8230;]<\/p>\n","protected":false},"author":3,"featured_media":0,"parent":0,"menu_order":0,"comment_status":"closed","ping_status":"closed","template":"","meta":{"_acf_changed":false,"footnotes":""},"class_list":["post-3272","page","type-page","status-publish","hentry"],"acf":[],"yoast_head":"<!-- This site is optimized with the Yoast SEO plugin v27.3 - https:\/\/yoast.com\/product\/yoast-seo-wordpress\/ -->\n<title>Pol\u00edtica de cookies - Pigmea<\/title>\n<meta name=\"robots\" content=\"index, follow, max-snippet:-1, max-image-preview:large, max-video-preview:-1\" \/>\n<link rel=\"canonical\" href=\"https:\/\/www.pigmea.es\/fr\/politica-de-cookies\/\" \/>\n<meta property=\"og:locale\" content=\"fr_FR\" \/>\n<meta property=\"og:type\" content=\"article\" \/>\n<meta property=\"og:title\" content=\"Pol\u00edtica de cookies - Pigmea\" \/>\n<meta property=\"og:description\" content=\"Definici\u00f3n Una cookie es un fichero que se descarga en su ordenador\/smartphone\/tablet al acceder a determinadas p\u00e1ginas web. Las cookies permiten a una p\u00e1gina web, entre otras cosas, almacenar y recuperar informaci\u00f3n sobre los h\u00e1bitos de navegaci\u00f3n de un usuario o de su equipo y, dependiendo de la informaci\u00f3n que contengan y de la forma [...]\" \/>\n<meta property=\"og:url\" content=\"https:\/\/www.pigmea.es\/fr\/politica-de-cookies\/\" \/>\n<meta property=\"og:site_name\" content=\"Pigmea\" \/>\n<meta property=\"article:modified_time\" content=\"2024-11-05T11:28:47+00:00\" \/>\n<meta name=\"twitter:card\" content=\"summary_large_image\" \/>\n<meta name=\"twitter:label1\" content=\"Dur\u00e9e de lecture estim\u00e9e\" \/>\n\t<meta name=\"twitter:data1\" content=\"2 minutes\" \/>\n<script type=\"application\/ld+json\" class=\"yoast-schema-graph\">{\"@context\":\"https:\\\/\\\/schema.org\",\"@graph\":[{\"@type\":\"WebPage\",\"@id\":\"https:\\\/\\\/www.pigmea.es\\\/fr\\\/politica-de-cookies\\\/\",\"url\":\"https:\\\/\\\/www.pigmea.es\\\/fr\\\/politica-de-cookies\\\/\",\"name\":\"Pol\u00edtica de cookies - Pigmea\",\"isPartOf\":{\"@id\":\"https:\\\/\\\/www.pigmea.es\\\/fr\\\/#website\"},\"datePublished\":\"2018-05-06T15:10:26+00:00\",\"dateModified\":\"2024-11-05T11:28:47+00:00\",\"breadcrumb\":{\"@id\":\"https:\\\/\\\/www.pigmea.es\\\/fr\\\/politica-de-cookies\\\/#breadcrumb\"},\"inLanguage\":\"fr-FR\",\"potentialAction\":[{\"@type\":\"ReadAction\",\"target\":[\"https:\\\/\\\/www.pigmea.es\\\/fr\\\/politica-de-cookies\\\/\"]}]},{\"@type\":\"BreadcrumbList\",\"@id\":\"https:\\\/\\\/www.pigmea.es\\\/fr\\\/politica-de-cookies\\\/#breadcrumb\",\"itemListElement\":[{\"@type\":\"ListItem\",\"position\":1,\"name\":\"Portada\",\"item\":\"https:\\\/\\\/www.pigmea.es\\\/fr\\\/\"},{\"@type\":\"ListItem\",\"position\":2,\"name\":\"Pol\u00edtica de cookies\"}]},{\"@type\":\"WebSite\",\"@id\":\"https:\\\/\\\/www.pigmea.es\\\/fr\\\/#website\",\"url\":\"https:\\\/\\\/www.pigmea.es\\\/fr\\\/\",\"name\":\"Pigmea\",\"description\":\"Impresi\u00f3n de films para envases flexibles\",\"potentialAction\":[{\"@type\":\"SearchAction\",\"target\":{\"@type\":\"EntryPoint\",\"urlTemplate\":\"https:\\\/\\\/www.pigmea.es\\\/fr\\\/?s={search_term_string}\"},\"query-input\":{\"@type\":\"PropertyValueSpecification\",\"valueRequired\":true,\"valueName\":\"search_term_string\"}}],\"inLanguage\":\"fr-FR\"}]}<\/script>\n<!-- \/ Yoast SEO plugin. -->","yoast_head_json":{"title":"Pol\u00edtica de cookies - Pigmea","robots":{"index":"index","follow":"follow","max-snippet":"max-snippet:-1","max-image-preview":"max-image-preview:large","max-video-preview":"max-video-preview:-1"},"canonical":"https:\/\/www.pigmea.es\/fr\/politica-de-cookies\/","og_locale":"fr_FR","og_type":"article","og_title":"Pol\u00edtica de cookies - Pigmea","og_description":"Definici\u00f3n Una cookie es un fichero que se descarga en su ordenador\/smartphone\/tablet al acceder a determinadas p\u00e1ginas web. Las cookies permiten a una p\u00e1gina web, entre otras cosas, almacenar y recuperar informaci\u00f3n sobre los h\u00e1bitos de navegaci\u00f3n de un usuario o de su equipo y, dependiendo de la informaci\u00f3n que contengan y de la forma [...]","og_url":"https:\/\/www.pigmea.es\/fr\/politica-de-cookies\/","og_site_name":"Pigmea","article_modified_time":"2024-11-05T11:28:47+00:00","twitter_card":"summary_large_image","twitter_misc":{"Dur\u00e9e de lecture estim\u00e9e":"2 minutes"},"schema":{"@context":"https:\/\/schema.org","@graph":[{"@type":"WebPage","@id":"https:\/\/www.pigmea.es\/fr\/politica-de-cookies\/","url":"https:\/\/www.pigmea.es\/fr\/politica-de-cookies\/","name":"Pol\u00edtica de cookies - Pigmea","isPartOf":{"@id":"https:\/\/www.pigmea.es\/fr\/#website"},"datePublished":"2018-05-06T15:10:26+00:00","dateModified":"2024-11-05T11:28:47+00:00","breadcrumb":{"@id":"https:\/\/www.pigmea.es\/fr\/politica-de-cookies\/#breadcrumb"},"inLanguage":"fr-FR","potentialAction":[{"@type":"ReadAction","target":["https:\/\/www.pigmea.es\/fr\/politica-de-cookies\/"]}]},{"@type":"BreadcrumbList","@id":"https:\/\/www.pigmea.es\/fr\/politica-de-cookies\/#breadcrumb","itemListElement":[{"@type":"ListItem","position":1,"name":"Portada","item":"https:\/\/www.pigmea.es\/fr\/"},{"@type":"ListItem","position":2,"name":"Pol\u00edtica de cookies"}]},{"@type":"WebSite","@id":"https:\/\/www.pigmea.es\/fr\/#website","url":"https:\/\/www.pigmea.es\/fr\/","name":"Pigmea","description":"Impresi\u00f3n de films para envases flexibles","potentialAction":[{"@type":"SearchAction","target":{"@type":"EntryPoint","urlTemplate":"https:\/\/www.pigmea.es\/fr\/?s={search_term_string}"},"query-input":{"@type":"PropertyValueSpecification","valueRequired":true,"valueName":"search_term_string"}}],"inLanguage":"fr-FR"}]}},"_links":{"self":[{"href":"https:\/\/www.pigmea.es\/fr\/wp-json\/wp\/v2\/pages\/3272","targetHints":{"allow":["GET"]}}],"collection":[{"href":"https:\/\/www.pigmea.es\/fr\/wp-json\/wp\/v2\/pages"}],"about":[{"href":"https:\/\/www.pigmea.es\/fr\/wp-json\/wp\/v2\/types\/page"}],"author":[{"embeddable":true,"href":"https:\/\/www.pigmea.es\/fr\/wp-json\/wp\/v2\/users\/3"}],"replies":[{"embeddable":true,"href":"https:\/\/www.pigmea.es\/fr\/wp-json\/wp\/v2\/comments?post=3272"}],"version-history":[{"count":2,"href":"https:\/\/www.pigmea.es\/fr\/wp-json\/wp\/v2\/pages\/3272\/revisions"}],"predecessor-version":[{"id":4460,"href":"https:\/\/www.pigmea.es\/fr\/wp-json\/wp\/v2\/pages\/3272\/revisions\/4460"}],"wp:attachment":[{"href":"https:\/\/www.pigmea.es\/fr\/wp-json\/wp\/v2\/media?parent=3272"}],"curies":[{"name":"wp","href":"https:\/\/api.w.org\/{rel}","templated":true}]}}