
{"id":2195,"date":"2018-11-05T16:41:53","date_gmt":"2018-11-05T16:41:53","guid":{"rendered":"http:\/\/www.pigmea.es\/precocinados-v-gama-y-microondables\/"},"modified":"2018-11-08T12:04:52","modified_gmt":"2018-11-08T12:04:52","slug":"plats-prepares-veme-gamme-et-micro-ondables","status":"publish","type":"page","link":"https:\/\/www.pigmea.es\/fr\/plats-prepares-veme-gamme-et-micro-ondables\/","title":{"rendered":"Plats pr\u00e9par\u00e9s, V\u00e8me gamme et Micro-ondables"},"content":{"rendered":"<p><div class=\"fusion-fullwidth fullwidth-box fusion-builder-row-1 block-intro nonhundred-percent-fullwidth non-hundred-percent-height-scrolling\"  style='background-color: rgba(255,255,255,0);background-position: center center;background-repeat: no-repeat;padding-top:0px;padding-right:0px;padding-bottom:0px;padding-left:0px;'><div class=\"fusion-builder-row fusion-row \"><div  class=\"fusion-layout-column fusion_builder_column fusion_builder_column_1_1 fusion-builder-column-0 fusion-one-full fusion-column-first fusion-column-last 1_1\"  style='margin-top:0px;margin-bottom:20px;'><div class=\"fusion-column-wrapper\" style=\"padding: 0px 0px 0px 0px;background-position:left top;background-repeat:no-repeat;-webkit-background-size:cover;-moz-background-size:cover;-o-background-size:cover;background-size:cover;\"   data-bg-url=\"\"><div class=\"fusion-text\"><p style=\"text-align: center;\">Les produits pr\u00e9par\u00e9s ou de la V\u00e8me gamme sont la derni\u00e8re r\u00e9ponse du march\u00e9 aux tendances de consommation. Il s\u2019agit d\u2019aliments d\u00e9j\u00e0 cuisin\u00e9s qui ont besoin uniquement d\u2019un dernier et rapide traitement chez le consommateur, normalement au micro-ondes. Ces produits ont besoin d\u2019un <strong>emballage flexible technique<\/strong> ad\u00e9quat qui, en plus de <strong>conserver leur qualit\u00e9 intacte<\/strong>, rend facile ce dernier traitement de l\u2019aliment de la part du consommateur.<\/p>\n<\/div><div class=\"fusion-clearfix\"><\/div><\/div><\/div><\/div><\/div><div class=\"fusion-fullwidth fullwidth-box fusion-builder-row-2 nonhundred-percent-fullwidth non-hundred-percent-height-scrolling\"  style='background-color: #fbfcfd;background-position: center center;background-repeat: no-repeat;padding-top:50px;padding-right:0px;padding-bottom:30px;padding-left:0px;margin-top: 40px;'><div class=\"fusion-builder-row fusion-row \"><div  class=\"fusion-layout-column fusion_builder_column fusion_builder_column_1_1 fusion-builder-column-1 fusion-one-full fusion-column-first fusion-column-last block-products 1_1\"  style='margin-top:3%;margin-bottom:3%;'><div class=\"fusion-column-wrapper\" style=\"padding: 0px 0px 0px 0px;background-position:left top;background-repeat:no-repeat;-webkit-background-size:cover;-moz-background-size:cover;-o-background-size:cover;background-size:cover;\"   data-bg-url=\"\"><div class=\"fusion-text\"><h2 style=\"text-align: center;\">Produits pour Plats pr\u00e9par\u00e9s, V\u00e8me gamme et Micro-ondables<\/h2>\n<\/div><div class=\"fusion-text\"><div class='block-products fusion-content-boxes content-boxes columns row fusion-columns-3 fusion-columns-total-3 fusion-content-boxes-1 content-boxes-icon-on-top content-left'>\n\t\t<div class=\"fusion-column content-box-column content-box-column content-box-column-1 col-lg-4 col-md-4 col-sm-4 fusion-content-box-hover content-box-column-first-in-row\">\n\t\t   \t<div class=\"col content-wrapper-background link-area-box link-type-text icon-hover-animation-fade\" style=\"background-color:#ffffff;\">\n\t\t    \t<div class=\"heading heading-with-icon icon-left\">\n\t\t        \t<a class=\"heading-link\" href=\"https:\/\/www.pigmea.es\/fr\/productos\/complex-abae-4\/\" target=\"_self\">\n\t\t            \t<div class=\"image\">\n\t\t            \t\t<img decoding=\"async\" width=\"460\" height=\"460\" src=\"https:\/\/www.pigmea.es\/wp-content\/uploads\/2018\/09\/38-ComplexABAE460x460.jpg\" class=\"attachment-post-thumbnail size-post-thumbnail wp-post-image\" alt=\"Complex ABAE\" srcset=\"https:\/\/www.pigmea.es\/wp-content\/uploads\/2018\/09\/38-ComplexABAE460x460-66x66.jpg 66w, https:\/\/www.pigmea.es\/wp-content\/uploads\/2018\/09\/38-ComplexABAE460x460-150x150.jpg 150w, https:\/\/www.pigmea.es\/wp-content\/uploads\/2018\/09\/38-ComplexABAE460x460-200x200.jpg 200w, https:\/\/www.pigmea.es\/wp-content\/uploads\/2018\/09\/38-ComplexABAE460x460-300x300.jpg 300w, https:\/\/www.pigmea.es\/wp-content\/uploads\/2018\/09\/38-ComplexABAE460x460-400x400.jpg 400w, https:\/\/www.pigmea.es\/wp-content\/uploads\/2018\/09\/38-ComplexABAE460x460.jpg 460w\" sizes=\"(max-width: 460px) 100vw, 460px\" \/>\t\t            \t<\/div>\n\t\t            \t<h2 class=\"content-box-heading\">Complex ABAE<\/h2>\n\t\t         \t<\/a>\n\t\t      \t<\/div>\n\t\t  \t<\/div>\n\t\t<\/div>\n\n\t\n\t\t<div class=\"fusion-column content-box-column content-box-column content-box-column-1 col-lg-4 col-md-4 col-sm-4 fusion-content-box-hover content-box-column-first-in-row\">\n\t\t   \t<div class=\"col content-wrapper-background link-area-box link-type-text icon-hover-animation-fade\" style=\"background-color:#ffffff;\">\n\t\t    \t<div class=\"heading heading-with-icon icon-left\">\n\t\t        \t<a class=\"heading-link\" href=\"https:\/\/www.pigmea.es\/fr\/productos\/complex-sar-3\/\" target=\"_self\">\n\t\t            \t<div class=\"image\">\n\t\t            \t\t<img decoding=\"async\" width=\"460\" height=\"460\" src=\"https:\/\/www.pigmea.es\/wp-content\/uploads\/2018\/09\/37-ComplexSAR460x460.jpg\" class=\"attachment-post-thumbnail size-post-thumbnail wp-post-image\" alt=\"Complex SAR\" srcset=\"https:\/\/www.pigmea.es\/wp-content\/uploads\/2018\/09\/37-ComplexSAR460x460-66x66.jpg 66w, https:\/\/www.pigmea.es\/wp-content\/uploads\/2018\/09\/37-ComplexSAR460x460-150x150.jpg 150w, https:\/\/www.pigmea.es\/wp-content\/uploads\/2018\/09\/37-ComplexSAR460x460-200x200.jpg 200w, https:\/\/www.pigmea.es\/wp-content\/uploads\/2018\/09\/37-ComplexSAR460x460-300x300.jpg 300w, https:\/\/www.pigmea.es\/wp-content\/uploads\/2018\/09\/37-ComplexSAR460x460-400x400.jpg 400w, https:\/\/www.pigmea.es\/wp-content\/uploads\/2018\/09\/37-ComplexSAR460x460.jpg 460w\" sizes=\"(max-width: 460px) 100vw, 460px\" \/>\t\t            \t<\/div>\n\t\t            \t<h2 class=\"content-box-heading\">Complex SAR<\/h2>\n\t\t         \t<\/a>\n\t\t      \t<\/div>\n\t\t  \t<\/div>\n\t\t<\/div>\n\n\t\n\t\t<div class=\"fusion-column content-box-column content-box-column content-box-column-1 col-lg-4 col-md-4 col-sm-4 fusion-content-box-hover content-box-column-first-in-row\">\n\t\t   \t<div class=\"col content-wrapper-background link-area-box link-type-text icon-hover-animation-fade\" style=\"background-color:#ffffff;\">\n\t\t    \t<div class=\"heading heading-with-icon icon-left\">\n\t\t        \t<a class=\"heading-link\" href=\"https:\/\/www.pigmea.es\/fr\/productos\/complex-pol-5\/\" target=\"_self\">\n\t\t            \t<div class=\"image\">\n\t\t            \t\t<img decoding=\"async\" width=\"460\" height=\"460\" src=\"https:\/\/www.pigmea.es\/wp-content\/uploads\/2018\/09\/36-ComplexPOL460x460.jpg\" class=\"attachment-post-thumbnail size-post-thumbnail wp-post-image\" alt=\"Complex POL\" srcset=\"https:\/\/www.pigmea.es\/wp-content\/uploads\/2018\/09\/36-ComplexPOL460x460-66x66.jpg 66w, https:\/\/www.pigmea.es\/wp-content\/uploads\/2018\/09\/36-ComplexPOL460x460-150x150.jpg 150w, https:\/\/www.pigmea.es\/wp-content\/uploads\/2018\/09\/36-ComplexPOL460x460-200x200.jpg 200w, https:\/\/www.pigmea.es\/wp-content\/uploads\/2018\/09\/36-ComplexPOL460x460-300x300.jpg 300w, https:\/\/www.pigmea.es\/wp-content\/uploads\/2018\/09\/36-ComplexPOL460x460-400x400.jpg 400w, https:\/\/www.pigmea.es\/wp-content\/uploads\/2018\/09\/36-ComplexPOL460x460.jpg 460w\" sizes=\"(max-width: 460px) 100vw, 460px\" \/>\t\t            \t<\/div>\n\t\t            \t<h2 class=\"content-box-heading\">Complex POL<\/h2>\n\t\t         \t<\/a>\n\t\t      \t<\/div>\n\t\t  \t<\/div>\n\t\t<\/div>\n\n\t<\/div>\n<\/div><div class=\"fusion-clearfix\"><\/div><\/div><\/div><\/div><\/div><div class=\"fusion-fullwidth fullwidth-box fusion-builder-row-3 nonhundred-percent-fullwidth non-hundred-percent-height-scrolling\"  style='background-color: rgba(255,255,255,0);background-position: center center;background-repeat: no-repeat;padding-top:100px;padding-right:0px;padding-bottom:60px;padding-left:0px;'><div class=\"fusion-builder-row fusion-row \"><div  class=\"fusion-layout-column fusion_builder_column fusion_builder_column_1_2 fusion-builder-column-2 fusion-one-half fusion-column-first 1_2\"  style='margin-top:0px;margin-bottom:20px;width:48%; margin-right: 4%;'><div class=\"fusion-column-wrapper\" style=\"padding: 0px 0px 0px 0px;background-position:left top;background-repeat:no-repeat;-webkit-background-size:cover;-moz-background-size:cover;-o-background-size:cover;background-size:cover;\"   data-bg-url=\"\"><div class=\"fusion-text\"><h2>Conservation alternative \u00e0 la cong\u00e9lation<\/h2>\n<p>Les produits pr\u00e9par\u00e9s ou de V\u00e8me gamme repr\u00e9sentent de plus en plus une alternative aux produits congel\u00e9s \u00e0 cause de leur rapidit\u00e9 de pr\u00e9paration et leur aspect attirant \u00e0 travers une atmosph\u00e8re contr\u00f4l\u00e9e.<\/p>\n<p>Pigmea dispose de films et complexes pour l\u2019emballage flexible de ces produits pour des machines tant horizontales que verticales, soit pour les couvercles de barquettes adapt\u00e9es au micro-ondes, scellables avec tout type de barquette et pelables, soit pour des films Flow-Pack avec ces m\u00eames caract\u00e9ristiques.<\/p>\n<p>L\u2019emballage flexible pour les plats pr\u00e9par\u00e9s admet une grande vari\u00e9t\u00e9 de personnalisations gr\u00e2ce \u00e0 l\u2019impression flexographique. Pigmea dispose d\u2019emballages techniques pour un produit qui devienne une des principales tendances de consommation. En plus, elle offre des solutions pour produits st\u00e9rilis\u00e9s ou pasteuris\u00e9s, avec d\u2019emballages ad\u00e9quats pour ces processus.<\/p>\n<\/div><div class=\"fusion-clearfix\"><\/div><\/div><\/div><div  class=\"fusion-layout-column fusion_builder_column fusion_builder_column_1_2 fusion-builder-column-3 fusion-one-half fusion-column-last 1_2\"  style='margin-top:0px;margin-bottom:20px;width:48%'><div class=\"fusion-column-wrapper\" style=\"padding: 0px 0px 0px 0px;background-position:left top;background-repeat:no-repeat;-webkit-background-size:cover;-moz-background-size:cover;-o-background-size:cover;background-size:cover;\"   data-bg-url=\"\"><div class=\"imageframe-align-center\"><span class=\"fusion-imageframe imageframe-none imageframe-1 hover-type-none\"><img decoding=\"async\" src=\"https:\/\/www.pigmea.es\/wp-content\/uploads\/2018\/11\/sector_8.jpg\" width=\"1688\" height=\"1125\" alt=\"\" title=\"Fresh tasty pizza with pepperoni isolated on white background. Top view\" class=\"img-responsive wp-image-3042\" srcset=\"https:\/\/www.pigmea.es\/wp-content\/uploads\/2018\/11\/sector_8-200x133.jpg 200w, https:\/\/www.pigmea.es\/wp-content\/uploads\/2018\/11\/sector_8-400x267.jpg 400w, https:\/\/www.pigmea.es\/wp-content\/uploads\/2018\/11\/sector_8-600x400.jpg 600w, https:\/\/www.pigmea.es\/wp-content\/uploads\/2018\/11\/sector_8-800x533.jpg 800w, https:\/\/www.pigmea.es\/wp-content\/uploads\/2018\/11\/sector_8-1200x800.jpg 1200w, https:\/\/www.pigmea.es\/wp-content\/uploads\/2018\/11\/sector_8.jpg 1688w\" sizes=\"(max-width: 1000px) 100vw, 600px\" \/><\/span><\/div><div class=\"fusion-clearfix\"><\/div><\/div><\/div><\/div><\/div><div class=\"fusion-fullwidth fullwidth-box fusion-builder-row-4 footer-cta nonhundred-percent-fullwidth non-hundred-percent-height-scrolling\"  style='background-color: rgba(255,255,255,0);background-position: center center;background-repeat: no-repeat;padding-top:110px;padding-right:0px;padding-bottom:110px;padding-left:0px;'><div class=\"fusion-builder-row fusion-row \"><div  class=\"fusion-layout-column fusion_builder_column fusion_builder_column_1_6 fusion-builder-column-4 fusion-one-sixth fusion-column-first fusion-no-small-visibility 1_6\"  style='margin-top:0px;margin-bottom:20px;width:13.3333%; margin-right: 4%;'><div class=\"fusion-column-wrapper\" style=\"padding: 0px 0px 0px 0px;background-position:left top;background-repeat:no-repeat;-webkit-background-size:cover;-moz-background-size:cover;-o-background-size:cover;background-size:cover;\"   data-bg-url=\"\"><div class=\"fusion-clearfix\"><\/div><\/div><\/div><div  class=\"fusion-layout-column fusion_builder_column fusion_builder_column_2_3 fusion-builder-column-5 fusion-two-third 2_3\"  style='margin-top:3%;margin-bottom:3%;width:65.3333%; margin-right: 4%;'><div class=\"fusion-column-wrapper\" style=\"padding: 0px 0px 0px 0px;background-position:left top;background-repeat:no-repeat;-webkit-background-size:cover;-moz-background-size:cover;-o-background-size:cover;background-size:cover;\"   data-bg-url=\"\"><div class=\"fusion-text\"><h2 style=\"text-align: center; font-size: 72px;\">Contactez-nous<\/h2>\n<\/div><div class=\"fusion-text\"><h4>Notre \u00e9quipe consultative vous guidera dans le but de tirer le meilleur rendement et productivit\u00e9 pour une impression flexographique pr\u00e9cise et minutieuse.<\/h4>\n<\/div><div class=\"fusion-sep-clear\"><\/div><div class=\"fusion-separator fusion-full-width-sep sep-none\" style=\"margin-left: auto;margin-right: auto;margin-top:20px;\"><\/div><div class=\"fusion-button-wrapper fusion-aligncenter\"><style type=\"text\/css\">.fusion-button.button-1 {border-radius:25px;}<\/style><a class=\"fusion-button button-flat fusion-button-default-size button-default button-1 fusion-button-default-span fusion-button-default-type\" target=\"_self\" href=\"\/fr\/contact\/\"><span class=\"fusion-button-text\">CONTACTEZ UN CONSEILLER<\/span><\/a><\/div><div class=\"fusion-sep-clear\"><\/div><div class=\"fusion-separator fusion-full-width-sep sep-none\" style=\"margin-left: auto;margin-right: auto;margin-top:80px;\"><\/div><div class=\"fusion-text\"><h2 style=\"text-align: center; font-size: 72px;\">Souscrire \u00e0 notre Newsletter<\/h2>\n<\/div><div class=\"fusion-text\"><h4>B\u00e9n\u00e9ficiez des remises personnalis\u00e9es et obtenez des badges gratuits pour les principaux salons et \u00e9v\u00e8nements du secteur.<\/h4>\n<\/div>                <div class=\"ml-form-embed\"\n                     data-account=\"3180802:s2l3i6z5n6\"\n                     data-form=\"4156129:h2s3o3\">\n                <\/div>\n            <div class=\"fusion-clearfix\"><\/div><\/div><\/div><div  class=\"fusion-layout-column fusion_builder_column fusion_builder_column_1_6 fusion-builder-column-6 fusion-one-sixth fusion-column-last fusion-no-small-visibility 1_6\"  style='margin-top:0px;margin-bottom:20px;width:13.3333%'><div class=\"fusion-column-wrapper\" style=\"padding: 0px 0px 0px 0px;background-position:left top;background-repeat:no-repeat;-webkit-background-size:cover;-moz-background-size:cover;-o-background-size:cover;background-size:cover;\"   data-bg-url=\"\"><div class=\"fusion-clearfix\"><\/div><\/div><\/div><\/div><\/div><\/p>\n","protected":false},"excerpt":{"rendered":"","protected":false},"author":3,"featured_media":0,"parent":0,"menu_order":0,"comment_status":"closed","ping_status":"closed","template":"","meta":{"_acf_changed":false,"footnotes":""},"class_list":["post-2195","page","type-page","status-publish","hentry"],"acf":[],"yoast_head":"<!-- This site is optimized with the Yoast SEO plugin v26.9 - https:\/\/yoast.com\/product\/yoast-seo-wordpress\/ -->\n<title>Plats pr\u00e9par\u00e9s, V\u00e8me gamme et Micro-ondables - Pigmea<\/title>\n<meta name=\"robots\" content=\"index, follow, max-snippet:-1, max-image-preview:large, max-video-preview:-1\" \/>\n<link rel=\"canonical\" href=\"https:\/\/www.pigmea.es\/fr\/plats-prepares-veme-gamme-et-micro-ondables\/\" \/>\n<meta property=\"og:locale\" content=\"fr_FR\" \/>\n<meta property=\"og:type\" content=\"article\" \/>\n<meta property=\"og:title\" content=\"Plats pr\u00e9par\u00e9s, V\u00e8me gamme et Micro-ondables - Pigmea\" \/>\n<meta property=\"og:url\" content=\"https:\/\/www.pigmea.es\/fr\/plats-prepares-veme-gamme-et-micro-ondables\/\" \/>\n<meta property=\"og:site_name\" content=\"Pigmea\" \/>\n<meta property=\"article:modified_time\" content=\"2018-11-08T12:04:52+00:00\" \/>\n<meta name=\"twitter:card\" content=\"summary_large_image\" \/>\n<meta name=\"twitter:label1\" content=\"Dur\u00e9e de lecture estim\u00e9e\" \/>\n\t<meta name=\"twitter:data1\" content=\"5 minutes\" \/>\n<script type=\"application\/ld+json\" class=\"yoast-schema-graph\">{\"@context\":\"https:\/\/schema.org\",\"@graph\":[{\"@type\":\"WebPage\",\"@id\":\"https:\/\/www.pigmea.es\/fr\/plats-prepares-veme-gamme-et-micro-ondables\/\",\"url\":\"https:\/\/www.pigmea.es\/fr\/plats-prepares-veme-gamme-et-micro-ondables\/\",\"name\":\"Plats pr\u00e9par\u00e9s, V\u00e8me gamme et Micro-ondables - Pigmea\",\"isPartOf\":{\"@id\":\"https:\/\/www.pigmea.es\/fr\/#website\"},\"datePublished\":\"2018-11-05T16:41:53+00:00\",\"dateModified\":\"2018-11-08T12:04:52+00:00\",\"breadcrumb\":{\"@id\":\"https:\/\/www.pigmea.es\/fr\/plats-prepares-veme-gamme-et-micro-ondables\/#breadcrumb\"},\"inLanguage\":\"fr-FR\",\"potentialAction\":[{\"@type\":\"ReadAction\",\"target\":[\"https:\/\/www.pigmea.es\/fr\/plats-prepares-veme-gamme-et-micro-ondables\/\"]}]},{\"@type\":\"BreadcrumbList\",\"@id\":\"https:\/\/www.pigmea.es\/fr\/plats-prepares-veme-gamme-et-micro-ondables\/#breadcrumb\",\"itemListElement\":[{\"@type\":\"ListItem\",\"position\":1,\"name\":\"Portada\",\"item\":\"https:\/\/www.pigmea.es\/fr\/\"},{\"@type\":\"ListItem\",\"position\":2,\"name\":\"Plats pr\u00e9par\u00e9s, V\u00e8me gamme et Micro-ondables\"}]},{\"@type\":\"WebSite\",\"@id\":\"https:\/\/www.pigmea.es\/fr\/#website\",\"url\":\"https:\/\/www.pigmea.es\/fr\/\",\"name\":\"Pigmea\",\"description\":\"Impresi\u00f3n de films para envases flexibles\",\"potentialAction\":[{\"@type\":\"SearchAction\",\"target\":{\"@type\":\"EntryPoint\",\"urlTemplate\":\"https:\/\/www.pigmea.es\/fr\/?s={search_term_string}\"},\"query-input\":{\"@type\":\"PropertyValueSpecification\",\"valueRequired\":true,\"valueName\":\"search_term_string\"}}],\"inLanguage\":\"fr-FR\"}]}<\/script>\n<!-- \/ Yoast SEO plugin. -->","yoast_head_json":{"title":"Plats pr\u00e9par\u00e9s, V\u00e8me gamme et Micro-ondables - Pigmea","robots":{"index":"index","follow":"follow","max-snippet":"max-snippet:-1","max-image-preview":"max-image-preview:large","max-video-preview":"max-video-preview:-1"},"canonical":"https:\/\/www.pigmea.es\/fr\/plats-prepares-veme-gamme-et-micro-ondables\/","og_locale":"fr_FR","og_type":"article","og_title":"Plats pr\u00e9par\u00e9s, V\u00e8me gamme et Micro-ondables - Pigmea","og_url":"https:\/\/www.pigmea.es\/fr\/plats-prepares-veme-gamme-et-micro-ondables\/","og_site_name":"Pigmea","article_modified_time":"2018-11-08T12:04:52+00:00","twitter_card":"summary_large_image","twitter_misc":{"Dur\u00e9e de lecture estim\u00e9e":"5 minutes"},"schema":{"@context":"https:\/\/schema.org","@graph":[{"@type":"WebPage","@id":"https:\/\/www.pigmea.es\/fr\/plats-prepares-veme-gamme-et-micro-ondables\/","url":"https:\/\/www.pigmea.es\/fr\/plats-prepares-veme-gamme-et-micro-ondables\/","name":"Plats pr\u00e9par\u00e9s, V\u00e8me gamme et Micro-ondables - Pigmea","isPartOf":{"@id":"https:\/\/www.pigmea.es\/fr\/#website"},"datePublished":"2018-11-05T16:41:53+00:00","dateModified":"2018-11-08T12:04:52+00:00","breadcrumb":{"@id":"https:\/\/www.pigmea.es\/fr\/plats-prepares-veme-gamme-et-micro-ondables\/#breadcrumb"},"inLanguage":"fr-FR","potentialAction":[{"@type":"ReadAction","target":["https:\/\/www.pigmea.es\/fr\/plats-prepares-veme-gamme-et-micro-ondables\/"]}]},{"@type":"BreadcrumbList","@id":"https:\/\/www.pigmea.es\/fr\/plats-prepares-veme-gamme-et-micro-ondables\/#breadcrumb","itemListElement":[{"@type":"ListItem","position":1,"name":"Portada","item":"https:\/\/www.pigmea.es\/fr\/"},{"@type":"ListItem","position":2,"name":"Plats pr\u00e9par\u00e9s, V\u00e8me gamme et Micro-ondables"}]},{"@type":"WebSite","@id":"https:\/\/www.pigmea.es\/fr\/#website","url":"https:\/\/www.pigmea.es\/fr\/","name":"Pigmea","description":"Impresi\u00f3n de films para envases flexibles","potentialAction":[{"@type":"SearchAction","target":{"@type":"EntryPoint","urlTemplate":"https:\/\/www.pigmea.es\/fr\/?s={search_term_string}"},"query-input":{"@type":"PropertyValueSpecification","valueRequired":true,"valueName":"search_term_string"}}],"inLanguage":"fr-FR"}]}},"_links":{"self":[{"href":"https:\/\/www.pigmea.es\/fr\/wp-json\/wp\/v2\/pages\/2195","targetHints":{"allow":["GET"]}}],"collection":[{"href":"https:\/\/www.pigmea.es\/fr\/wp-json\/wp\/v2\/pages"}],"about":[{"href":"https:\/\/www.pigmea.es\/fr\/wp-json\/wp\/v2\/types\/page"}],"author":[{"embeddable":true,"href":"https:\/\/www.pigmea.es\/fr\/wp-json\/wp\/v2\/users\/3"}],"replies":[{"embeddable":true,"href":"https:\/\/www.pigmea.es\/fr\/wp-json\/wp\/v2\/comments?post=2195"}],"version-history":[{"count":5,"href":"https:\/\/www.pigmea.es\/fr\/wp-json\/wp\/v2\/pages\/2195\/revisions"}],"predecessor-version":[{"id":3095,"href":"https:\/\/www.pigmea.es\/fr\/wp-json\/wp\/v2\/pages\/2195\/revisions\/3095"}],"wp:attachment":[{"href":"https:\/\/www.pigmea.es\/fr\/wp-json\/wp\/v2\/media?parent=2195"}],"curies":[{"name":"wp","href":"https:\/\/api.w.org\/{rel}","templated":true}]}}