
{"id":2037,"date":"2018-11-05T08:04:20","date_gmt":"2018-11-05T08:04:20","guid":{"rendered":"http:\/\/www.pigmea.es\/carnicos-y-loncheados\/"},"modified":"2018-11-08T11:47:29","modified_gmt":"2018-11-08T11:47:29","slug":"produits-a-base-de-viande-et-tranches","status":"publish","type":"page","link":"https:\/\/www.pigmea.es\/fr\/produits-a-base-de-viande-et-tranches\/","title":{"rendered":"Produits \u00e0 base de viande et tranch\u00e9s"},"content":{"rendered":"<p><div class=\"fusion-fullwidth fullwidth-box fusion-builder-row-1 nonhundred-percent-fullwidth non-hundred-percent-height-scrolling block-intro\" style=\"--awb-border-radius-top-left:0px;--awb-border-radius-top-right:0px;--awb-border-radius-bottom-right:0px;--awb-border-radius-bottom-left:0px;--awb-flex-wrap:wrap;\" ><div class=\"fusion-builder-row fusion-row\"><div class=\"fusion-layout-column fusion_builder_column fusion-builder-column-0 fusion_builder_column_1_1 1_1 fusion-one-full fusion-column-first fusion-column-last\" style=\"--awb-bg-size:cover;\"><div class=\"fusion-column-wrapper fusion-flex-column-wrapper-legacy\"><div class=\"fusion-text fusion-text-1\"><p style=\"text-align: center;\">Le secteur de la viande, tant pour des pi\u00e8ces grandes que pour produits tranch\u00e9s et charcuterie, a \u00e9t\u00e9 un des premiers secteurs dans lesquels<strong> l&#8217;emballage flexible a \u00e9t\u00e9 oblig\u00e9 d\u2019\u00e9voluer<\/strong> afin d\u2019augmenter la dur\u00e9e de vie de ses produits, hautement p\u00e9rissables en raison de sa forte teneur en nutriments.<\/p>\n<\/div><div class=\"fusion-clearfix\"><\/div><\/div><\/div><\/div><\/div><div class=\"fusion-fullwidth fullwidth-box fusion-builder-row-2 nonhundred-percent-fullwidth non-hundred-percent-height-scrolling\" style=\"--awb-border-radius-top-left:0px;--awb-border-radius-top-right:0px;--awb-border-radius-bottom-right:0px;--awb-border-radius-bottom-left:0px;--awb-padding-top:50px;--awb-padding-bottom:30px;--awb-margin-top:40px;--awb-background-color:#fbfcfd;--awb-flex-wrap:wrap;\" ><div class=\"fusion-builder-row fusion-row\"><div class=\"fusion-layout-column fusion_builder_column fusion-builder-column-1 fusion_builder_column_1_1 1_1 fusion-one-full fusion-column-first fusion-column-last block-products\" style=\"--awb-bg-size:cover;--awb-margin-top:3%;--awb-margin-bottom:3%;\"><div class=\"fusion-column-wrapper fusion-flex-column-wrapper-legacy\"><div class=\"fusion-text fusion-text-2\"><h2 style=\"text-align: center;\">Produits pour produits \u00e0 base de viande et tranch\u00e9s<\/h2>\n<\/div><div class=\"fusion-text fusion-text-3\"><div class='block-products fusion-content-boxes content-boxes columns row fusion-columns-3 fusion-columns-total-3 fusion-content-boxes-1 content-boxes-icon-on-top content-left'>\n\t\t<div class=\"fusion-column content-box-column content-box-column content-box-column-1 col-lg-4 col-md-4 col-sm-4 fusion-content-box-hover content-box-column-first-in-row\">\n\t\t   \t<div class=\"col content-wrapper-background link-area-box link-type-text icon-hover-animation-fade\" style=\"background-color:#ffffff;\">\n\t\t    \t<div class=\"heading heading-with-icon icon-left\">\n\t\t        \t<a class=\"heading-link\" href=\"https:\/\/www.pigmea.es\/fr\/productos\/complex-abae\/\" target=\"_self\">\n\t\t            \t<div class=\"image\">\n\t\t            \t\t<img decoding=\"async\" width=\"460\" height=\"460\" src=\"https:\/\/www.pigmea.es\/wp-content\/uploads\/2018\/09\/15-ComplexABAE460x460.jpg\" class=\"attachment-post-thumbnail size-post-thumbnail wp-post-image\" alt=\"Complex ABAE\" srcset=\"https:\/\/www.pigmea.es\/wp-content\/uploads\/2018\/09\/15-ComplexABAE460x460-66x66.jpg 66w, https:\/\/www.pigmea.es\/wp-content\/uploads\/2018\/09\/15-ComplexABAE460x460-150x150.jpg 150w, https:\/\/www.pigmea.es\/wp-content\/uploads\/2018\/09\/15-ComplexABAE460x460-200x200.jpg 200w, https:\/\/www.pigmea.es\/wp-content\/uploads\/2018\/09\/15-ComplexABAE460x460-300x300.jpg 300w, https:\/\/www.pigmea.es\/wp-content\/uploads\/2018\/09\/15-ComplexABAE460x460-400x400.jpg 400w, https:\/\/www.pigmea.es\/wp-content\/uploads\/2018\/09\/15-ComplexABAE460x460.jpg 460w\" sizes=\"(max-width: 460px) 100vw, 460px\" \/>\t\t            \t<\/div>\n\t\t            \t<h2 class=\"content-box-heading\">Complex ABAE<\/h2>\n\t\t         \t<\/a>\n\t\t      \t<\/div>\n\t\t  \t<\/div>\n\t\t<\/div>\n\n\t\n\t\t<div class=\"fusion-column content-box-column content-box-column content-box-column-1 col-lg-4 col-md-4 col-sm-4 fusion-content-box-hover content-box-column-first-in-row\">\n\t\t   \t<div class=\"col content-wrapper-background link-area-box link-type-text icon-hover-animation-fade\" style=\"background-color:#ffffff;\">\n\t\t    \t<div class=\"heading heading-with-icon icon-left\">\n\t\t        \t<a class=\"heading-link\" href=\"https:\/\/www.pigmea.es\/fr\/productos\/complex-sar\/\" target=\"_self\">\n\t\t            \t<div class=\"image\">\n\t\t            \t\t<img decoding=\"async\" width=\"460\" height=\"460\" src=\"https:\/\/www.pigmea.es\/wp-content\/uploads\/2018\/09\/14-ComplexSAR460x460.jpg\" class=\"attachment-post-thumbnail size-post-thumbnail wp-post-image\" alt=\"Complex SAR\" srcset=\"https:\/\/www.pigmea.es\/wp-content\/uploads\/2018\/09\/14-ComplexSAR460x460-66x66.jpg 66w, https:\/\/www.pigmea.es\/wp-content\/uploads\/2018\/09\/14-ComplexSAR460x460-150x150.jpg 150w, https:\/\/www.pigmea.es\/wp-content\/uploads\/2018\/09\/14-ComplexSAR460x460-200x200.jpg 200w, https:\/\/www.pigmea.es\/wp-content\/uploads\/2018\/09\/14-ComplexSAR460x460-300x300.jpg 300w, https:\/\/www.pigmea.es\/wp-content\/uploads\/2018\/09\/14-ComplexSAR460x460-400x400.jpg 400w, https:\/\/www.pigmea.es\/wp-content\/uploads\/2018\/09\/14-ComplexSAR460x460.jpg 460w\" sizes=\"(max-width: 460px) 100vw, 460px\" \/>\t\t            \t<\/div>\n\t\t            \t<h2 class=\"content-box-heading\">Complex SAR<\/h2>\n\t\t         \t<\/a>\n\t\t      \t<\/div>\n\t\t  \t<\/div>\n\t\t<\/div>\n\n\t\n\t\t<div class=\"fusion-column content-box-column content-box-column content-box-column-1 col-lg-4 col-md-4 col-sm-4 fusion-content-box-hover content-box-column-first-in-row\">\n\t\t   \t<div class=\"col content-wrapper-background link-area-box link-type-text icon-hover-animation-fade\" style=\"background-color:#ffffff;\">\n\t\t    \t<div class=\"heading heading-with-icon icon-left\">\n\t\t        \t<a class=\"heading-link\" href=\"https:\/\/www.pigmea.es\/fr\/productos\/complex-pol\/\" target=\"_self\">\n\t\t            \t<div class=\"image\">\n\t\t            \t\t<img decoding=\"async\" width=\"460\" height=\"460\" src=\"https:\/\/www.pigmea.es\/wp-content\/uploads\/2018\/09\/13-ComplexPOL460x460.jpg\" class=\"attachment-post-thumbnail size-post-thumbnail wp-post-image\" alt=\"Complex POL\" srcset=\"https:\/\/www.pigmea.es\/wp-content\/uploads\/2018\/09\/13-ComplexPOL460x460-66x66.jpg 66w, https:\/\/www.pigmea.es\/wp-content\/uploads\/2018\/09\/13-ComplexPOL460x460-150x150.jpg 150w, https:\/\/www.pigmea.es\/wp-content\/uploads\/2018\/09\/13-ComplexPOL460x460-200x200.jpg 200w, https:\/\/www.pigmea.es\/wp-content\/uploads\/2018\/09\/13-ComplexPOL460x460-300x300.jpg 300w, https:\/\/www.pigmea.es\/wp-content\/uploads\/2018\/09\/13-ComplexPOL460x460-400x400.jpg 400w, https:\/\/www.pigmea.es\/wp-content\/uploads\/2018\/09\/13-ComplexPOL460x460.jpg 460w\" sizes=\"(max-width: 460px) 100vw, 460px\" \/>\t\t            \t<\/div>\n\t\t            \t<h2 class=\"content-box-heading\">Complex POL<\/h2>\n\t\t         \t<\/a>\n\t\t      \t<\/div>\n\t\t  \t<\/div>\n\t\t<\/div>\n\n\t<\/div>\n<\/div><div class=\"fusion-clearfix\"><\/div><\/div><\/div><\/div><\/div><div class=\"fusion-fullwidth fullwidth-box fusion-builder-row-3 nonhundred-percent-fullwidth non-hundred-percent-height-scrolling section-narrow\" style=\"--awb-border-radius-top-left:0px;--awb-border-radius-top-right:0px;--awb-border-radius-bottom-right:0px;--awb-border-radius-bottom-left:0px;--awb-padding-top:100px;--awb-padding-bottom:60px;--awb-flex-wrap:wrap;\" ><div class=\"fusion-builder-row fusion-row\"><div class=\"fusion-layout-column fusion_builder_column fusion-builder-column-2 fusion_builder_column_1_2 1_2 fusion-one-half fusion-column-first\" style=\"--awb-bg-size:cover;width:50%;width:calc(50% - ( ( 4% ) * 0.5 ) );margin-right: 4%;\"><div class=\"fusion-column-wrapper fusion-flex-column-wrapper-legacy\"><div class=\"fusion-text fusion-text-4\"><h2>R\u00e9sistance et durabilit\u00e9<\/h2>\n<p>Pigmea offre une vaste gamme de solutions pour emballage flexible qui facilitent la protection des produits \u00e0 base de viande pour des machines horizontales (Flow-Pack ou couvercles) que verticales; ainsi que pour des produits aussi bien frais que congel\u00e9s, en ajoutant l\u2019attrait visuel n\u00e9cessaire pour que le produit se d\u00e9marque dans le lin\u00e9aire. La r\u00e9sistance des structures est li\u00e9e \u00e0 la pelabilit\u00e9, la haute barri\u00e8re et les meilleures qualit\u00e9s optiques, qui permettent m\u00eame la st\u00e9rilisation.<br \/>\nPigmea personnalise le film pour le conditionnement automatique pour produits \u00e0 base de viande et charcuterie avec une <strong>impression flexographique de haute qualit\u00e9<\/strong>, pr\u00e9cise et minutieuse, adapt\u00e9e aux tirages de production demand\u00e9s par nos clients.<\/p>\n<\/div><div class=\"fusion-clearfix\"><\/div><\/div><\/div><div class=\"fusion-layout-column fusion_builder_column fusion-builder-column-3 fusion_builder_column_1_2 1_2 fusion-one-half fusion-column-last\" style=\"--awb-bg-size:cover;width:50%;width:calc(50% - ( ( 4% ) * 0.5 ) );\"><div class=\"fusion-column-wrapper fusion-flex-column-wrapper-legacy\"><div class=\"fusion-image-element fusion-image-align-center in-legacy-container\" style=\"text-align:center;--awb-caption-title-font-family:var(--h2_typography-font-family);--awb-caption-title-font-weight:var(--h2_typography-font-weight);--awb-caption-title-font-style:var(--h2_typography-font-style);--awb-caption-title-size:var(--h2_typography-font-size);--awb-caption-title-transform:var(--h2_typography-text-transform);--awb-caption-title-line-height:var(--h2_typography-line-height);--awb-caption-title-letter-spacing:var(--h2_typography-letter-spacing);\"><div class=\"imageframe-align-center\"><span class=\" fusion-imageframe imageframe-none imageframe-1 hover-type-none\"><img decoding=\"async\" width=\"1688\" height=\"1125\" title=\"Plate with Iberian cut ham\" src=\"https:\/\/www.pigmea.es\/wp-content\/uploads\/2018\/11\/sector_3.jpg\" alt class=\"img-responsive wp-image-3022\" srcset=\"https:\/\/www.pigmea.es\/wp-content\/uploads\/2018\/11\/sector_3-200x133.jpg 200w, https:\/\/www.pigmea.es\/wp-content\/uploads\/2018\/11\/sector_3-400x267.jpg 400w, https:\/\/www.pigmea.es\/wp-content\/uploads\/2018\/11\/sector_3-600x400.jpg 600w, https:\/\/www.pigmea.es\/wp-content\/uploads\/2018\/11\/sector_3-800x533.jpg 800w, https:\/\/www.pigmea.es\/wp-content\/uploads\/2018\/11\/sector_3-1200x800.jpg 1200w, https:\/\/www.pigmea.es\/wp-content\/uploads\/2018\/11\/sector_3.jpg 1688w\" sizes=\"(max-width: 1000px) 100vw, 600px\" \/><\/span><\/div><\/div><div class=\"fusion-clearfix\"><\/div><\/div><\/div><\/div><\/div><div class=\"fusion-fullwidth fullwidth-box fusion-builder-row-4 nonhundred-percent-fullwidth non-hundred-percent-height-scrolling footer-cta\" style=\"--awb-border-radius-top-left:0px;--awb-border-radius-top-right:0px;--awb-border-radius-bottom-right:0px;--awb-border-radius-bottom-left:0px;--awb-padding-top:110px;--awb-padding-bottom:110px;--awb-flex-wrap:wrap;\" ><div class=\"fusion-builder-row fusion-row\"><div class=\"fusion-layout-column fusion_builder_column fusion-builder-column-4 fusion_builder_column_1_6 1_6 fusion-one-sixth fusion-column-first fusion-no-small-visibility\" style=\"--awb-bg-size:cover;width:13.3333%; margin-right: 4%;\"><div class=\"fusion-column-wrapper fusion-flex-column-wrapper-legacy\"><div class=\"fusion-clearfix\"><\/div><\/div><\/div><div class=\"fusion-layout-column fusion_builder_column fusion-builder-column-5 fusion_builder_column_2_3 2_3 fusion-two-third\" style=\"--awb-bg-size:cover;--awb-margin-top:3%;--awb-margin-bottom:3%;width:65.3333%; margin-right: 4%;\"><div class=\"fusion-column-wrapper fusion-flex-column-wrapper-legacy\"><div class=\"fusion-text fusion-text-5\"><h2 style=\"text-align: center; font-size: 72px;\">Contactez-nous<\/h2>\n<\/div><div class=\"fusion-text fusion-text-6\"><h4>Notre \u00e9quipe consultative vous guidera dans le but de tirer le meilleur rendement et productivit\u00e9 pour une impression flexographique pr\u00e9cise et minutieuse.<\/h4>\n<\/div><div class=\"fusion-sep-clear\"><\/div><div class=\"fusion-separator fusion-full-width-sep\" style=\"margin-left: auto;margin-right: auto;margin-top:20px;width:100%;\"><\/div><div class=\"fusion-sep-clear\"><\/div><div class=\"fusion-aligncenter\"><a class=\"fusion-button button-flat fusion-button-default-size button-default fusion-button-default button-1 fusion-button-default-span fusion-button-default-type\" target=\"_self\" href=\"\/fr\/contact\/\"><span class=\"fusion-button-text awb-button__text awb-button__text--default\">CONTACTEZ UN CONSEILLER<\/span><\/a><\/div><div class=\"fusion-sep-clear\"><\/div><div class=\"fusion-separator fusion-full-width-sep\" style=\"margin-left: auto;margin-right: auto;margin-top:80px;width:100%;\"><\/div><div class=\"fusion-sep-clear\"><\/div><div class=\"fusion-text fusion-text-7\"><h2 style=\"text-align: center; font-size: 72px;\">Souscrire \u00e0 notre Newsletter<\/h2>\n<\/div><div class=\"fusion-text fusion-text-8\"><h4>B\u00e9n\u00e9ficiez des remises personnalis\u00e9es et obtenez des badges gratuits pour les principaux salons et \u00e9v\u00e8nements du secteur.<\/h4>\n<\/div>                <div class=\"ml-form-embed\"\n                     data-account=\"3180802:s2l3i6z5n6\"\n                     data-form=\"4156129:h2s3o3\">\n                <\/div>\n            <div class=\"fusion-clearfix\"><\/div><\/div><\/div><div class=\"fusion-layout-column fusion_builder_column fusion-builder-column-6 fusion_builder_column_1_6 1_6 fusion-one-sixth fusion-column-last fusion-no-small-visibility\" style=\"--awb-bg-size:cover;width:13.3333%;\"><div class=\"fusion-column-wrapper fusion-flex-column-wrapper-legacy\"><div class=\"fusion-clearfix\"><\/div><\/div><\/div><\/div><\/div>\n<\/p>\n","protected":false},"excerpt":{"rendered":"","protected":false},"author":3,"featured_media":0,"parent":0,"menu_order":0,"comment_status":"closed","ping_status":"closed","template":"100-width.php","meta":{"_acf_changed":false,"footnotes":""},"class_list":["post-2037","page","type-page","status-publish","hentry"],"acf":[],"yoast_head":"<!-- This site is optimized with the Yoast SEO plugin v27.3 - https:\/\/yoast.com\/product\/yoast-seo-wordpress\/ -->\n<title>Produits \u00e0 base de viande et tranch\u00e9s - Pigmea<\/title>\n<meta name=\"robots\" content=\"index, follow, max-snippet:-1, max-image-preview:large, max-video-preview:-1\" \/>\n<link rel=\"canonical\" href=\"https:\/\/www.pigmea.es\/fr\/produits-a-base-de-viande-et-tranches\/\" \/>\n<meta property=\"og:locale\" content=\"fr_FR\" \/>\n<meta property=\"og:type\" content=\"article\" \/>\n<meta property=\"og:title\" content=\"Produits \u00e0 base de viande et tranch\u00e9s - Pigmea\" \/>\n<meta property=\"og:url\" content=\"https:\/\/www.pigmea.es\/fr\/produits-a-base-de-viande-et-tranches\/\" \/>\n<meta property=\"og:site_name\" content=\"Pigmea\" \/>\n<meta property=\"article:modified_time\" content=\"2018-11-08T11:47:29+00:00\" \/>\n<meta name=\"twitter:card\" content=\"summary_large_image\" \/>\n<meta name=\"twitter:label1\" content=\"Dur\u00e9e de lecture estim\u00e9e\" \/>\n\t<meta name=\"twitter:data1\" content=\"5 minutes\" \/>\n<script type=\"application\/ld+json\" class=\"yoast-schema-graph\">{\"@context\":\"https:\\\/\\\/schema.org\",\"@graph\":[{\"@type\":\"WebPage\",\"@id\":\"https:\\\/\\\/www.pigmea.es\\\/fr\\\/produits-a-base-de-viande-et-tranches\\\/\",\"url\":\"https:\\\/\\\/www.pigmea.es\\\/fr\\\/produits-a-base-de-viande-et-tranches\\\/\",\"name\":\"Produits \u00e0 base de viande et tranch\u00e9s - Pigmea\",\"isPartOf\":{\"@id\":\"https:\\\/\\\/www.pigmea.es\\\/fr\\\/#website\"},\"datePublished\":\"2018-11-05T08:04:20+00:00\",\"dateModified\":\"2018-11-08T11:47:29+00:00\",\"breadcrumb\":{\"@id\":\"https:\\\/\\\/www.pigmea.es\\\/fr\\\/produits-a-base-de-viande-et-tranches\\\/#breadcrumb\"},\"inLanguage\":\"fr-FR\",\"potentialAction\":[{\"@type\":\"ReadAction\",\"target\":[\"https:\\\/\\\/www.pigmea.es\\\/fr\\\/produits-a-base-de-viande-et-tranches\\\/\"]}]},{\"@type\":\"BreadcrumbList\",\"@id\":\"https:\\\/\\\/www.pigmea.es\\\/fr\\\/produits-a-base-de-viande-et-tranches\\\/#breadcrumb\",\"itemListElement\":[{\"@type\":\"ListItem\",\"position\":1,\"name\":\"Portada\",\"item\":\"https:\\\/\\\/www.pigmea.es\\\/fr\\\/\"},{\"@type\":\"ListItem\",\"position\":2,\"name\":\"Produits \u00e0 base de viande et tranch\u00e9s\"}]},{\"@type\":\"WebSite\",\"@id\":\"https:\\\/\\\/www.pigmea.es\\\/fr\\\/#website\",\"url\":\"https:\\\/\\\/www.pigmea.es\\\/fr\\\/\",\"name\":\"Pigmea\",\"description\":\"Impresi\u00f3n de films para envases flexibles\",\"potentialAction\":[{\"@type\":\"SearchAction\",\"target\":{\"@type\":\"EntryPoint\",\"urlTemplate\":\"https:\\\/\\\/www.pigmea.es\\\/fr\\\/?s={search_term_string}\"},\"query-input\":{\"@type\":\"PropertyValueSpecification\",\"valueRequired\":true,\"valueName\":\"search_term_string\"}}],\"inLanguage\":\"fr-FR\"}]}<\/script>\n<!-- \/ Yoast SEO plugin. -->","yoast_head_json":{"title":"Produits \u00e0 base de viande et tranch\u00e9s - Pigmea","robots":{"index":"index","follow":"follow","max-snippet":"max-snippet:-1","max-image-preview":"max-image-preview:large","max-video-preview":"max-video-preview:-1"},"canonical":"https:\/\/www.pigmea.es\/fr\/produits-a-base-de-viande-et-tranches\/","og_locale":"fr_FR","og_type":"article","og_title":"Produits \u00e0 base de viande et tranch\u00e9s - Pigmea","og_url":"https:\/\/www.pigmea.es\/fr\/produits-a-base-de-viande-et-tranches\/","og_site_name":"Pigmea","article_modified_time":"2018-11-08T11:47:29+00:00","twitter_card":"summary_large_image","twitter_misc":{"Dur\u00e9e de lecture estim\u00e9e":"5 minutes"},"schema":{"@context":"https:\/\/schema.org","@graph":[{"@type":"WebPage","@id":"https:\/\/www.pigmea.es\/fr\/produits-a-base-de-viande-et-tranches\/","url":"https:\/\/www.pigmea.es\/fr\/produits-a-base-de-viande-et-tranches\/","name":"Produits \u00e0 base de viande et tranch\u00e9s - Pigmea","isPartOf":{"@id":"https:\/\/www.pigmea.es\/fr\/#website"},"datePublished":"2018-11-05T08:04:20+00:00","dateModified":"2018-11-08T11:47:29+00:00","breadcrumb":{"@id":"https:\/\/www.pigmea.es\/fr\/produits-a-base-de-viande-et-tranches\/#breadcrumb"},"inLanguage":"fr-FR","potentialAction":[{"@type":"ReadAction","target":["https:\/\/www.pigmea.es\/fr\/produits-a-base-de-viande-et-tranches\/"]}]},{"@type":"BreadcrumbList","@id":"https:\/\/www.pigmea.es\/fr\/produits-a-base-de-viande-et-tranches\/#breadcrumb","itemListElement":[{"@type":"ListItem","position":1,"name":"Portada","item":"https:\/\/www.pigmea.es\/fr\/"},{"@type":"ListItem","position":2,"name":"Produits \u00e0 base de viande et tranch\u00e9s"}]},{"@type":"WebSite","@id":"https:\/\/www.pigmea.es\/fr\/#website","url":"https:\/\/www.pigmea.es\/fr\/","name":"Pigmea","description":"Impresi\u00f3n de films para envases flexibles","potentialAction":[{"@type":"SearchAction","target":{"@type":"EntryPoint","urlTemplate":"https:\/\/www.pigmea.es\/fr\/?s={search_term_string}"},"query-input":{"@type":"PropertyValueSpecification","valueRequired":true,"valueName":"search_term_string"}}],"inLanguage":"fr-FR"}]}},"_links":{"self":[{"href":"https:\/\/www.pigmea.es\/fr\/wp-json\/wp\/v2\/pages\/2037","targetHints":{"allow":["GET"]}}],"collection":[{"href":"https:\/\/www.pigmea.es\/fr\/wp-json\/wp\/v2\/pages"}],"about":[{"href":"https:\/\/www.pigmea.es\/fr\/wp-json\/wp\/v2\/types\/page"}],"author":[{"embeddable":true,"href":"https:\/\/www.pigmea.es\/fr\/wp-json\/wp\/v2\/users\/3"}],"replies":[{"embeddable":true,"href":"https:\/\/www.pigmea.es\/fr\/wp-json\/wp\/v2\/comments?post=2037"}],"version-history":[{"count":10,"href":"https:\/\/www.pigmea.es\/fr\/wp-json\/wp\/v2\/pages\/2037\/revisions"}],"predecessor-version":[{"id":3080,"href":"https:\/\/www.pigmea.es\/fr\/wp-json\/wp\/v2\/pages\/2037\/revisions\/3080"}],"wp:attachment":[{"href":"https:\/\/www.pigmea.es\/fr\/wp-json\/wp\/v2\/media?parent=2037"}],"curies":[{"name":"wp","href":"https:\/\/api.w.org\/{rel}","templated":true}]}}