
{"id":1955,"date":"2018-05-06T15:46:48","date_gmt":"2018-05-06T15:46:48","guid":{"rendered":"http:\/\/www.pigmea.es\/agricultura-y-iv-gama\/"},"modified":"2018-11-08T11:28:42","modified_gmt":"2018-11-08T11:28:42","slug":"agriculture-et-iveme-gamme","status":"publish","type":"page","link":"https:\/\/www.pigmea.es\/fr\/agriculture-et-iveme-gamme\/","title":{"rendered":"Agriculture et IV\u00e8me gamme"},"content":{"rendered":"<p><div class=\"fusion-fullwidth fullwidth-box fusion-builder-row-1 nonhundred-percent-fullwidth non-hundred-percent-height-scrolling block-intro\" style=\"--awb-border-radius-top-left:0px;--awb-border-radius-top-right:0px;--awb-border-radius-bottom-right:0px;--awb-border-radius-bottom-left:0px;--awb-flex-wrap:wrap;\" ><div class=\"fusion-builder-row fusion-row\"><div class=\"fusion-layout-column fusion_builder_column fusion-builder-column-0 fusion_builder_column_1_1 1_1 fusion-one-full fusion-column-first fusion-column-last\" style=\"--awb-bg-size:cover;\"><div class=\"fusion-column-wrapper fusion-flex-column-wrapper-legacy\"><div class=\"fusion-text fusion-text-1\"><p style=\"text-align: center;\">Pigmea dispose d\u2019une exp\u00e9rience \u00e9tendue en tant que prestataire d\u2019emballage flexible pour le conditionnement dans le secteur agricole et horticole, y compris les fruits et l\u00e9gumes de la IV\u00e8me gamme, c\u2019est-\u00e0-dire, ceux qui arrivent au march\u00e9 lav\u00e9s et coup\u00e9s en morceaux.<\/p>\n<\/div><div class=\"fusion-clearfix\"><\/div><\/div><\/div><\/div><\/div><div class=\"fusion-fullwidth fullwidth-box fusion-builder-row-2 nonhundred-percent-fullwidth non-hundred-percent-height-scrolling\" style=\"--awb-background-position:left top;--awb-border-radius-top-left:0px;--awb-border-radius-top-right:0px;--awb-border-radius-bottom-right:0px;--awb-border-radius-bottom-left:0px;--awb-padding-top:50px;--awb-padding-bottom:30px;--awb-margin-top:40px;--awb-background-color:#fbfcfd;--awb-border-sizes-top:0px;--awb-border-sizes-bottom:0px;--awb-flex-wrap:wrap;\" ><div class=\"fusion-builder-row fusion-row\"><div class=\"fusion-layout-column fusion_builder_column fusion-builder-column-1 fusion_builder_column_1_1 1_1 fusion-one-full fusion-column-first fusion-column-last block-products\" style=\"--awb-bg-size:cover;--awb-margin-top:3%;--awb-margin-bottom:3%;\"><div class=\"fusion-column-wrapper fusion-flex-column-wrapper-legacy\"><div class=\"fusion-text fusion-text-2\"><h2 style=\"text-align: center;\">Produits pour l\u00e9gumes et IV\u00e8me gamme<\/h2>\n<\/div><div class=\"fusion-text fusion-text-3\"><div class='block-products fusion-content-boxes content-boxes columns row fusion-columns-3 fusion-columns-total-3 fusion-content-boxes-1 content-boxes-icon-on-top content-left'>\n\t\t<div class=\"fusion-column content-box-column content-box-column content-box-column-1 col-lg-4 col-md-4 col-sm-4 fusion-content-box-hover content-box-column-first-in-row\">\n\t\t   \t<div class=\"col content-wrapper-background link-area-box link-type-text icon-hover-animation-fade\" style=\"background-color:#ffffff;\">\n\t\t    \t<div class=\"heading heading-with-icon icon-left\">\n\t\t        \t<a class=\"heading-link\" href=\"https:\/\/www.pigmea.es\/fr\/productos\/complex-boppbopp\/\" target=\"_self\">\n\t\t            \t<div class=\"image\">\n\t\t            \t\t<img decoding=\"async\" width=\"460\" height=\"460\" src=\"https:\/\/www.pigmea.es\/wp-content\/uploads\/2018\/09\/3-ComplexBOPPBOPP460x460.jpg\" class=\"attachment-post-thumbnail size-post-thumbnail wp-post-image\" alt=\"Complex BOPP+BOPP\" srcset=\"https:\/\/www.pigmea.es\/wp-content\/uploads\/2018\/09\/3-ComplexBOPPBOPP460x460-66x66.jpg 66w, https:\/\/www.pigmea.es\/wp-content\/uploads\/2018\/09\/3-ComplexBOPPBOPP460x460-150x150.jpg 150w, https:\/\/www.pigmea.es\/wp-content\/uploads\/2018\/09\/3-ComplexBOPPBOPP460x460-200x200.jpg 200w, https:\/\/www.pigmea.es\/wp-content\/uploads\/2018\/09\/3-ComplexBOPPBOPP460x460-300x300.jpg 300w, https:\/\/www.pigmea.es\/wp-content\/uploads\/2018\/09\/3-ComplexBOPPBOPP460x460-400x400.jpg 400w, https:\/\/www.pigmea.es\/wp-content\/uploads\/2018\/09\/3-ComplexBOPPBOPP460x460.jpg 460w\" sizes=\"(max-width: 460px) 100vw, 460px\" \/>\t\t            \t<\/div>\n\t\t            \t<h2 class=\"content-box-heading\">Complex BOPP+BOPP<\/h2>\n\t\t         \t<\/a>\n\t\t      \t<\/div>\n\t\t  \t<\/div>\n\t\t<\/div>\n\n\t\n\t\t<div class=\"fusion-column content-box-column content-box-column content-box-column-1 col-lg-4 col-md-4 col-sm-4 fusion-content-box-hover content-box-column-first-in-row\">\n\t\t   \t<div class=\"col content-wrapper-background link-area-box link-type-text icon-hover-animation-fade\" style=\"background-color:#ffffff;\">\n\t\t    \t<div class=\"heading heading-with-icon icon-left\">\n\t\t        \t<a class=\"heading-link\" href=\"https:\/\/www.pigmea.es\/fr\/productos\/mono-pp\/\" target=\"_self\">\n\t\t            \t<div class=\"image\">\n\t\t            \t\t<img decoding=\"async\" width=\"460\" height=\"460\" src=\"https:\/\/www.pigmea.es\/wp-content\/uploads\/2018\/09\/2-MonoPP.jpg\" class=\"attachment-post-thumbnail size-post-thumbnail wp-post-image\" alt=\"\" srcset=\"https:\/\/www.pigmea.es\/wp-content\/uploads\/2018\/09\/2-MonoPP-66x66.jpg 66w, https:\/\/www.pigmea.es\/wp-content\/uploads\/2018\/09\/2-MonoPP-150x150.jpg 150w, https:\/\/www.pigmea.es\/wp-content\/uploads\/2018\/09\/2-MonoPP-200x200.jpg 200w, https:\/\/www.pigmea.es\/wp-content\/uploads\/2018\/09\/2-MonoPP-300x300.jpg 300w, https:\/\/www.pigmea.es\/wp-content\/uploads\/2018\/09\/2-MonoPP-400x400.jpg 400w, https:\/\/www.pigmea.es\/wp-content\/uploads\/2018\/09\/2-MonoPP.jpg 460w\" sizes=\"(max-width: 460px) 100vw, 460px\" \/>\t\t            \t<\/div>\n\t\t            \t<h2 class=\"content-box-heading\">Mono PP<\/h2>\n\t\t         \t<\/a>\n\t\t      \t<\/div>\n\t\t  \t<\/div>\n\t\t<\/div>\n\n\t\n\t\t<div class=\"fusion-column content-box-column content-box-column content-box-column-1 col-lg-4 col-md-4 col-sm-4 fusion-content-box-hover content-box-column-first-in-row\">\n\t\t   \t<div class=\"col content-wrapper-background link-area-box link-type-text icon-hover-animation-fade\" style=\"background-color:#ffffff;\">\n\t\t    \t<div class=\"heading heading-with-icon icon-left\">\n\t\t        \t<a class=\"heading-link\" href=\"https:\/\/www.pigmea.es\/fr\/productos\/mono-bopp\/\" target=\"_self\">\n\t\t            \t<div class=\"image\">\n\t\t            \t\t<img decoding=\"async\" width=\"640\" height=\"640\" src=\"https:\/\/www.pigmea.es\/wp-content\/uploads\/2018\/05\/mockup-01.jpg\" class=\"attachment-post-thumbnail size-post-thumbnail wp-post-image\" alt=\"\" srcset=\"https:\/\/www.pigmea.es\/wp-content\/uploads\/2018\/05\/mockup-01-66x66.jpg 66w, https:\/\/www.pigmea.es\/wp-content\/uploads\/2018\/05\/mockup-01-150x150.jpg 150w, https:\/\/www.pigmea.es\/wp-content\/uploads\/2018\/05\/mockup-01-200x200.jpg 200w, https:\/\/www.pigmea.es\/wp-content\/uploads\/2018\/05\/mockup-01-300x300.jpg 300w, https:\/\/www.pigmea.es\/wp-content\/uploads\/2018\/05\/mockup-01-400x400.jpg 400w, https:\/\/www.pigmea.es\/wp-content\/uploads\/2018\/05\/mockup-01-600x600.jpg 600w, https:\/\/www.pigmea.es\/wp-content\/uploads\/2018\/05\/mockup-01.jpg 640w\" sizes=\"(max-width: 640px) 100vw, 640px\" \/>\t\t            \t<\/div>\n\t\t            \t<h2 class=\"content-box-heading\">Mono BOPP<\/h2>\n\t\t         \t<\/a>\n\t\t      \t<\/div>\n\t\t  \t<\/div>\n\t\t<\/div>\n\n\t<\/div>\n<\/div><div class=\"fusion-clearfix\"><\/div><\/div><\/div><\/div><\/div><div class=\"fusion-fullwidth fullwidth-box fusion-builder-row-3 nonhundred-percent-fullwidth non-hundred-percent-height-scrolling section-narrow\" style=\"--awb-border-radius-top-left:0px;--awb-border-radius-top-right:0px;--awb-border-radius-bottom-right:0px;--awb-border-radius-bottom-left:0px;--awb-padding-top:100px;--awb-padding-bottom:60px;--awb-flex-wrap:wrap;\" ><div class=\"fusion-builder-row fusion-row\"><div class=\"fusion-layout-column fusion_builder_column fusion-builder-column-2 fusion_builder_column_1_2 1_2 fusion-one-half fusion-column-first\" style=\"--awb-bg-size:cover;width:50%;width:calc(50% - ( ( 4% ) * 0.5 ) );margin-right: 4%;\"><div class=\"fusion-column-wrapper fusion-flex-column-wrapper-legacy\"><div class=\"fusion-text fusion-text-4\"><h2>\u00c0 l\u2019avant-garde d\u2019un secteur en \u00e9volution<\/h2>\n<p>Il s\u2019agit d\u2019un secteur en constante \u00e9volution au cours des derni\u00e8res ann\u00e9es \u00e0 cause du lancement de la IV\u00e8me gamme, qui conna\u00eet actuellement une croissance exponentielle de sa consommation. Le conditionnement de fruits, l\u00e9gumes et v\u00e9g\u00e9taux pr\u00e9sente une grande complexit\u00e9 \u00e9tant donn\u00e9 que son activit\u00e9 m\u00e9tabolique est un facteur qui limite sa vie commerciale, vu qu\u2019elle continue apr\u00e8s la r\u00e9colte. Par cons\u00e9quent, le <strong>film pour emballage alimentaire joue un r\u00f4le d\u00e9cisif dans le processus de conservation et conservation<\/strong> de la vie utile du produit.<\/p>\n<p>Dans le cas de la <strong>IV\u00e8me gamme<\/strong>, le film dispose normalement de <strong>perm\u00e9abilit\u00e9s s\u00e9lectives qui permettent de contr\u00f4ler la respiration des fruits et v\u00e9g\u00e9taux<\/strong>, ainsi que d\u2019un <strong>traitement anti-bu\u00e9e<\/strong> afin d\u2019am\u00e9liorer la transparence et l\u2019exposition du produit au consommateur.<\/p>\n<p>Les films et complexes de Pigmea, pour des machines horizontales (Flow-Pack ou couvercles) et verticales, con\u00e7us pour des produits conserv\u00e9s sous atmosph\u00e8re modifi\u00e9e, prolongent la dur\u00e9e de vie du produit, en assurant la qualit\u00e9 pour le client utilisateur ainsi qu\u2019une am\u00e9lioration de la logistique du producteur. Pigmea peut aussi fournir des solutions d\u2019emballage flexible destin\u00e9es aux produits congel\u00e9s.<\/p>\n<p>Pigmea personnalise le film pour le conditionnement automatique de produits horticoles avec une <strong>impression flexographique de haute qualit\u00e9<\/strong>, pr\u00e9cise et minutieuse, adapt\u00e9e aux tirages de production demand\u00e9s par nos clients.<\/p>\n<\/div><div class=\"fusion-clearfix\"><\/div><\/div><\/div><div class=\"fusion-layout-column fusion_builder_column fusion-builder-column-3 fusion_builder_column_1_2 1_2 fusion-one-half fusion-column-last\" style=\"--awb-bg-size:cover;width:50%;width:calc(50% - ( ( 4% ) * 0.5 ) );\"><div class=\"fusion-column-wrapper fusion-flex-column-wrapper-legacy\"><div class=\"fusion-image-element fusion-image-align-center in-legacy-container\" style=\"text-align:center;--awb-caption-title-font-family:var(--h2_typography-font-family);--awb-caption-title-font-weight:var(--h2_typography-font-weight);--awb-caption-title-font-style:var(--h2_typography-font-style);--awb-caption-title-size:var(--h2_typography-font-size);--awb-caption-title-transform:var(--h2_typography-text-transform);--awb-caption-title-line-height:var(--h2_typography-line-height);--awb-caption-title-letter-spacing:var(--h2_typography-letter-spacing);\"><div class=\"imageframe-align-center\"><span class=\" fusion-imageframe imageframe-none imageframe-1 hover-type-none\"><img decoding=\"async\" width=\"1746\" height=\"1088\" title=\"vegetables and fruits on white background\" src=\"https:\/\/www.pigmea.es\/wp-content\/uploads\/2018\/11\/sector_1.jpg\" alt class=\"img-responsive wp-image-3014\" srcset=\"https:\/\/www.pigmea.es\/wp-content\/uploads\/2018\/11\/sector_1-200x125.jpg 200w, https:\/\/www.pigmea.es\/wp-content\/uploads\/2018\/11\/sector_1-400x249.jpg 400w, https:\/\/www.pigmea.es\/wp-content\/uploads\/2018\/11\/sector_1-600x374.jpg 600w, https:\/\/www.pigmea.es\/wp-content\/uploads\/2018\/11\/sector_1-800x499.jpg 800w, https:\/\/www.pigmea.es\/wp-content\/uploads\/2018\/11\/sector_1-1200x748.jpg 1200w, https:\/\/www.pigmea.es\/wp-content\/uploads\/2018\/11\/sector_1.jpg 1746w\" sizes=\"(max-width: 1000px) 100vw, 600px\" \/><\/span><\/div><\/div><div class=\"fusion-clearfix\"><\/div><\/div><\/div><\/div><\/div><div class=\"fusion-fullwidth fullwidth-box fusion-builder-row-4 nonhundred-percent-fullwidth non-hundred-percent-height-scrolling footer-cta\" style=\"--awb-border-radius-top-left:0px;--awb-border-radius-top-right:0px;--awb-border-radius-bottom-right:0px;--awb-border-radius-bottom-left:0px;--awb-padding-top:110px;--awb-padding-bottom:110px;--awb-flex-wrap:wrap;\" ><div class=\"fusion-builder-row fusion-row\"><div class=\"fusion-layout-column fusion_builder_column fusion-builder-column-4 fusion_builder_column_1_6 1_6 fusion-one-sixth fusion-column-first fusion-no-small-visibility\" style=\"--awb-bg-size:cover;width:13.3333%; margin-right: 4%;\"><div class=\"fusion-column-wrapper fusion-flex-column-wrapper-legacy\"><div class=\"fusion-clearfix\"><\/div><\/div><\/div><div class=\"fusion-layout-column fusion_builder_column fusion-builder-column-5 fusion_builder_column_2_3 2_3 fusion-two-third\" style=\"--awb-bg-size:cover;--awb-margin-top:3%;--awb-margin-bottom:3%;width:65.3333%; margin-right: 4%;\"><div class=\"fusion-column-wrapper fusion-flex-column-wrapper-legacy\"><div class=\"fusion-text fusion-text-5\"><h2 style=\"text-align: center; font-size: 72px;\">Contactez-nous<\/h2>\n<\/div><div class=\"fusion-text fusion-text-6\"><h4>Notre \u00e9quipe consultative vous guidera dans le but de tirer le meilleur rendement et productivit\u00e9 pour une impression flexographique pr\u00e9cise et minutieuse.<\/h4>\n<\/div><div class=\"fusion-sep-clear\"><\/div><div class=\"fusion-separator fusion-full-width-sep\" style=\"margin-left: auto;margin-right: auto;margin-top:20px;width:100%;\"><\/div><div class=\"fusion-sep-clear\"><\/div><div class=\"fusion-aligncenter\"><a class=\"fusion-button button-flat fusion-button-default-size button-default fusion-button-default button-1 fusion-button-default-span fusion-button-default-type\" target=\"_self\" href=\"\/fr\/contact\/\"><span class=\"fusion-button-text awb-button__text awb-button__text--default\">CONTACTEZ UN CONSEILLER<\/span><\/a><\/div><div class=\"fusion-sep-clear\"><\/div><div class=\"fusion-separator fusion-full-width-sep\" style=\"margin-left: auto;margin-right: auto;margin-top:80px;width:100%;\"><\/div><div class=\"fusion-sep-clear\"><\/div><div class=\"fusion-text fusion-text-7\"><h2 style=\"text-align: center; font-size: 72px;\">Souscrire \u00e0 notre Newsletter<\/h2>\n<\/div><div class=\"fusion-text fusion-text-8\"><h4>B\u00e9n\u00e9ficiez des remises personnalis\u00e9es et obtenez des badges gratuits pour les principaux salons et \u00e9v\u00e8nements du secteur.<\/h4>\n<\/div>                <div class=\"ml-form-embed\"\n                     data-account=\"3180802:s2l3i6z5n6\"\n                     data-form=\"4156129:h2s3o3\">\n                <\/div>\n            <div class=\"fusion-clearfix\"><\/div><\/div><\/div><div class=\"fusion-layout-column fusion_builder_column fusion-builder-column-6 fusion_builder_column_1_6 1_6 fusion-one-sixth fusion-column-last fusion-no-small-visibility\" style=\"--awb-bg-size:cover;width:13.3333%;\"><div class=\"fusion-column-wrapper fusion-flex-column-wrapper-legacy\"><div class=\"fusion-clearfix\"><\/div><\/div><\/div><\/div><\/div>\n<\/p>\n","protected":false},"excerpt":{"rendered":"","protected":false},"author":3,"featured_media":0,"parent":0,"menu_order":0,"comment_status":"closed","ping_status":"closed","template":"100-width.php","meta":{"_acf_changed":false,"footnotes":""},"class_list":["post-1955","page","type-page","status-publish","hentry"],"acf":[],"yoast_head":"<!-- This site is optimized with the Yoast SEO plugin v27.3 - https:\/\/yoast.com\/product\/yoast-seo-wordpress\/ -->\n<title>Agriculture et IV\u00e8me gamme - Pigmea<\/title>\n<meta name=\"robots\" content=\"index, follow, max-snippet:-1, max-image-preview:large, max-video-preview:-1\" \/>\n<link rel=\"canonical\" href=\"https:\/\/www.pigmea.es\/fr\/agriculture-et-iveme-gamme\/\" \/>\n<meta property=\"og:locale\" content=\"fr_FR\" \/>\n<meta property=\"og:type\" content=\"article\" \/>\n<meta property=\"og:title\" content=\"Agriculture et IV\u00e8me gamme - Pigmea\" \/>\n<meta property=\"og:url\" content=\"https:\/\/www.pigmea.es\/fr\/agriculture-et-iveme-gamme\/\" \/>\n<meta property=\"og:site_name\" content=\"Pigmea\" \/>\n<meta property=\"article:modified_time\" content=\"2018-11-08T11:28:42+00:00\" \/>\n<meta name=\"twitter:card\" content=\"summary_large_image\" \/>\n<meta name=\"twitter:label1\" content=\"Dur\u00e9e de lecture estim\u00e9e\" \/>\n\t<meta name=\"twitter:data1\" content=\"5 minutes\" \/>\n<script type=\"application\/ld+json\" class=\"yoast-schema-graph\">{\"@context\":\"https:\\\/\\\/schema.org\",\"@graph\":[{\"@type\":\"WebPage\",\"@id\":\"https:\\\/\\\/www.pigmea.es\\\/fr\\\/agriculture-et-iveme-gamme\\\/\",\"url\":\"https:\\\/\\\/www.pigmea.es\\\/fr\\\/agriculture-et-iveme-gamme\\\/\",\"name\":\"Agriculture et IV\u00e8me gamme - Pigmea\",\"isPartOf\":{\"@id\":\"https:\\\/\\\/www.pigmea.es\\\/fr\\\/#website\"},\"datePublished\":\"2018-05-06T15:46:48+00:00\",\"dateModified\":\"2018-11-08T11:28:42+00:00\",\"breadcrumb\":{\"@id\":\"https:\\\/\\\/www.pigmea.es\\\/fr\\\/agriculture-et-iveme-gamme\\\/#breadcrumb\"},\"inLanguage\":\"fr-FR\",\"potentialAction\":[{\"@type\":\"ReadAction\",\"target\":[\"https:\\\/\\\/www.pigmea.es\\\/fr\\\/agriculture-et-iveme-gamme\\\/\"]}]},{\"@type\":\"BreadcrumbList\",\"@id\":\"https:\\\/\\\/www.pigmea.es\\\/fr\\\/agriculture-et-iveme-gamme\\\/#breadcrumb\",\"itemListElement\":[{\"@type\":\"ListItem\",\"position\":1,\"name\":\"Portada\",\"item\":\"https:\\\/\\\/www.pigmea.es\\\/fr\\\/\"},{\"@type\":\"ListItem\",\"position\":2,\"name\":\"Agriculture et IV\u00e8me gamme\"}]},{\"@type\":\"WebSite\",\"@id\":\"https:\\\/\\\/www.pigmea.es\\\/fr\\\/#website\",\"url\":\"https:\\\/\\\/www.pigmea.es\\\/fr\\\/\",\"name\":\"Pigmea\",\"description\":\"Impresi\u00f3n de films para envases flexibles\",\"potentialAction\":[{\"@type\":\"SearchAction\",\"target\":{\"@type\":\"EntryPoint\",\"urlTemplate\":\"https:\\\/\\\/www.pigmea.es\\\/fr\\\/?s={search_term_string}\"},\"query-input\":{\"@type\":\"PropertyValueSpecification\",\"valueRequired\":true,\"valueName\":\"search_term_string\"}}],\"inLanguage\":\"fr-FR\"}]}<\/script>\n<!-- \/ Yoast SEO plugin. -->","yoast_head_json":{"title":"Agriculture et IV\u00e8me gamme - Pigmea","robots":{"index":"index","follow":"follow","max-snippet":"max-snippet:-1","max-image-preview":"max-image-preview:large","max-video-preview":"max-video-preview:-1"},"canonical":"https:\/\/www.pigmea.es\/fr\/agriculture-et-iveme-gamme\/","og_locale":"fr_FR","og_type":"article","og_title":"Agriculture et IV\u00e8me gamme - Pigmea","og_url":"https:\/\/www.pigmea.es\/fr\/agriculture-et-iveme-gamme\/","og_site_name":"Pigmea","article_modified_time":"2018-11-08T11:28:42+00:00","twitter_card":"summary_large_image","twitter_misc":{"Dur\u00e9e de lecture estim\u00e9e":"5 minutes"},"schema":{"@context":"https:\/\/schema.org","@graph":[{"@type":"WebPage","@id":"https:\/\/www.pigmea.es\/fr\/agriculture-et-iveme-gamme\/","url":"https:\/\/www.pigmea.es\/fr\/agriculture-et-iveme-gamme\/","name":"Agriculture et IV\u00e8me gamme - Pigmea","isPartOf":{"@id":"https:\/\/www.pigmea.es\/fr\/#website"},"datePublished":"2018-05-06T15:46:48+00:00","dateModified":"2018-11-08T11:28:42+00:00","breadcrumb":{"@id":"https:\/\/www.pigmea.es\/fr\/agriculture-et-iveme-gamme\/#breadcrumb"},"inLanguage":"fr-FR","potentialAction":[{"@type":"ReadAction","target":["https:\/\/www.pigmea.es\/fr\/agriculture-et-iveme-gamme\/"]}]},{"@type":"BreadcrumbList","@id":"https:\/\/www.pigmea.es\/fr\/agriculture-et-iveme-gamme\/#breadcrumb","itemListElement":[{"@type":"ListItem","position":1,"name":"Portada","item":"https:\/\/www.pigmea.es\/fr\/"},{"@type":"ListItem","position":2,"name":"Agriculture et IV\u00e8me gamme"}]},{"@type":"WebSite","@id":"https:\/\/www.pigmea.es\/fr\/#website","url":"https:\/\/www.pigmea.es\/fr\/","name":"Pigmea","description":"Impresi\u00f3n de films para envases flexibles","potentialAction":[{"@type":"SearchAction","target":{"@type":"EntryPoint","urlTemplate":"https:\/\/www.pigmea.es\/fr\/?s={search_term_string}"},"query-input":{"@type":"PropertyValueSpecification","valueRequired":true,"valueName":"search_term_string"}}],"inLanguage":"fr-FR"}]}},"_links":{"self":[{"href":"https:\/\/www.pigmea.es\/fr\/wp-json\/wp\/v2\/pages\/1955","targetHints":{"allow":["GET"]}}],"collection":[{"href":"https:\/\/www.pigmea.es\/fr\/wp-json\/wp\/v2\/pages"}],"about":[{"href":"https:\/\/www.pigmea.es\/fr\/wp-json\/wp\/v2\/types\/page"}],"author":[{"embeddable":true,"href":"https:\/\/www.pigmea.es\/fr\/wp-json\/wp\/v2\/users\/3"}],"replies":[{"embeddable":true,"href":"https:\/\/www.pigmea.es\/fr\/wp-json\/wp\/v2\/comments?post=1955"}],"version-history":[{"count":8,"href":"https:\/\/www.pigmea.es\/fr\/wp-json\/wp\/v2\/pages\/1955\/revisions"}],"predecessor-version":[{"id":3054,"href":"https:\/\/www.pigmea.es\/fr\/wp-json\/wp\/v2\/pages\/1955\/revisions\/3054"}],"wp:attachment":[{"href":"https:\/\/www.pigmea.es\/fr\/wp-json\/wp\/v2\/media?parent=1955"}],"curies":[{"name":"wp","href":"https:\/\/api.w.org\/{rel}","templated":true}]}}