
{"id":1824,"date":"2018-05-03T11:15:08","date_gmt":"2018-05-03T11:15:08","guid":{"rendered":"http:\/\/www.pigmea.es\/idi\/"},"modified":"2020-02-11T10:07:55","modified_gmt":"2020-02-11T10:07:55","slug":"rd","status":"publish","type":"page","link":"https:\/\/www.pigmea.es\/fr\/rd\/","title":{"rendered":"R+D"},"content":{"rendered":"<p><div class=\"fusion-fullwidth fullwidth-box fusion-builder-row-1 nonhundred-percent-fullwidth non-hundred-percent-height-scrolling block-intro\" style=\"--awb-border-radius-top-left:0px;--awb-border-radius-top-right:0px;--awb-border-radius-bottom-right:0px;--awb-border-radius-bottom-left:0px;--awb-padding-bottom:100px;--awb-flex-wrap:wrap;\" ><div class=\"fusion-builder-row fusion-row\"><div class=\"fusion-layout-column fusion_builder_column fusion-builder-column-0 fusion_builder_column_1_1 1_1 fusion-one-full fusion-column-first fusion-column-last\" style=\"--awb-bg-size:cover;--awb-margin-bottom:80px;\"><div class=\"fusion-column-wrapper fusion-flex-column-wrapper-legacy\"><div class=\"fusion-text fusion-text-1\"><p style=\"text-align: center;\">Dans ce pari sur l\u2019am\u00e9lioration continue, Pigmea r\u00e9alise de larges efforts sur <strong>innovation technologique<\/strong>, en appliquant les m\u00e9thodologies de production et gestion les plus efficientes dans le but d\u2019offrir les <strong>solutions de conditionnement alimentaire les plus ad\u00e9quates pour chaque produit ou client<\/strong>. Ce travail de recherche conduit au perfectionnement des solutions offertes par Pigmea, afin de trouver des progr\u00e8s conduisant \u00e0 l\u2019optimisation de l\u2019emballage flexible de ses clients.<\/p>\n<\/div><div class=\"fusion-clearfix\"><\/div><\/div><\/div><div class=\"fusion-layout-column fusion_builder_column fusion-builder-column-1 fusion_builder_column_3_5 3_5 fusion-three-fifth fusion-column-first\" style=\"--awb-bg-size:cover;width:60%;width:calc(60% - ( ( 4% ) * 0.6 ) );margin-right: 4%;\"><div class=\"fusion-column-wrapper fusion-flex-column-wrapper-legacy\"><div class=\"fusion-image-element in-legacy-container\" style=\"--awb-caption-title-font-family:var(--h2_typography-font-family);--awb-caption-title-font-weight:var(--h2_typography-font-weight);--awb-caption-title-font-style:var(--h2_typography-font-style);--awb-caption-title-size:var(--h2_typography-font-size);--awb-caption-title-transform:var(--h2_typography-text-transform);--awb-caption-title-line-height:var(--h2_typography-line-height);--awb-caption-title-letter-spacing:var(--h2_typography-letter-spacing);\"><span class=\" fusion-imageframe imageframe-none imageframe-1 hover-type-none\"><img decoding=\"async\" width=\"520\" height=\"400\" alt=\"Permeabilidad selectiva\" title=\"Permeabilidad selectiva\" src=\"https:\/\/www.pigmea.es\/wp-content\/uploads\/2018\/09\/permeabilidad_-selectiva520x400.png\" class=\"img-responsive wp-image-2556\" srcset=\"https:\/\/www.pigmea.es\/wp-content\/uploads\/2018\/09\/permeabilidad_-selectiva520x400-200x154.png 200w, https:\/\/www.pigmea.es\/wp-content\/uploads\/2018\/09\/permeabilidad_-selectiva520x400-400x308.png 400w, https:\/\/www.pigmea.es\/wp-content\/uploads\/2018\/09\/permeabilidad_-selectiva520x400.png 520w\" sizes=\"(max-width: 1000px) 100vw, 520px\" \/><\/span><\/div><div class=\"fusion-clearfix\"><\/div><\/div><\/div><div class=\"fusion-layout-column fusion_builder_column fusion-builder-column-2 fusion_builder_column_2_5 2_5 fusion-two-fifth fusion-column-last\" style=\"--awb-bg-size:cover;width:40%;width:calc(40% - ( ( 4% ) * 0.4 ) );\"><div class=\"fusion-column-wrapper fusion-flex-column-wrapper-legacy\"><div class=\"fusion-text fusion-text-2\"><p>Par exemple, ces innovations permettent d\u2019augmenter la dur\u00e9e de vie utile des aliments \u00e0 l\u2019aide de perm\u00e9abilit\u00e9s s\u00e9lectives et conditions de barri\u00e8re \u00e0 l\u2019oxyg\u00e8ne, \u00e0 la vapeur d\u2019eau et \u00e0 la lumi\u00e8re.<\/p>\n<\/div><div class=\"fusion-clearfix\"><\/div><\/div><\/div><div class=\"fusion-layout-column fusion_builder_column fusion-builder-column-3 fusion_builder_column_3_5 3_5 fusion-three-fifth fusion-column-first\" style=\"--awb-bg-size:cover;--awb-margin-top:60px;width:60%;width:calc(60% - ( ( 4% ) * 0.6 ) );margin-right: 4%;\"><div class=\"fusion-column-wrapper fusion-flex-column-wrapper-legacy\"><div class=\"fusion-image-element in-legacy-container\" style=\"--awb-caption-title-font-family:var(--h2_typography-font-family);--awb-caption-title-font-weight:var(--h2_typography-font-weight);--awb-caption-title-font-style:var(--h2_typography-font-style);--awb-caption-title-size:var(--h2_typography-font-size);--awb-caption-title-transform:var(--h2_typography-text-transform);--awb-caption-title-line-height:var(--h2_typography-line-height);--awb-caption-title-letter-spacing:var(--h2_typography-letter-spacing);\"><span class=\" fusion-imageframe imageframe-none imageframe-2 hover-type-none\"><img decoding=\"async\" width=\"520\" height=\"400\" alt=\"departamento I+D+i\" title=\"departamento I+D+i\" src=\"https:\/\/www.pigmea.es\/wp-content\/uploads\/2018\/09\/departamento_idi520x400.png\" class=\"img-responsive wp-image-2553\" srcset=\"https:\/\/www.pigmea.es\/wp-content\/uploads\/2018\/09\/departamento_idi520x400-200x154.png 200w, https:\/\/www.pigmea.es\/wp-content\/uploads\/2018\/09\/departamento_idi520x400-400x308.png 400w, https:\/\/www.pigmea.es\/wp-content\/uploads\/2018\/09\/departamento_idi520x400.png 520w\" sizes=\"(max-width: 1000px) 100vw, 520px\" \/><\/span><\/div><div class=\"fusion-clearfix\"><\/div><\/div><\/div><div class=\"fusion-layout-column fusion_builder_column fusion-builder-column-4 fusion_builder_column_2_5 2_5 fusion-two-fifth fusion-column-last\" style=\"--awb-bg-size:cover;--awb-margin-top:60px;width:40%;width:calc(40% - ( ( 4% ) * 0.4 ) );\"><div class=\"fusion-column-wrapper fusion-flex-column-wrapper-legacy\"><div class=\"fusion-text fusion-text-3\"><p>Le d\u00e9partement de R &amp; D est toujours attentif aux nouvelles tendances dans le secteur de l\u2019emballage, en travaillant dans le <strong>d\u00e9veloppement de mat\u00e9riaux innovants<\/strong> comme <strong>biod\u00e9gradables et compostables<\/strong>, des mat\u00e9riaux qui r\u00e9pondent aux besoins du march\u00e9 actuel en rapport avec l\u2019\u00e9cologie et durabilit\u00e9 des emballages plastiques.<\/p>\n<\/div><div class=\"fusion-clearfix\"><\/div><\/div><\/div><div class=\"fusion-layout-column fusion_builder_column fusion-builder-column-5 fusion_builder_column_3_5 3_5 fusion-three-fifth fusion-column-first\" style=\"--awb-bg-size:cover;--awb-margin-top:60px;width:60%;width:calc(60% - ( ( 4% ) * 0.6 ) );margin-right: 4%;\"><div class=\"fusion-column-wrapper fusion-flex-column-wrapper-legacy\"><div class=\"fusion-image-element in-legacy-container\" style=\"--awb-caption-title-font-family:var(--h2_typography-font-family);--awb-caption-title-font-weight:var(--h2_typography-font-weight);--awb-caption-title-font-style:var(--h2_typography-font-style);--awb-caption-title-size:var(--h2_typography-font-size);--awb-caption-title-transform:var(--h2_typography-text-transform);--awb-caption-title-line-height:var(--h2_typography-line-height);--awb-caption-title-letter-spacing:var(--h2_typography-letter-spacing);\"><span class=\" fusion-imageframe imageframe-none imageframe-3 hover-type-none\"><img decoding=\"async\" width=\"520\" height=\"400\" alt=\"Laboratorio\" title=\"Laboratorio\" src=\"https:\/\/www.pigmea.es\/wp-content\/uploads\/2018\/09\/laboratorio520x400.png\" class=\"img-responsive wp-image-2559\" srcset=\"https:\/\/www.pigmea.es\/wp-content\/uploads\/2018\/09\/laboratorio520x400-200x154.png 200w, https:\/\/www.pigmea.es\/wp-content\/uploads\/2018\/09\/laboratorio520x400-400x308.png 400w, https:\/\/www.pigmea.es\/wp-content\/uploads\/2018\/09\/laboratorio520x400.png 520w\" sizes=\"(max-width: 1000px) 100vw, 520px\" \/><\/span><\/div><div class=\"fusion-clearfix\"><\/div><\/div><\/div><div class=\"fusion-layout-column fusion_builder_column fusion-builder-column-6 fusion_builder_column_2_5 2_5 fusion-two-fifth fusion-column-last\" style=\"--awb-bg-size:cover;--awb-margin-top:60px;width:40%;width:calc(40% - ( ( 4% ) * 0.4 ) );\"><div class=\"fusion-column-wrapper fusion-flex-column-wrapper-legacy\"><div class=\"fusion-text fusion-text-4\"><p>Son <strong>laboratoire<\/strong> collabore avec des centres d\u2019innovation technologique du plastique, universit\u00e9s et autres \u00e9tablissements publics, <strong>en concentrant ses efforts dans l\u2019am\u00e9lioration technique de ses produits<\/strong> ainsi que dans le d\u00e9veloppement de nouvelles structures ou complexes pour l&#8217;emballage flexible alimentaire.<\/p>\n<\/div><div class=\"fusion-clearfix\"><\/div><\/div><\/div><\/div><\/div><div class=\"fusion-fullwidth fullwidth-box fusion-builder-row-2 nonhundred-percent-fullwidth non-hundred-percent-height-scrolling\" style=\"--awb-border-radius-top-left:0px;--awb-border-radius-top-right:0px;--awb-border-radius-bottom-right:0px;--awb-border-radius-bottom-left:0px;--awb-flex-wrap:wrap;\" ><div class=\"fusion-builder-row fusion-row\"><div class=\"fusion-layout-column fusion_builder_column fusion-builder-column-7 fusion_builder_column_1_1 1_1 fusion-one-full fusion-column-first fusion-column-last\" style=\"--awb-bg-size:cover;\"><div class=\"fusion-column-wrapper fusion-flex-column-wrapper-legacy\"><div class=\"fusion-title title fusion-title-1 fusion-sep-none fusion-title-text fusion-title-size-one\" style=\"--awb-margin-top-small:10px;--awb-margin-right-small:0px;--awb-margin-bottom-small:10px;--awb-margin-left-small:0px;\"><h1 class=\"fusion-title-heading title-heading-left fusion-responsive-typography-calculated\" style=\"margin:0;--fontSize:58;line-height:1.4;\"><h2>Projets de recherche<\/h2><\/h1><\/div><div class=\"fusion-clearfix\"><\/div><\/div><\/div><div class=\"fusion-layout-column fusion_builder_column fusion-builder-column-8 fusion_builder_column_1_6 1_6 fusion-one-sixth fusion-column-first\" style=\"--awb-bg-size:cover;width:16.666666666667%;width:calc(16.666666666667% - ( ( 4% + 4% + 4% ) * 0.16666666666667 ) );margin-right: 4%;\"><div class=\"fusion-column-wrapper fusion-flex-column-wrapper-legacy\"><div class=\"fusion-clearfix\"><\/div><\/div><\/div><div class=\"fusion-layout-column fusion_builder_column fusion-builder-column-9 fusion_builder_column_1_3 1_3 fusion-one-third\" style=\"--awb-bg-color:#ffffff;--awb-bg-color-hover:#ffffff;--awb-bg-size:cover;width:33.333333333333%;width:calc(33.333333333333% - ( ( 4% + 4% + 4% ) * 0.33333333333333 ) );margin-right: 4%;\"><div class=\"fusion-column-wrapper fusion-flex-column-wrapper-legacy\"><div class=\"fusion-image-element in-legacy-container\" style=\"--awb-caption-title-font-family:var(--h2_typography-font-family);--awb-caption-title-font-weight:var(--h2_typography-font-weight);--awb-caption-title-font-style:var(--h2_typography-font-style);--awb-caption-title-size:var(--h2_typography-font-size);--awb-caption-title-transform:var(--h2_typography-text-transform);--awb-caption-title-line-height:var(--h2_typography-line-height);--awb-caption-title-letter-spacing:var(--h2_typography-letter-spacing);\"><span class=\" fusion-imageframe imageframe-none imageframe-4 hover-type-none\"><a class=\"fusion-no-lightbox\" href=\"\/fr\/active-ham-housse-pour-jambon-avec-controle-antibacterien\/\" target=\"_self\" aria-label=\"Active ham\"><img decoding=\"async\" width=\"440\" height=\"290\" alt=\"Active Ham\" src=\"https:\/\/www.pigmea.es\/wp-content\/uploads\/2018\/09\/active_ham440x290.png\" class=\"img-responsive wp-image-2544\" srcset=\"https:\/\/www.pigmea.es\/wp-content\/uploads\/2018\/09\/active_ham440x290-200x132.png 200w, https:\/\/www.pigmea.es\/wp-content\/uploads\/2018\/09\/active_ham440x290-400x264.png 400w, https:\/\/www.pigmea.es\/wp-content\/uploads\/2018\/09\/active_ham440x290.png 440w\" sizes=\"(max-width: 1000px) 100vw, 400px\" \/><\/a><\/span><\/div><div class=\"fusion-text fusion-text-5\"><h3><a href=\"\/fr\/active-ham-housse-pour-jambon-avec-controle-antibacterien\/\">Active Ham : housse pour jambon avec contr\u00f4le antibact\u00e9rien<\/a><\/h3>\n<p>d\u00e9veloppement de la housse pour jambon avec contr\u00f4le antibact\u00e9rien en mat\u00e9riel plastique non tiss\u00e9. <a href=\"\/fr\/active-ham-housse-pour-jambon-avec-controle-antibacterien\/\">Voir plus<\/a><\/p>\n<\/div><div class=\"fusion-clearfix\"><\/div><\/div><\/div><div class=\"fusion-layout-column fusion_builder_column fusion-builder-column-10 fusion_builder_column_1_3 1_3 fusion-one-third\" style=\"--awb-bg-color:#ffffff;--awb-bg-color-hover:#ffffff;--awb-bg-size:cover;width:33.333333333333%;width:calc(33.333333333333% - ( ( 4% + 4% + 4% ) * 0.33333333333333 ) );margin-right: 4%;\"><div class=\"fusion-column-wrapper fusion-flex-column-wrapper-legacy\"><div class=\"fusion-image-element in-legacy-container\" style=\"--awb-caption-title-font-family:var(--h2_typography-font-family);--awb-caption-title-font-weight:var(--h2_typography-font-weight);--awb-caption-title-font-style:var(--h2_typography-font-style);--awb-caption-title-size:var(--h2_typography-font-size);--awb-caption-title-transform:var(--h2_typography-text-transform);--awb-caption-title-line-height:var(--h2_typography-line-height);--awb-caption-title-letter-spacing:var(--h2_typography-letter-spacing);\"><span class=\" fusion-imageframe imageframe-none imageframe-5 hover-type-none\"><a class=\"fusion-no-lightbox\" href=\"\/fr\/ecohortitec-optimisation-de-cultures-horticoles-intensives\/\" target=\"_self\" aria-label=\"Ecohortitec\"><img decoding=\"async\" width=\"440\" height=\"290\" alt=\"Ecohortitec\" src=\"https:\/\/www.pigmea.es\/wp-content\/uploads\/2018\/09\/ecohortitec440x290-1.png\" class=\"img-responsive wp-image-2541\" srcset=\"https:\/\/www.pigmea.es\/wp-content\/uploads\/2018\/09\/ecohortitec440x290-1-200x132.png 200w, https:\/\/www.pigmea.es\/wp-content\/uploads\/2018\/09\/ecohortitec440x290-1-400x264.png 400w, https:\/\/www.pigmea.es\/wp-content\/uploads\/2018\/09\/ecohortitec440x290-1.png 440w\" sizes=\"(max-width: 1000px) 100vw, 400px\" \/><\/a><\/span><\/div><div class=\"fusion-text fusion-text-6\"><h3><a href=\"\/fr\/ecohortitec-optimisation-de-cultures-horticoles-intensives\/\">ECOHORTITEC : optimisation de cultures horticoles intensives<\/a><\/h3>\n<p>D\u00e9veloppement de technologies \u00e9co-innovatrices pour l\u2019am\u00e9lioration et optimisation des syst\u00e8mes de production et post-r\u00e9colte en cultures horticoles intensives. <a href=\"\/fr\/ecohortitec-optimisation-de-cultures-horticoles-intensives\/\">Voir plus<\/a><\/p>\n<\/div><div class=\"fusion-clearfix\"><\/div><\/div><\/div><div class=\"fusion-layout-column fusion_builder_column fusion-builder-column-11 fusion_builder_column_1_6 1_6 fusion-one-sixth fusion-column-last\" style=\"--awb-bg-size:cover;width:16.666666666667%;width:calc(16.666666666667% - ( ( 4% + 4% + 4% ) * 0.16666666666667 ) );\"><div class=\"fusion-column-wrapper fusion-flex-column-wrapper-legacy\"><div class=\"fusion-clearfix\"><\/div><\/div><\/div><div class=\"fusion-layout-column fusion_builder_column fusion-builder-column-12 fusion_builder_column_1_3 1_3 fusion-one-third fusion-column-first\" style=\"--awb-bg-size:cover;width:33.333333333333%;width:calc(33.333333333333% - ( ( 4% + 4% ) * 0.33333333333333 ) );margin-right: 4%;\"><div class=\"fusion-column-wrapper fusion-flex-column-wrapper-legacy\"><div class=\"fusion-clearfix\"><\/div><\/div><\/div><div class=\"fusion-layout-column fusion_builder_column fusion-builder-column-13 fusion_builder_column_1_3 1_3 fusion-one-third\" style=\"--awb-bg-size:cover;width:33.333333333333%;width:calc(33.333333333333% - ( ( 4% + 4% ) * 0.33333333333333 ) );margin-right: 4%;\"><div class=\"fusion-column-wrapper fusion-flex-column-wrapper-legacy\"><div class=\"fusion-image-element in-legacy-container\" style=\"--awb-caption-title-font-family:var(--h2_typography-font-family);--awb-caption-title-font-weight:var(--h2_typography-font-weight);--awb-caption-title-font-style:var(--h2_typography-font-style);--awb-caption-title-size:var(--h2_typography-font-size);--awb-caption-title-transform:var(--h2_typography-text-transform);--awb-caption-title-line-height:var(--h2_typography-line-height);--awb-caption-title-letter-spacing:var(--h2_typography-letter-spacing);\"><span class=\" fusion-imageframe imageframe-none imageframe-6 hover-type-none\"><img decoding=\"async\" width=\"440\" height=\"290\" alt=\"logos CDTI, UE y MEC\" title=\"logos CDTI, UE y MEC\" src=\"https:\/\/www.pigmea.es\/wp-content\/uploads\/2018\/09\/logos-cdti-ue-mec440x290-1.png\" class=\"img-responsive wp-image-2538\" srcset=\"https:\/\/www.pigmea.es\/wp-content\/uploads\/2018\/09\/logos-cdti-ue-mec440x290-1-200x132.png 200w, https:\/\/www.pigmea.es\/wp-content\/uploads\/2018\/09\/logos-cdti-ue-mec440x290-1-400x264.png 400w, https:\/\/www.pigmea.es\/wp-content\/uploads\/2018\/09\/logos-cdti-ue-mec440x290-1.png 440w\" sizes=\"(max-width: 1000px) 100vw, 400px\" \/><\/span><\/div><div class=\"fusion-clearfix\"><\/div><\/div><\/div><div class=\"fusion-layout-column fusion_builder_column fusion-builder-column-14 fusion_builder_column_1_3 1_3 fusion-one-third fusion-column-last\" style=\"--awb-bg-size:cover;width:33.333333333333%;width:calc(33.333333333333% - ( ( 4% + 4% ) * 0.33333333333333 ) );\"><div class=\"fusion-column-wrapper fusion-flex-column-wrapper-legacy\"><div class=\"fusion-clearfix\"><\/div><\/div><\/div><\/div><\/div><div class=\"fusion-fullwidth fullwidth-box fusion-builder-row-3 nonhundred-percent-fullwidth non-hundred-percent-height-scrolling footer-cta\" style=\"--awb-border-radius-top-left:0px;--awb-border-radius-top-right:0px;--awb-border-radius-bottom-right:0px;--awb-border-radius-bottom-left:0px;--awb-padding-top:110px;--awb-padding-bottom:110px;--awb-flex-wrap:wrap;\" ><div class=\"fusion-builder-row fusion-row\"><div class=\"fusion-layout-column fusion_builder_column fusion-builder-column-15 fusion_builder_column_1_6 1_6 fusion-one-sixth fusion-column-first fusion-no-small-visibility\" style=\"--awb-bg-size:cover;width:13.3333%; margin-right: 4%;\"><div class=\"fusion-column-wrapper fusion-flex-column-wrapper-legacy\"><div class=\"fusion-clearfix\"><\/div><\/div><\/div><div class=\"fusion-layout-column fusion_builder_column fusion-builder-column-16 fusion_builder_column_2_3 2_3 fusion-two-third\" style=\"--awb-bg-size:cover;--awb-margin-top:3%;--awb-margin-bottom:3%;width:65.3333%; margin-right: 4%;\"><div class=\"fusion-column-wrapper fusion-flex-column-wrapper-legacy\"><div class=\"fusion-text fusion-text-7\"><h2 style=\"text-align: center; font-size: 72px;\">Contactez-nous<\/h2>\n<\/div><div class=\"fusion-text fusion-text-8\"><h4>Notre \u00e9quipe consultative vous guidera dans le but de tirer le meilleur rendement et productivit\u00e9 pour une impression flexographique pr\u00e9cise et minutieuse.<\/h4>\n<\/div><div class=\"fusion-sep-clear\"><\/div><div class=\"fusion-separator fusion-full-width-sep\" style=\"margin-left: auto;margin-right: auto;margin-top:20px;width:100%;\"><\/div><div class=\"fusion-sep-clear\"><\/div><div class=\"fusion-aligncenter\"><a class=\"fusion-button button-flat fusion-button-default-size button-default fusion-button-default button-1 fusion-button-default-span fusion-button-default-type\" target=\"_self\" href=\"\/fr\/contact\/\"><span class=\"fusion-button-text awb-button__text awb-button__text--default\">CONTACTEZ UN CONSEILLER<\/span><\/a><\/div><div class=\"fusion-sep-clear\"><\/div><div class=\"fusion-separator fusion-full-width-sep\" style=\"margin-left: auto;margin-right: auto;margin-top:80px;width:100%;\"><\/div><div class=\"fusion-sep-clear\"><\/div><div class=\"fusion-text fusion-text-9\"><h2 style=\"text-align: center; font-size: 72px;\">Souscrire \u00e0 notre Newsletter<\/h2>\n<\/div><div class=\"fusion-text fusion-text-10\"><h4>B\u00e9n\u00e9ficiez des remises personnalis\u00e9es et obtenez des badges gratuits pour les principaux salons et \u00e9v\u00e8nements du secteur.<\/h4>\n<\/div>                <div class=\"ml-form-embed\"\n                     data-account=\"3180802:s2l3i6z5n6\"\n                     data-form=\"4156129:h2s3o3\">\n                <\/div>\n            <div class=\"fusion-clearfix\"><\/div><\/div><\/div><div class=\"fusion-layout-column fusion_builder_column fusion-builder-column-17 fusion_builder_column_1_6 1_6 fusion-one-sixth fusion-column-last fusion-no-small-visibility\" style=\"--awb-bg-size:cover;width:13.3333%;\"><div class=\"fusion-column-wrapper fusion-flex-column-wrapper-legacy\"><div class=\"fusion-clearfix\"><\/div><\/div><\/div><\/div><\/div>\n<\/p>\n","protected":false},"excerpt":{"rendered":"","protected":false},"author":3,"featured_media":0,"parent":0,"menu_order":0,"comment_status":"closed","ping_status":"closed","template":"100-width.php","meta":{"_acf_changed":false,"footnotes":""},"class_list":["post-1824","page","type-page","status-publish","hentry"],"acf":[],"yoast_head":"<!-- This site is optimized with the Yoast SEO plugin v27.3 - https:\/\/yoast.com\/product\/yoast-seo-wordpress\/ -->\n<title>R+D - Pigmea<\/title>\n<meta name=\"robots\" content=\"index, follow, max-snippet:-1, max-image-preview:large, max-video-preview:-1\" \/>\n<link rel=\"canonical\" href=\"https:\/\/www.pigmea.es\/fr\/rd\/\" \/>\n<meta property=\"og:locale\" content=\"fr_FR\" \/>\n<meta property=\"og:type\" content=\"article\" \/>\n<meta property=\"og:title\" content=\"R+D - Pigmea\" \/>\n<meta property=\"og:url\" content=\"https:\/\/www.pigmea.es\/fr\/rd\/\" \/>\n<meta property=\"og:site_name\" content=\"Pigmea\" \/>\n<meta property=\"article:modified_time\" content=\"2020-02-11T10:07:55+00:00\" \/>\n<meta name=\"twitter:card\" content=\"summary_large_image\" \/>\n<meta name=\"twitter:label1\" content=\"Dur\u00e9e de lecture estim\u00e9e\" \/>\n\t<meta name=\"twitter:data1\" content=\"10 minutes\" \/>\n<script type=\"application\/ld+json\" class=\"yoast-schema-graph\">{\"@context\":\"https:\\\/\\\/schema.org\",\"@graph\":[{\"@type\":\"WebPage\",\"@id\":\"https:\\\/\\\/www.pigmea.es\\\/fr\\\/rd\\\/\",\"url\":\"https:\\\/\\\/www.pigmea.es\\\/fr\\\/rd\\\/\",\"name\":\"R+D - Pigmea\",\"isPartOf\":{\"@id\":\"https:\\\/\\\/www.pigmea.es\\\/fr\\\/#website\"},\"datePublished\":\"2018-05-03T11:15:08+00:00\",\"dateModified\":\"2020-02-11T10:07:55+00:00\",\"breadcrumb\":{\"@id\":\"https:\\\/\\\/www.pigmea.es\\\/fr\\\/rd\\\/#breadcrumb\"},\"inLanguage\":\"fr-FR\",\"potentialAction\":[{\"@type\":\"ReadAction\",\"target\":[\"https:\\\/\\\/www.pigmea.es\\\/fr\\\/rd\\\/\"]}]},{\"@type\":\"BreadcrumbList\",\"@id\":\"https:\\\/\\\/www.pigmea.es\\\/fr\\\/rd\\\/#breadcrumb\",\"itemListElement\":[{\"@type\":\"ListItem\",\"position\":1,\"name\":\"Portada\",\"item\":\"https:\\\/\\\/www.pigmea.es\\\/fr\\\/\"},{\"@type\":\"ListItem\",\"position\":2,\"name\":\"R+D\"}]},{\"@type\":\"WebSite\",\"@id\":\"https:\\\/\\\/www.pigmea.es\\\/fr\\\/#website\",\"url\":\"https:\\\/\\\/www.pigmea.es\\\/fr\\\/\",\"name\":\"Pigmea\",\"description\":\"Impresi\u00f3n de films para envases flexibles\",\"potentialAction\":[{\"@type\":\"SearchAction\",\"target\":{\"@type\":\"EntryPoint\",\"urlTemplate\":\"https:\\\/\\\/www.pigmea.es\\\/fr\\\/?s={search_term_string}\"},\"query-input\":{\"@type\":\"PropertyValueSpecification\",\"valueRequired\":true,\"valueName\":\"search_term_string\"}}],\"inLanguage\":\"fr-FR\"}]}<\/script>\n<!-- \/ Yoast SEO plugin. -->","yoast_head_json":{"title":"R+D - Pigmea","robots":{"index":"index","follow":"follow","max-snippet":"max-snippet:-1","max-image-preview":"max-image-preview:large","max-video-preview":"max-video-preview:-1"},"canonical":"https:\/\/www.pigmea.es\/fr\/rd\/","og_locale":"fr_FR","og_type":"article","og_title":"R+D - Pigmea","og_url":"https:\/\/www.pigmea.es\/fr\/rd\/","og_site_name":"Pigmea","article_modified_time":"2020-02-11T10:07:55+00:00","twitter_card":"summary_large_image","twitter_misc":{"Dur\u00e9e de lecture estim\u00e9e":"10 minutes"},"schema":{"@context":"https:\/\/schema.org","@graph":[{"@type":"WebPage","@id":"https:\/\/www.pigmea.es\/fr\/rd\/","url":"https:\/\/www.pigmea.es\/fr\/rd\/","name":"R+D - Pigmea","isPartOf":{"@id":"https:\/\/www.pigmea.es\/fr\/#website"},"datePublished":"2018-05-03T11:15:08+00:00","dateModified":"2020-02-11T10:07:55+00:00","breadcrumb":{"@id":"https:\/\/www.pigmea.es\/fr\/rd\/#breadcrumb"},"inLanguage":"fr-FR","potentialAction":[{"@type":"ReadAction","target":["https:\/\/www.pigmea.es\/fr\/rd\/"]}]},{"@type":"BreadcrumbList","@id":"https:\/\/www.pigmea.es\/fr\/rd\/#breadcrumb","itemListElement":[{"@type":"ListItem","position":1,"name":"Portada","item":"https:\/\/www.pigmea.es\/fr\/"},{"@type":"ListItem","position":2,"name":"R+D"}]},{"@type":"WebSite","@id":"https:\/\/www.pigmea.es\/fr\/#website","url":"https:\/\/www.pigmea.es\/fr\/","name":"Pigmea","description":"Impresi\u00f3n de films para envases flexibles","potentialAction":[{"@type":"SearchAction","target":{"@type":"EntryPoint","urlTemplate":"https:\/\/www.pigmea.es\/fr\/?s={search_term_string}"},"query-input":{"@type":"PropertyValueSpecification","valueRequired":true,"valueName":"search_term_string"}}],"inLanguage":"fr-FR"}]}},"_links":{"self":[{"href":"https:\/\/www.pigmea.es\/fr\/wp-json\/wp\/v2\/pages\/1824","targetHints":{"allow":["GET"]}}],"collection":[{"href":"https:\/\/www.pigmea.es\/fr\/wp-json\/wp\/v2\/pages"}],"about":[{"href":"https:\/\/www.pigmea.es\/fr\/wp-json\/wp\/v2\/types\/page"}],"author":[{"embeddable":true,"href":"https:\/\/www.pigmea.es\/fr\/wp-json\/wp\/v2\/users\/3"}],"replies":[{"embeddable":true,"href":"https:\/\/www.pigmea.es\/fr\/wp-json\/wp\/v2\/comments?post=1824"}],"version-history":[{"count":8,"href":"https:\/\/www.pigmea.es\/fr\/wp-json\/wp\/v2\/pages\/1824\/revisions"}],"predecessor-version":[{"id":3564,"href":"https:\/\/www.pigmea.es\/fr\/wp-json\/wp\/v2\/pages\/1824\/revisions\/3564"}],"wp:attachment":[{"href":"https:\/\/www.pigmea.es\/fr\/wp-json\/wp\/v2\/media?parent=1824"}],"curies":[{"name":"wp","href":"https:\/\/api.w.org\/{rel}","templated":true}]}}