
{"id":1796,"date":"2018-05-06T16:50:58","date_gmt":"2018-05-06T16:50:58","guid":{"rendered":"http:\/\/www.pigmea.es\/otros-sectores\/"},"modified":"2022-02-01T08:24:39","modified_gmt":"2022-02-01T08:24:39","slug":"autres-secteurs","status":"publish","type":"page","link":"https:\/\/www.pigmea.es\/fr\/autres-secteurs\/","title":{"rendered":"Autres secteurs"},"content":{"rendered":"<p><div class=\"fusion-fullwidth fullwidth-box fusion-builder-row-1 nonhundred-percent-fullwidth non-hundred-percent-height-scrolling block-intro\" style=\"--awb-border-radius-top-left:0px;--awb-border-radius-top-right:0px;--awb-border-radius-bottom-right:0px;--awb-border-radius-bottom-left:0px;--awb-margin-bottom:0px;--awb-flex-wrap:wrap;\" ><div class=\"fusion-builder-row fusion-row\"><div class=\"fusion-layout-column fusion_builder_column fusion-builder-column-0 fusion_builder_column_1_1 1_1 fusion-one-full fusion-column-first fusion-column-last\" style=\"--awb-bg-size:cover;\"><div class=\"fusion-column-wrapper fusion-flex-column-wrapper-legacy\"><div class=\"fusion-text fusion-text-1\"><p style=\"text-align: center;\">Pigmea imprime et transforme des films pour emballage destin\u00e9 principalement au secteur alimentaire, raison pour laquelle des protocoles et syst\u00e8mes de gestion et de la qualit\u00e9 sp\u00e9cialement con\u00e7us pour ce secteur ont \u00e9t\u00e9 d\u00e9velopp\u00e9s.<\/p>\n<p style=\"text-align: center;\">Cependant, Pigmea peut \u00eatre \u00e9galement le fournisseur de film personnalis\u00e9 \u00e0 destination des autres secteurs pas fabricants de produits alimentaires mais qui ont besoin d\u2019emballage flexible transform\u00e9 avec les m\u00eames processus.<\/p>\n<\/div><div class=\"fusion-clearfix\"><\/div><\/div><\/div><\/div><\/div><div class=\"fusion-fullwidth fullwidth-box fusion-builder-row-2 nonhundred-percent-fullwidth non-hundred-percent-height-scrolling\" style=\"--awb-border-radius-top-left:0px;--awb-border-radius-top-right:0px;--awb-border-radius-bottom-right:0px;--awb-border-radius-bottom-left:0px;--awb-flex-wrap:wrap;\" ><div class=\"fusion-builder-row fusion-row\"><div class=\"fusion-layout-column fusion_builder_column fusion-builder-column-1 fusion_builder_column_1_1 1_1 fusion-one-full fusion-column-first fusion-column-last\" style=\"--awb-bg-size:cover;\"><div class=\"fusion-column-wrapper fusion-flex-column-wrapper-legacy\"><div class=\"fusion-image-carousel fusion-image-carousel-auto fusion-image-carousel-1 fusion-carousel-border\" id=\"carusel-otros-sectores\"><div class=\"awb-carousel awb-swiper awb-swiper-carousel awb-carousel--carousel awb-swiper-dots-position-bottom\" data-layout=\"carousel\" data-autoplay=\"yes\" data-autoplayspeed=\"2500\" data-autoplaypause=\"no\" data-columns=\"3\" data-columnsmedium=\"1\" data-columnssmall=\"1\" data-itemmargin=\"13\" data-itemwidth=\"180\" data-touchscroll=\"no\" data-freemode=\"no\" data-imagesize=\"auto\" data-scrollitems=\"0\" data-centeredslides=\"no\" data-rotationangle=\"50\" data-depth=\"100\" data-speed=\"500\" data-shadow=\"no\" data-pagination=\"bullets\" style=\"--awb-columns:3;--awb-border-width:1px;--awb-border-color:#e9eaee;\"><div class=\"swiper-wrapper awb-image-carousel-wrapper fusion-flex-align-items-center\"><div class=\"swiper-slide\"><div class=\"fusion-carousel-item-wrapper\"><div class=\"fusion-image-wrapper hover-type-none\"><img decoding=\"async\" width=\"460\" height=\"460\" src=\"https:\/\/www.pigmea.es\/wp-content\/uploads\/2018\/09\/esponja.jpg\" class=\"attachment-full size-full\" alt=\"Esponja\" srcset=\"https:\/\/www.pigmea.es\/wp-content\/uploads\/2018\/09\/esponja-200x200.jpg 200w, https:\/\/www.pigmea.es\/wp-content\/uploads\/2018\/09\/esponja-400x400.jpg 400w, https:\/\/www.pigmea.es\/wp-content\/uploads\/2018\/09\/esponja.jpg 460w\" sizes=\"(min-width: 2200px) 100vw, (min-width: 784px) 381px, (min-width: 712px) 572px, (min-width: 640px) 712px, \" \/><\/div><\/div><\/div><div class=\"swiper-slide\"><div class=\"fusion-carousel-item-wrapper\"><div class=\"fusion-image-wrapper hover-type-none\"><img decoding=\"async\" width=\"460\" height=\"460\" src=\"https:\/\/www.pigmea.es\/wp-content\/uploads\/2018\/09\/jabon-de-manos.jpg\" class=\"attachment-full size-full\" alt=\"Jab\u00f3n de manos\" srcset=\"https:\/\/www.pigmea.es\/wp-content\/uploads\/2018\/09\/jabon-de-manos-200x200.jpg 200w, https:\/\/www.pigmea.es\/wp-content\/uploads\/2018\/09\/jabon-de-manos-400x400.jpg 400w, https:\/\/www.pigmea.es\/wp-content\/uploads\/2018\/09\/jabon-de-manos.jpg 460w\" sizes=\"(min-width: 2200px) 100vw, (min-width: 784px) 381px, (min-width: 712px) 572px, (min-width: 640px) 712px, \" \/><\/div><\/div><\/div><div class=\"swiper-slide\"><div class=\"fusion-carousel-item-wrapper\"><div class=\"fusion-image-wrapper hover-type-none\"><img decoding=\"async\" width=\"460\" height=\"460\" src=\"https:\/\/www.pigmea.es\/wp-content\/uploads\/2018\/09\/papel-higienico.jpg\" class=\"attachment-full size-full\" alt=\"Papel higi\u00e9nico\" srcset=\"https:\/\/www.pigmea.es\/wp-content\/uploads\/2018\/09\/papel-higienico-200x200.jpg 200w, https:\/\/www.pigmea.es\/wp-content\/uploads\/2018\/09\/papel-higienico-400x400.jpg 400w, https:\/\/www.pigmea.es\/wp-content\/uploads\/2018\/09\/papel-higienico.jpg 460w\" sizes=\"(min-width: 2200px) 100vw, (min-width: 784px) 381px, (min-width: 712px) 572px, (min-width: 640px) 712px, \" \/><\/div><\/div><\/div><div class=\"swiper-slide\"><div class=\"fusion-carousel-item-wrapper\"><div class=\"fusion-image-wrapper hover-type-none\"><img decoding=\"async\" width=\"460\" height=\"460\" src=\"https:\/\/www.pigmea.es\/wp-content\/uploads\/2018\/09\/rueda-bici.jpg\" class=\"attachment-full size-full\" alt=\"Rueda bici\" srcset=\"https:\/\/www.pigmea.es\/wp-content\/uploads\/2018\/09\/rueda-bici-200x200.jpg 200w, https:\/\/www.pigmea.es\/wp-content\/uploads\/2018\/09\/rueda-bici-400x400.jpg 400w, https:\/\/www.pigmea.es\/wp-content\/uploads\/2018\/09\/rueda-bici.jpg 460w\" sizes=\"(min-width: 2200px) 100vw, (min-width: 784px) 381px, (min-width: 712px) 572px, (min-width: 640px) 712px, \" \/><\/div><\/div><\/div><div class=\"swiper-slide\"><div class=\"fusion-carousel-item-wrapper\"><div class=\"fusion-image-wrapper hover-type-none\"><img decoding=\"async\" width=\"460\" height=\"460\" src=\"https:\/\/www.pigmea.es\/wp-content\/uploads\/2018\/09\/toallita-perfumada.jpg\" class=\"attachment-full size-full\" alt=\"Toallitas perfumadas\" srcset=\"https:\/\/www.pigmea.es\/wp-content\/uploads\/2018\/09\/toallita-perfumada-200x200.jpg 200w, https:\/\/www.pigmea.es\/wp-content\/uploads\/2018\/09\/toallita-perfumada-400x400.jpg 400w, https:\/\/www.pigmea.es\/wp-content\/uploads\/2018\/09\/toallita-perfumada.jpg 460w\" sizes=\"(min-width: 2200px) 100vw, (min-width: 784px) 381px, (min-width: 712px) 572px, (min-width: 640px) 712px, \" \/><\/div><\/div><\/div><div class=\"swiper-slide\"><div class=\"fusion-carousel-item-wrapper\"><div class=\"fusion-image-wrapper hover-type-none\"><img decoding=\"async\" width=\"460\" height=\"460\" src=\"https:\/\/www.pigmea.es\/wp-content\/uploads\/2018\/09\/toallitas.jpg\" class=\"attachment-full size-full\" alt=\"Toallitas\" srcset=\"https:\/\/www.pigmea.es\/wp-content\/uploads\/2018\/09\/toallitas-200x200.jpg 200w, https:\/\/www.pigmea.es\/wp-content\/uploads\/2018\/09\/toallitas-400x400.jpg 400w, https:\/\/www.pigmea.es\/wp-content\/uploads\/2018\/09\/toallitas.jpg 460w\" sizes=\"(min-width: 2200px) 100vw, (min-width: 784px) 381px, (min-width: 712px) 572px, (min-width: 640px) 712px, \" \/><\/div><\/div><\/div><\/div><div class=\"awb-swiper-button awb-swiper-button-prev\"><i class=\"awb-icon-angle-left\" aria-hidden=\"true\"><\/i><\/div><div class=\"awb-swiper-button awb-swiper-button-next\"><i class=\"awb-icon-angle-right\" aria-hidden=\"true\"><\/i><\/div><\/div><\/div><div class=\"fusion-clearfix\"><\/div><\/div><\/div><\/div><\/div><div class=\"fusion-fullwidth fullwidth-box fusion-builder-row-3 nonhundred-percent-fullwidth non-hundred-percent-height-scrolling\" style=\"--awb-border-radius-top-left:0px;--awb-border-radius-top-right:0px;--awb-border-radius-bottom-right:0px;--awb-border-radius-bottom-left:0px;--awb-padding-top:80px;--awb-padding-bottom:65px;--awb-background-color:#fbfcfd;--awb-flex-wrap:wrap;\" ><div class=\"fusion-builder-row fusion-row\"><div class=\"fusion-layout-column fusion_builder_column fusion-builder-column-2 fusion_builder_column_1_1 1_1 fusion-one-full fusion-column-first fusion-column-last block-sectors\" style=\"--awb-bg-size:cover;\"><div class=\"fusion-column-wrapper fusion-flex-column-wrapper-legacy\"><div class=\"fusion-content-boxes content-boxes columns row fusion-columns-3 fusion-columns-total-9 fusion-content-boxes-1 content-boxes-icon-on-top content-left\" style=\"--awb-backgroundcolor:#ffffff;--awb-body-color:rgba(3,27,78,0.7);--awb-margin-top:60px;--awb-margin-bottom:10px;--awb-hover-accent-color:#5bdccd;--awb-circle-hover-accent-color:transparent;\" data-animationOffset=\"top-into-view\"><div style=\"--awb-backgroundcolor:#ffffff;\" class=\"fusion-column content-box-column content-box-column content-box-column-1 col-lg-4 col-md-4 col-sm-4 fusion-content-box-hover content-box-column-first-in-row\"><div class=\"col content-box-wrapper content-wrapper-background link-area-box icon-hover-animation-fade\" data-animationOffset=\"top-into-view\"><div class=\"heading heading-with-icon icon-left\"><div aria-hidden=\"true\" class=\"image\"><img decoding=\"async\" src=\"https:\/\/www.pigmea.es\/wp-content\/uploads\/2018\/11\/o-01.png\" width=\"100\" height=\"100\" alt=\"\" \/><\/div><h2 class=\"content-box-heading fusion-responsive-typography-calculated\" style=\"--h2_typography-font-size:26px;--fontSize:26;line-height:1.4;\">Emballage pour le secteur pharmaceutique et m\u00e9dico-chirurgical<\/h2><\/div><div class=\"fusion-clearfix\"><\/div><div class=\"content-container\">\n<p>Emballage flexible pour des huiles, liquides, gels, compl\u00e9ments di\u00e9t\u00e9tiques, mat\u00e9riel pour soins, gants en latex, seringues, bandages, mat\u00e9riel chirurgical st\u00e9rilis\u00e9\u2026<\/p>\n<\/div><\/div><\/div><div style=\"--awb-backgroundcolor:#ffffff;\" class=\"fusion-column content-box-column content-box-column content-box-column-2 col-lg-4 col-md-4 col-sm-4 fusion-content-box-hover \"><div class=\"col content-box-wrapper content-wrapper-background link-area-box icon-hover-animation-fade\" data-animationOffset=\"top-into-view\"><div class=\"heading heading-with-icon icon-left\"><div aria-hidden=\"true\" class=\"image\"><img decoding=\"async\" src=\"https:\/\/www.pigmea.es\/wp-content\/uploads\/2018\/11\/o-02.png\" width=\"100\" height=\"100\" alt=\"\" \/><\/div><h2 class=\"content-box-heading fusion-responsive-typography-calculated\" style=\"--h2_typography-font-size:26px;--fontSize:26;line-height:1.4;\">Emballage pour le secteur automobile et pi\u00e8ces de rechange<\/h2><\/div><div class=\"fusion-clearfix\"><\/div><div class=\"content-container\">\n<p>Emballage flexible pour tout type de pi\u00e8ces de rechange pour le secteur automobile : enjoliveurs, essuie-glaces, visserie, ferrures\u2026<\/p>\n<\/div><\/div><\/div><div style=\"--awb-backgroundcolor:#ffffff;\" class=\"fusion-column content-box-column content-box-column content-box-column-3 col-lg-4 col-md-4 col-sm-4 fusion-content-box-hover content-box-column-last-in-row\"><div class=\"col content-box-wrapper content-wrapper-background link-area-box icon-hover-animation-fade\" data-animationOffset=\"top-into-view\"><div class=\"heading heading-with-icon icon-left\"><div aria-hidden=\"true\" class=\"image\"><img decoding=\"async\" src=\"https:\/\/www.pigmea.es\/wp-content\/uploads\/2018\/11\/o-03.png\" width=\"100\" height=\"100\" alt=\"\" \/><\/div><h2 class=\"content-box-heading fusion-responsive-typography-calculated\" style=\"--h2_typography-font-size:26px;--fontSize:26;line-height:1.4;\">Emballage flexible pour droguerie et parfumerie<\/h2><\/div><div class=\"fusion-clearfix\"><\/div><div class=\"content-container\">\n<p>Emballage flexible pour produits de soins personnels, cosm\u00e9tique et parfumerie, nettoyage, liquides, lingettes, papier toilette, serpilli\u00e8res, sacs poubelles\u2026<\/p>\n<\/div><\/div><\/div><div style=\"--awb-backgroundcolor:#ffffff;\" class=\"fusion-column content-box-column content-box-column content-box-column-4 col-lg-4 col-md-4 col-sm-4 fusion-content-box-hover content-box-column-first-in-row\"><div class=\"col content-box-wrapper content-wrapper-background link-area-box icon-hover-animation-fade\" data-animationOffset=\"top-into-view\"><div class=\"heading heading-with-icon icon-left\"><div aria-hidden=\"true\" class=\"image\"><img decoding=\"async\" src=\"https:\/\/www.pigmea.es\/wp-content\/uploads\/2018\/11\/o-04.png\" width=\"100\" height=\"100\" alt=\"\" \/><\/div><h2 class=\"content-box-heading fusion-responsive-typography-calculated\" style=\"--h2_typography-font-size:26px;--fontSize:26;line-height:1.4;\">Emballage pour m\u00e9nage et foyer<\/h2><\/div><div class=\"fusion-clearfix\"><\/div><div class=\"content-container\">\n<p>Emballage flexible pour vaisselle jetable, serviettes, ustensiles m\u00e9nagers, objets d\u00e9coratifs, bougies parfum\u00e9es\u2026<\/p>\n<\/div><\/div><\/div><div style=\"--awb-backgroundcolor:#ffffff;\" class=\"fusion-column content-box-column content-box-column content-box-column-5 col-lg-4 col-md-4 col-sm-4 fusion-content-box-hover \"><div class=\"col content-box-wrapper content-wrapper-background link-area-box icon-hover-animation-fade\" data-animationOffset=\"top-into-view\"><div class=\"heading heading-with-icon icon-left\"><div aria-hidden=\"true\" class=\"image\"><img decoding=\"async\" src=\"https:\/\/www.pigmea.es\/wp-content\/uploads\/2018\/11\/o-05.png\" width=\"100\" height=\"100\" alt=\"\" \/><\/div><h2 class=\"content-box-heading fusion-responsive-typography-calculated\" style=\"--h2_typography-font-size:26px;--fontSize:26;line-height:1.4;\">Emballage pour papeterie et jouets<\/h2><\/div><div class=\"fusion-clearfix\"><\/div><div class=\"content-container\">\n<p>Emballage flexible pour autocollants, figurines, cartes, livres, magazines, puzzles, travaux manuels\u2026<\/p>\n<\/div><\/div><\/div><div style=\"--awb-backgroundcolor:#ffffff;\" class=\"fusion-column content-box-column content-box-column content-box-column-6 col-lg-4 col-md-4 col-sm-4 fusion-content-box-hover content-box-column-last-in-row\"><div class=\"col content-box-wrapper content-wrapper-background link-area-box icon-hover-animation-fade\" data-animationOffset=\"top-into-view\"><div class=\"heading heading-with-icon icon-left\"><div aria-hidden=\"true\" class=\"image\"><img decoding=\"async\" src=\"https:\/\/www.pigmea.es\/wp-content\/uploads\/2018\/11\/o-06.png\" width=\"100\" height=\"100\" alt=\"\" \/><\/div><h2 class=\"content-box-heading fusion-responsive-typography-calculated\" style=\"--h2_typography-font-size:26px;--fontSize:26;line-height:1.4;\">Emballage pour produits textiles<\/h2><\/div><div class=\"fusion-clearfix\"><\/div><div class=\"content-container\">\n<p>Emballage flexible pour tout type de produit textile comme couvertures, chemises, T-shirts, rideaux, linge de table\u2026<\/p>\n<\/div><\/div><\/div><div style=\"--awb-backgroundcolor:#ffffff;\" class=\"fusion-column content-box-column content-box-column content-box-column-7 col-lg-4 col-md-4 col-sm-4 fusion-content-box-hover content-box-column-first-in-row\"><div class=\"col content-box-wrapper content-wrapper-background link-area-box icon-hover-animation-fade\" data-animationOffset=\"top-into-view\"><div class=\"heading heading-with-icon icon-left\"><div aria-hidden=\"true\" class=\"image\"><img decoding=\"async\" src=\"https:\/\/www.pigmea.es\/wp-content\/uploads\/2018\/11\/o-07.png\" width=\"100\" height=\"100\" alt=\"\" \/><\/div><h2 class=\"content-box-heading fusion-responsive-typography-calculated\" style=\"--h2_typography-font-size:26px;--fontSize:26;line-height:1.4;\">Emballage pour produits chimiques<\/h2><\/div><div class=\"fusion-clearfix\"><\/div><div class=\"content-container\">\n<p>Emballage flexible pour des produits chimiques en poudre ou liquides, insecticides, peintures, vernis, mastic\u2026<\/p>\n<\/div><\/div><\/div><div style=\"--awb-backgroundcolor:#ffffff;\" class=\"fusion-column content-box-column content-box-column content-box-column-8 col-lg-4 col-md-4 col-sm-4 fusion-content-box-hover \"><div class=\"col content-box-wrapper content-wrapper-background link-area-box icon-hover-animation-fade\" data-animationOffset=\"top-into-view\"><div class=\"heading heading-with-icon icon-left\"><div aria-hidden=\"true\" class=\"image\"><img decoding=\"async\" src=\"https:\/\/www.pigmea.es\/wp-content\/uploads\/2018\/11\/o-08.png\" width=\"100\" height=\"100\" alt=\"\" \/><\/div><h2 class=\"content-box-heading fusion-responsive-typography-calculated\" style=\"--h2_typography-font-size:26px;--fontSize:26;line-height:1.4;\">Emballage flexible pour quincaillerie et outils de travail<\/h2><\/div><div class=\"fusion-clearfix\"><\/div><div class=\"content-container\">\n<p>Emballage flexible pour pi\u00e8ces de plomberie, visserie, outils de travail, adh\u00e9sifs, kits de montage\u2026<\/p>\n<\/div><\/div><\/div><div style=\"--awb-backgroundcolor:#ffffff;\" class=\"fusion-column content-box-column content-box-column content-box-column-9 col-lg-4 col-md-4 col-sm-4 fusion-content-box-hover content-box-column-last content-box-column-last-in-row\"><div class=\"col content-box-wrapper content-wrapper-background link-area-box icon-hover-animation-fade\" data-animationOffset=\"top-into-view\"><div class=\"heading heading-with-icon icon-left\"><div aria-hidden=\"true\" class=\"image\"><img decoding=\"async\" src=\"https:\/\/www.pigmea.es\/wp-content\/uploads\/2018\/11\/o-09.png\" width=\"100\" height=\"100\" alt=\"\" \/><\/div><h2 class=\"content-box-heading fusion-responsive-typography-calculated\" style=\"--h2_typography-font-size:26px;--fontSize:26;line-height:1.4;\">Emballage pour produits phytopharmaceutiques<\/h2><\/div><div class=\"fusion-clearfix\"><\/div><div class=\"content-container\">\n<p>Emballage flexible pour engrais en format liquide ou solide, insecticides, fongicides, pesticides et produits pour le soin de cultures d\u2019ext\u00e9rieur, jardin ou serre\u2026<\/p>\n<\/div><\/div><\/div><div class=\"fusion-clearfix\"><\/div><\/div><div class=\"fusion-clearfix\"><\/div><\/div><\/div><\/div><\/div><div class=\"fusion-fullwidth fullwidth-box fusion-builder-row-4 nonhundred-percent-fullwidth non-hundred-percent-height-scrolling footer-cta\" style=\"--awb-border-radius-top-left:0px;--awb-border-radius-top-right:0px;--awb-border-radius-bottom-right:0px;--awb-border-radius-bottom-left:0px;--awb-padding-top:110px;--awb-padding-bottom:110px;--awb-flex-wrap:wrap;\" ><div class=\"fusion-builder-row fusion-row\"><div class=\"fusion-layout-column fusion_builder_column fusion-builder-column-3 fusion_builder_column_1_6 1_6 fusion-one-sixth fusion-column-first fusion-no-small-visibility\" style=\"--awb-bg-size:cover;width:13.3333%; margin-right: 4%;\"><div class=\"fusion-column-wrapper fusion-flex-column-wrapper-legacy\"><div class=\"fusion-clearfix\"><\/div><\/div><\/div><div class=\"fusion-layout-column fusion_builder_column fusion-builder-column-4 fusion_builder_column_2_3 2_3 fusion-two-third\" style=\"--awb-bg-size:cover;--awb-margin-top:3%;--awb-margin-bottom:3%;width:65.3333%; margin-right: 4%;\"><div class=\"fusion-column-wrapper fusion-flex-column-wrapper-legacy\"><div class=\"fusion-text fusion-text-2\"><h2 style=\"text-align: center; font-size: 72px;\">Contactez-nous<\/h2>\n<\/div><div class=\"fusion-text fusion-text-3\"><h4>Notre \u00e9quipe consultative vous guidera dans le but de tirer le meilleur rendement et productivit\u00e9 pour une impression flexographique pr\u00e9cise et minutieuse.<\/h4>\n<\/div><div class=\"fusion-sep-clear\"><\/div><div class=\"fusion-separator fusion-full-width-sep\" style=\"margin-left: auto;margin-right: auto;margin-top:20px;width:100%;\"><\/div><div class=\"fusion-sep-clear\"><\/div><div class=\"fusion-aligncenter\"><a class=\"fusion-button button-flat fusion-button-default-size button-default fusion-button-default button-1 fusion-button-default-span fusion-button-default-type\" target=\"_self\" href=\"\/fr\/contact\/\"><span class=\"fusion-button-text awb-button__text awb-button__text--default\">CONTACTEZ UN CONSEILLER<\/span><\/a><\/div><div class=\"fusion-sep-clear\"><\/div><div class=\"fusion-separator fusion-full-width-sep\" style=\"margin-left: auto;margin-right: auto;margin-top:80px;width:100%;\"><\/div><div class=\"fusion-sep-clear\"><\/div><div class=\"fusion-text fusion-text-4\"><h2 style=\"text-align: center; font-size: 72px;\">Souscrire \u00e0 notre Newsletter<\/h2>\n<\/div><div class=\"fusion-text fusion-text-5\"><h4>B\u00e9n\u00e9ficiez des remises personnalis\u00e9es et obtenez des badges gratuits pour les principaux salons et \u00e9v\u00e8nements du secteur.<\/h4>\n<\/div>                <div class=\"ml-form-embed\"\n                     data-account=\"3180802:s2l3i6z5n6\"\n                     data-form=\"4156129:h2s3o3\">\n                <\/div>\n            <div class=\"fusion-clearfix\"><\/div><\/div><\/div><div class=\"fusion-layout-column fusion_builder_column fusion-builder-column-5 fusion_builder_column_1_6 1_6 fusion-one-sixth fusion-column-last fusion-no-small-visibility\" style=\"--awb-bg-size:cover;width:13.3333%;\"><div class=\"fusion-column-wrapper fusion-flex-column-wrapper-legacy\"><div class=\"fusion-clearfix\"><\/div><\/div><\/div><\/div><\/div>\n<\/p>\n","protected":false},"excerpt":{"rendered":"","protected":false},"author":3,"featured_media":0,"parent":0,"menu_order":0,"comment_status":"closed","ping_status":"closed","template":"100-width.php","meta":{"_acf_changed":false,"footnotes":""},"class_list":["post-1796","page","type-page","status-publish","hentry"],"acf":[],"yoast_head":"<!-- This site is optimized with the Yoast SEO plugin v27.3 - https:\/\/yoast.com\/product\/yoast-seo-wordpress\/ -->\n<title>Autres secteurs - Pigmea<\/title>\n<meta name=\"robots\" content=\"index, follow, max-snippet:-1, max-image-preview:large, max-video-preview:-1\" \/>\n<link rel=\"canonical\" href=\"https:\/\/www.pigmea.es\/fr\/autres-secteurs\/\" \/>\n<meta property=\"og:locale\" content=\"fr_FR\" \/>\n<meta property=\"og:type\" content=\"article\" \/>\n<meta property=\"og:title\" content=\"Autres secteurs - Pigmea\" \/>\n<meta property=\"og:url\" content=\"https:\/\/www.pigmea.es\/fr\/autres-secteurs\/\" \/>\n<meta property=\"og:site_name\" content=\"Pigmea\" \/>\n<meta property=\"article:modified_time\" content=\"2022-02-01T08:24:39+00:00\" \/>\n<meta name=\"twitter:card\" content=\"summary_large_image\" \/>\n<meta name=\"twitter:label1\" content=\"Dur\u00e9e de lecture estim\u00e9e\" \/>\n\t<meta name=\"twitter:data1\" content=\"7 minutes\" \/>\n<script type=\"application\/ld+json\" class=\"yoast-schema-graph\">{\"@context\":\"https:\\\/\\\/schema.org\",\"@graph\":[{\"@type\":\"WebPage\",\"@id\":\"https:\\\/\\\/www.pigmea.es\\\/fr\\\/autres-secteurs\\\/\",\"url\":\"https:\\\/\\\/www.pigmea.es\\\/fr\\\/autres-secteurs\\\/\",\"name\":\"Autres secteurs - Pigmea\",\"isPartOf\":{\"@id\":\"https:\\\/\\\/www.pigmea.es\\\/fr\\\/#website\"},\"datePublished\":\"2018-05-06T16:50:58+00:00\",\"dateModified\":\"2022-02-01T08:24:39+00:00\",\"breadcrumb\":{\"@id\":\"https:\\\/\\\/www.pigmea.es\\\/fr\\\/autres-secteurs\\\/#breadcrumb\"},\"inLanguage\":\"fr-FR\",\"potentialAction\":[{\"@type\":\"ReadAction\",\"target\":[\"https:\\\/\\\/www.pigmea.es\\\/fr\\\/autres-secteurs\\\/\"]}]},{\"@type\":\"BreadcrumbList\",\"@id\":\"https:\\\/\\\/www.pigmea.es\\\/fr\\\/autres-secteurs\\\/#breadcrumb\",\"itemListElement\":[{\"@type\":\"ListItem\",\"position\":1,\"name\":\"Portada\",\"item\":\"https:\\\/\\\/www.pigmea.es\\\/fr\\\/\"},{\"@type\":\"ListItem\",\"position\":2,\"name\":\"Autres secteurs\"}]},{\"@type\":\"WebSite\",\"@id\":\"https:\\\/\\\/www.pigmea.es\\\/fr\\\/#website\",\"url\":\"https:\\\/\\\/www.pigmea.es\\\/fr\\\/\",\"name\":\"Pigmea\",\"description\":\"Impresi\u00f3n de films para envases flexibles\",\"potentialAction\":[{\"@type\":\"SearchAction\",\"target\":{\"@type\":\"EntryPoint\",\"urlTemplate\":\"https:\\\/\\\/www.pigmea.es\\\/fr\\\/?s={search_term_string}\"},\"query-input\":{\"@type\":\"PropertyValueSpecification\",\"valueRequired\":true,\"valueName\":\"search_term_string\"}}],\"inLanguage\":\"fr-FR\"}]}<\/script>\n<!-- \/ Yoast SEO plugin. -->","yoast_head_json":{"title":"Autres secteurs - Pigmea","robots":{"index":"index","follow":"follow","max-snippet":"max-snippet:-1","max-image-preview":"max-image-preview:large","max-video-preview":"max-video-preview:-1"},"canonical":"https:\/\/www.pigmea.es\/fr\/autres-secteurs\/","og_locale":"fr_FR","og_type":"article","og_title":"Autres secteurs - Pigmea","og_url":"https:\/\/www.pigmea.es\/fr\/autres-secteurs\/","og_site_name":"Pigmea","article_modified_time":"2022-02-01T08:24:39+00:00","twitter_card":"summary_large_image","twitter_misc":{"Dur\u00e9e de lecture estim\u00e9e":"7 minutes"},"schema":{"@context":"https:\/\/schema.org","@graph":[{"@type":"WebPage","@id":"https:\/\/www.pigmea.es\/fr\/autres-secteurs\/","url":"https:\/\/www.pigmea.es\/fr\/autres-secteurs\/","name":"Autres secteurs - Pigmea","isPartOf":{"@id":"https:\/\/www.pigmea.es\/fr\/#website"},"datePublished":"2018-05-06T16:50:58+00:00","dateModified":"2022-02-01T08:24:39+00:00","breadcrumb":{"@id":"https:\/\/www.pigmea.es\/fr\/autres-secteurs\/#breadcrumb"},"inLanguage":"fr-FR","potentialAction":[{"@type":"ReadAction","target":["https:\/\/www.pigmea.es\/fr\/autres-secteurs\/"]}]},{"@type":"BreadcrumbList","@id":"https:\/\/www.pigmea.es\/fr\/autres-secteurs\/#breadcrumb","itemListElement":[{"@type":"ListItem","position":1,"name":"Portada","item":"https:\/\/www.pigmea.es\/fr\/"},{"@type":"ListItem","position":2,"name":"Autres secteurs"}]},{"@type":"WebSite","@id":"https:\/\/www.pigmea.es\/fr\/#website","url":"https:\/\/www.pigmea.es\/fr\/","name":"Pigmea","description":"Impresi\u00f3n de films para envases flexibles","potentialAction":[{"@type":"SearchAction","target":{"@type":"EntryPoint","urlTemplate":"https:\/\/www.pigmea.es\/fr\/?s={search_term_string}"},"query-input":{"@type":"PropertyValueSpecification","valueRequired":true,"valueName":"search_term_string"}}],"inLanguage":"fr-FR"}]}},"_links":{"self":[{"href":"https:\/\/www.pigmea.es\/fr\/wp-json\/wp\/v2\/pages\/1796","targetHints":{"allow":["GET"]}}],"collection":[{"href":"https:\/\/www.pigmea.es\/fr\/wp-json\/wp\/v2\/pages"}],"about":[{"href":"https:\/\/www.pigmea.es\/fr\/wp-json\/wp\/v2\/types\/page"}],"author":[{"embeddable":true,"href":"https:\/\/www.pigmea.es\/fr\/wp-json\/wp\/v2\/users\/3"}],"replies":[{"embeddable":true,"href":"https:\/\/www.pigmea.es\/fr\/wp-json\/wp\/v2\/comments?post=1796"}],"version-history":[{"count":11,"href":"https:\/\/www.pigmea.es\/fr\/wp-json\/wp\/v2\/pages\/1796\/revisions"}],"predecessor-version":[{"id":3900,"href":"https:\/\/www.pigmea.es\/fr\/wp-json\/wp\/v2\/pages\/1796\/revisions\/3900"}],"wp:attachment":[{"href":"https:\/\/www.pigmea.es\/fr\/wp-json\/wp\/v2\/media?parent=1796"}],"curies":[{"name":"wp","href":"https:\/\/api.w.org\/{rel}","templated":true}]}}